{"id":32104,"date":"2025-02-20T22:33:57","date_gmt":"2025-02-20T22:33:57","guid":{"rendered":"http:\/\/olemosaic.com\/producto\/mug-xl-de-ceramica-valencia-blanco-13-cm\/"},"modified":"2025-07-25T20:24:21","modified_gmt":"2025-07-25T18:24:21","slug":"mug-xl-en-ceramique-valence-blanc-13-cm","status":"publish","type":"product","link":"https:\/\/olemosaic.com\/fr\/produit\/mug-xl-en-ceramique-valence-blanc-13-cm\/","title":{"rendered":"Mug XL en c\u00e9ramique. Valence. Blanc. 13 cm."},"content":{"rendered":"<p>Ce mug XL en c\u00e9ramique est un v\u00e9ritable hommage \u00e0 la vibrante ville de Valence. Son design color\u00e9 et plein de vie capture l&rsquo;essence de son architecture iconique. Avec une hauteur de 13 cm, ce mug au fond blanc brillant est orn\u00e9 de repr\u00e9sentations graphiques du magnifique b\u00e2timent de la Cit\u00e9 des Arts et des Sciences, qui se dresse majestueusement aux c\u00f4t\u00e9s d&rsquo;\u00e9l\u00e9ments visuels du patrimoine valencien. La d\u00e9coration inclut une mosa\u00efque dans des tons bleus et jaunes, \u00e9voquant les azulejos color\u00e9s caract\u00e9ristiques de la r\u00e9gion. L&rsquo;anse, avec sa forme distinctive, ajoute une touche singuli\u00e8re et cr\u00e9ative, faisant de chaque gorg\u00e9e une exp\u00e9rience visuelle et esth\u00e9tique.<\/p>\n<p>Le mug n&rsquo;est pas seulement id\u00e9al pour savourer vos boissons pr\u00e9f\u00e9r\u00e9es, c&rsquo;est aussi une pi\u00e8ce d&rsquo;art et de culture qui connecte l&rsquo;utilisateur \u00e0 l&rsquo;h\u00e9ritage architectural de Valence. Ce souvenir est parfait pour ceux qui recherchent un rappel authentique encapsulant l&rsquo;histoire et la tradition de l&rsquo;une des villes les plus embl\u00e9matiques d&rsquo;Espagne. Chez Ol\u00e9 Mosaic, nous distribuons des souvenirs en c\u00e9ramique de haute qualit\u00e9 qui mettent en valeur la richesse culturelle de leurs origines, ce qui fait de ce mug une excellente option pour les boutiques de cadeaux touristiques souhaitant proposer des produits exclusifs et repr\u00e9sentatifs. En tant que grossistes de mugs en c\u00e9ramique, nous garantissons l&rsquo;authenticit\u00e9 et le design de chaque pi\u00e8ce.<\/p>\n","protected":false},"excerpt":{"rendered":"<p>Mug XL en c\u00e9ramique de 13 cm, d\u00e9cor\u00e9 de repr\u00e9sentations architecturales iconiques de Valence. Ce design color\u00e9 pr\u00e9sente des d\u00e9tails du c\u00e9l\u00e8bre b\u00e2timent de la Cit\u00e9 des Arts et des Sciences, mis en valeur par un fond de mosa\u00efque dans des tons bleus et jaunes. La tasse, d&rsquo;un blanc brillant attrayant, poss\u00e8de une anse de forme particuli\u00e8re qui ajoute une touche originale. Parfaite pour savourer vos boissons pr\u00e9f\u00e9r\u00e9es tout en appr\u00e9ciant l&rsquo;art et la culture de Valence.<\/p>\n","protected":false},"featured_media":9879,"template":"","meta":{"_acf_changed":false},"product_brand":[],"product_cat":[728],"product_tag":[585],"class_list":{"0":"post-32104","1":"product","2":"type-product","3":"status-publish","4":"has-post-thumbnail","6":"product_cat-mugs","7":"product_tag-ceramique","8":"pa_ciudad-valencia","9":"pa_pais-espana","11":"first","12":"instock","13":"shipping-taxable","14":"product-type-simple"},"acf":[],"_links":{"self":[{"href":"https:\/\/olemosaic.com\/fr\/wp-json\/wp\/v2\/product\/32104","targetHints":{"allow":["GET"]}}],"collection":[{"href":"https:\/\/olemosaic.com\/fr\/wp-json\/wp\/v2\/product"}],"about":[{"href":"https:\/\/olemosaic.com\/fr\/wp-json\/wp\/v2\/types\/product"}],"wp:featuredmedia":[{"embeddable":true,"href":"https:\/\/olemosaic.com\/fr\/wp-json\/wp\/v2\/media\/9879"}],"wp:attachment":[{"href":"https:\/\/olemosaic.com\/fr\/wp-json\/wp\/v2\/media?parent=32104"}],"wp:term":[{"taxonomy":"product_brand","embeddable":true,"href":"https:\/\/olemosaic.com\/fr\/wp-json\/wp\/v2\/product_brand?post=32104"},{"taxonomy":"product_cat","embeddable":true,"href":"https:\/\/olemosaic.com\/fr\/wp-json\/wp\/v2\/product_cat?post=32104"},{"taxonomy":"product_tag","embeddable":true,"href":"https:\/\/olemosaic.com\/fr\/wp-json\/wp\/v2\/product_tag?post=32104"}],"curies":[{"name":"wp","href":"https:\/\/api.w.org\/{rel}","templated":true}]}}