{"id":32102,"date":"2025-02-20T22:33:57","date_gmt":"2025-02-20T22:33:57","guid":{"rendered":"http:\/\/olemosaic.com\/producto\/mug-xl-de-ceramica-caballito-de-mar-beige\/"},"modified":"2025-07-25T18:40:25","modified_gmt":"2025-07-25T16:40:25","slug":"mug-xl-en-ceramique-hippocampe-beige","status":"publish","type":"product","link":"https:\/\/olemosaic.com\/fr\/produit\/mug-xl-en-ceramique-hippocampe-beige\/","title":{"rendered":"Mug XL en c\u00e9ramique. Hippocampe. Beige."},"content":{"rendered":"<p>Ce mug XL en c\u00e9ramique, d\u00e9cor\u00e9 d&rsquo;hippocampes et de poissons vibrants, est un souvenir parfait qui capture l&rsquo;essence de la riche vie marine des c\u00f4tes espagnoles. Avec un fond beige qui rehausse la luminosit\u00e9 des illustrations, ce design artisanal est orn\u00e9 de mosa\u00efques color\u00e9es dans des tons rouges, bleus et verts, \u00e9voquant la fra\u00eecheur et le style m\u00e9diterran\u00e9en. Les hippocampes, m\u00e9ticuleusement peints, apportent une touche dynamique au mug, entour\u00e9s de poissons et de bulles qui semblent danser dans un oc\u00e9an calme. Ce mug est non seulement id\u00e9al pour savourer vos boissons pr\u00e9f\u00e9r\u00e9es, mais il ajoute \u00e9galement une charmante touche marine \u00e0 toute collection de souvenirs.<\/p>\n<p>La connexion culturelle de ce souvenir avec la r\u00e9gion c\u00f4ti\u00e8re de l&rsquo;Espagne est ind\u00e9niable, rappelant la beaut\u00e9 et la biodiversit\u00e9 de ses mers. Cette pi\u00e8ce repr\u00e9sente non seulement un objet pratique, mais aussi une c\u00e9l\u00e9bration de l&rsquo;artisanat local, un t\u00e9moignage du soin et du talent investis dans chaque cr\u00e9ation. Chez Ol\u00e9 Mosaic, nous nous consacrons \u00e0 la distribution de souvenirs en gros, et ce mug XL est une excellente option pour les boutiques de cadeaux touristiques qui cherchent \u00e0 offrir aux voyageurs un souvenir authentique et de qualit\u00e9. Avec son design unique et sa pertinence culturelle, ce mug est un souvenir id\u00e9al pour ceux qui souhaitent ramener chez eux un morceau de la mer espagnole.<\/p>\n","protected":false},"excerpt":{"rendered":"<p>Mug XL en c\u00e9ramique d\u00e9cor\u00e9 d&rsquo;hippocampes et de poissons vibrants, repr\u00e9sentant la riche vie marine des c\u00f4tes espagnoles. Ce design artisanal pr\u00e9sente un fond beige et des mosa\u00efques color\u00e9es dans des tons rouges, bleus et verts, \u00e9voquant un style m\u00e9diterran\u00e9en. Id\u00e9al pour ceux qui appr\u00e9cient l&rsquo;artisanat, cette tasse est parfaite pour savourer vos boissons pr\u00e9f\u00e9r\u00e9es et ajouter une touche marine \u00e0 votre collection.<\/p>\n","protected":false},"featured_media":7207,"template":"","meta":{"_acf_changed":false},"product_brand":[],"product_cat":[728],"product_tag":[530,585],"class_list":{"0":"post-32102","1":"product","2":"type-product","3":"status-publish","4":"has-post-thumbnail","6":"product_cat-mugs","7":"product_tag-animaux","8":"product_tag-ceramique","9":"pa_motivo-hippocampes","11":"first","12":"instock","13":"shipping-taxable","14":"product-type-simple"},"acf":[],"_links":{"self":[{"href":"https:\/\/olemosaic.com\/fr\/wp-json\/wp\/v2\/product\/32102","targetHints":{"allow":["GET"]}}],"collection":[{"href":"https:\/\/olemosaic.com\/fr\/wp-json\/wp\/v2\/product"}],"about":[{"href":"https:\/\/olemosaic.com\/fr\/wp-json\/wp\/v2\/types\/product"}],"wp:featuredmedia":[{"embeddable":true,"href":"https:\/\/olemosaic.com\/fr\/wp-json\/wp\/v2\/media\/7207"}],"wp:attachment":[{"href":"https:\/\/olemosaic.com\/fr\/wp-json\/wp\/v2\/media?parent=32102"}],"wp:term":[{"taxonomy":"product_brand","embeddable":true,"href":"https:\/\/olemosaic.com\/fr\/wp-json\/wp\/v2\/product_brand?post=32102"},{"taxonomy":"product_cat","embeddable":true,"href":"https:\/\/olemosaic.com\/fr\/wp-json\/wp\/v2\/product_cat?post=32102"},{"taxonomy":"product_tag","embeddable":true,"href":"https:\/\/olemosaic.com\/fr\/wp-json\/wp\/v2\/product_tag?post=32102"}],"curies":[{"name":"wp","href":"https:\/\/api.w.org\/{rel}","templated":true}]}}