{"id":32101,"date":"2025-02-20T22:33:57","date_gmt":"2025-02-20T22:33:57","guid":{"rendered":"http:\/\/olemosaic.com\/producto\/mug-xl-de-ceramica-salamandra-y-flores-blanco-13-cm\/"},"modified":"2025-07-25T20:19:11","modified_gmt":"2025-07-25T18:19:11","slug":"mug-xl-en-ceramique-salamandre-et-fleurs-blanc-13-cm","status":"publish","type":"product","link":"https:\/\/olemosaic.com\/fr\/produit\/mug-xl-en-ceramique-salamandre-et-fleurs-blanc-13-cm\/","title":{"rendered":"Mug XL en c\u00e9ramique. Salamandre et fleurs. Blanc. 13 cm."},"content":{"rendered":"<p>Ce mug XL en c\u00e9ramique, d\u00e9cor\u00e9 d&rsquo;une salamandre vibrante et de fleurs color\u00e9es, est un parfait exemple d&rsquo;artisanat et de folklore m\u00e9diterran\u00e9ens. Avec ses 13 cm de hauteur, son design attrayant se d\u00e9tache sur un fond blanc orn\u00e9 de mosa\u00efques multicolores qui \u00e9voquent la chaleur et le caract\u00e8re de la r\u00e9gion. La salamandre, repr\u00e9sent\u00e9e dans des tons rouges et orang\u00e9s, se d\u00e9ploie avec dynamisme sur le mug, symbolisant l&rsquo;\u00e9nergie et la vitalit\u00e9 de la culture locale. Autour d&rsquo;elle, des fleurs bleues et noires compl\u00e8tent la sc\u00e8ne, cr\u00e9ant un contraste visuel captivant qui attire le regard de tout amateur d&rsquo;art et de nature.<\/p>\n<p>Cet objet n&rsquo;est pas seulement fonctionnel, il sert \u00e9galement de rappel du patrimoine color\u00e9 de l&rsquo;Espagne, \u00e9voquant la tradition des mosa\u00efques si pr\u00e9sentes dans l&rsquo;architecture et l&rsquo;art de villes comme Barcelone. Savourer vos boissons pr\u00e9f\u00e9r\u00e9es dans ce mug, c&rsquo;est emporter avec vous un morceau de la riche histoire culturelle de la M\u00e9diterran\u00e9e. Chez Ol\u00e9 Mosaic, nous nous sp\u00e9cialisons dans l&rsquo;offre de souvenirs authentiques qui capturent l&rsquo;essence de chaque r\u00e9gion, et ce mug est une excellente option pour les boutiques de cadeaux touristiques \u00e0 la recherche d&rsquo;articles distinctifs et significatifs. Id\u00e9al pour ceux qui recherchent des souvenirs en c\u00e9ramique uniques, ce mug allie design, fonctionnalit\u00e9 et tradition, ce qui en fait une proposition irr\u00e9sistible pour les visiteurs de la r\u00e9gion.<\/p>\n","protected":false},"excerpt":{"rendered":"<p>Tasse XL en c\u00e9ramique d\u00e9cor\u00e9e d&rsquo;une salamandre vibrante et de fleurs color\u00e9es. D&rsquo;une hauteur de 13 cm, cette tasse offre un design attrayant sur un fond blanc orn\u00e9 de mosa\u00efques multicolores. La salamandre, aux tons rouge\u00e2tres et orang\u00e9s, contraste avec les fleurs bleues et noires, cr\u00e9ant une sc\u00e8ne frappante qui \u00e9voque le folklore et la culture m\u00e9diterran\u00e9enne. Id\u00e9al pour savourer vos boissons pr\u00e9f\u00e9r\u00e9es tout en ajoutant une touche artistique \u00e0 votre int\u00e9rieur.<\/p>\n","protected":false},"featured_media":8908,"template":"","meta":{"_acf_changed":false},"product_brand":[],"product_cat":[728],"product_tag":[530,585],"class_list":{"0":"post-32101","1":"product","2":"type-product","3":"status-publish","4":"has-post-thumbnail","6":"product_cat-mugs","7":"product_tag-animaux","8":"product_tag-ceramique","9":"pa_motivo-salamandres","11":"first","12":"instock","13":"shipping-taxable","14":"product-type-simple"},"acf":[],"_links":{"self":[{"href":"https:\/\/olemosaic.com\/fr\/wp-json\/wp\/v2\/product\/32101","targetHints":{"allow":["GET"]}}],"collection":[{"href":"https:\/\/olemosaic.com\/fr\/wp-json\/wp\/v2\/product"}],"about":[{"href":"https:\/\/olemosaic.com\/fr\/wp-json\/wp\/v2\/types\/product"}],"wp:featuredmedia":[{"embeddable":true,"href":"https:\/\/olemosaic.com\/fr\/wp-json\/wp\/v2\/media\/8908"}],"wp:attachment":[{"href":"https:\/\/olemosaic.com\/fr\/wp-json\/wp\/v2\/media?parent=32101"}],"wp:term":[{"taxonomy":"product_brand","embeddable":true,"href":"https:\/\/olemosaic.com\/fr\/wp-json\/wp\/v2\/product_brand?post=32101"},{"taxonomy":"product_cat","embeddable":true,"href":"https:\/\/olemosaic.com\/fr\/wp-json\/wp\/v2\/product_cat?post=32101"},{"taxonomy":"product_tag","embeddable":true,"href":"https:\/\/olemosaic.com\/fr\/wp-json\/wp\/v2\/product_tag?post=32101"}],"curies":[{"name":"wp","href":"https:\/\/api.w.org\/{rel}","templated":true}]}}