{"id":32099,"date":"2025-02-20T23:33:56","date_gmt":"2025-02-20T22:33:56","guid":{"rendered":"http:\/\/olemosaic.com\/producto\/mug-xl-de-ceramica-barcelona-azul-13-cm\/"},"modified":"2025-07-25T20:16:31","modified_gmt":"2025-07-25T18:16:31","slug":"mug-xl-en-ceramique-barcelone-bleu-13-cm","status":"publish","type":"product","link":"https:\/\/olemosaic.com\/fr\/produit\/mug-xl-en-ceramique-barcelone-bleu-13-cm\/","title":{"rendered":"Mug XL en c\u00e9ramique. Barcelone. Bleu. 13 cm."},"content":{"rendered":"<p>Ce mug XL en c\u00e9ramique d\u00e9cor\u00e9e est un v\u00e9ritable bijou qui capture l&rsquo;essence vibrante de Barcelone. Avec 13 cm de hauteur, ce bol se distingue par son design spectaculaire, qui combine la merveille architecturale de la Sagrada Familia et la c\u00e9l\u00e8bre mosa\u00efque du Park G\u00fcell. La repr\u00e9sentation de ces lieux embl\u00e9matiques est pr\u00e9sent\u00e9e dans un style \u00e9voquant le trencad\u00eds, une technique typique du modernisme catalan qui transforme l&rsquo;ordinaire en extraordinaire. Les couleurs \u00e9clatantes bleu, rouge et vert s&rsquo;entrelacent sur la surface blanche du mug, cr\u00e9ant un contraste saisissant qui captive le regard. La base blanche rehausse encore l&rsquo;intensit\u00e9 des couleurs, faisant de chaque gorg\u00e9e un petit voyage dans cette ville iconique.<\/p>\n<p>Ce mug XL n&rsquo;est pas seulement un objet fonctionnel pour la cuisine, mais un authentique souvenir de Barcelone qui repr\u00e9sente le patrimoine culturel de la ville, id\u00e9al pour ceux qui cherchent \u00e0 emporter un morceau de sa magie. Chez Ol\u00e9 Mosaic, nous nous sp\u00e9cialisons dans la distribution de souvenirs en gros, et ce mug est une excellente option pour les boutiques de cadeaux touristiques souhaitant proposer des produits de qualit\u00e9 et de pertinence culturelle. Un cadeau parfait pour les touristes cherchant \u00e0 se souvenir de leur visite \u00e0 Barcelone \u00e0 travers un article authentique et d\u00e9coratif.<\/p>\n","protected":false},"excerpt":{"rendered":"<p>Mug XL en c\u00e9ramique d\u00e9cor\u00e9e avec une repr\u00e9sentation color\u00e9e de lieux embl\u00e9matiques de Barcelone. D&rsquo;une hauteur de 13 cm, cette tasse originale affiche un design vibrant incluant des \u00e9l\u00e9ments iconiques comme la Sagrada Familia et la c\u00e9l\u00e8bre mosa\u00efque du Park G\u00fcell, le tout dans un style rappelant le trencad\u00eds. Sa base blanche rehausse les couleurs \u00e9clatantes bleu, rouge et vert, en faisant un souvenir parfait pour se rappeler l&rsquo;essence de la ville.<\/p>\n","protected":false},"featured_media":12093,"template":"","meta":{"_acf_changed":false},"product_brand":[],"product_cat":[728],"product_tag":[585],"class_list":{"0":"post-32099","1":"product","2":"type-product","3":"status-publish","4":"has-post-thumbnail","6":"product_cat-mugs","7":"product_tag-ceramique","8":"pa_ciudad-barcelona","9":"pa_pais-espana","11":"first","12":"instock","13":"shipping-taxable","14":"product-type-simple"},"acf":[],"_links":{"self":[{"href":"https:\/\/olemosaic.com\/fr\/wp-json\/wp\/v2\/product\/32099","targetHints":{"allow":["GET"]}}],"collection":[{"href":"https:\/\/olemosaic.com\/fr\/wp-json\/wp\/v2\/product"}],"about":[{"href":"https:\/\/olemosaic.com\/fr\/wp-json\/wp\/v2\/types\/product"}],"wp:featuredmedia":[{"embeddable":true,"href":"https:\/\/olemosaic.com\/fr\/wp-json\/wp\/v2\/media\/12093"}],"wp:attachment":[{"href":"https:\/\/olemosaic.com\/fr\/wp-json\/wp\/v2\/media?parent=32099"}],"wp:term":[{"taxonomy":"product_brand","embeddable":true,"href":"https:\/\/olemosaic.com\/fr\/wp-json\/wp\/v2\/product_brand?post=32099"},{"taxonomy":"product_cat","embeddable":true,"href":"https:\/\/olemosaic.com\/fr\/wp-json\/wp\/v2\/product_cat?post=32099"},{"taxonomy":"product_tag","embeddable":true,"href":"https:\/\/olemosaic.com\/fr\/wp-json\/wp\/v2\/product_tag?post=32099"}],"curies":[{"name":"wp","href":"https:\/\/api.w.org\/{rel}","templated":true}]}}