{"id":32097,"date":"2025-02-20T22:33:56","date_gmt":"2025-02-20T22:33:56","guid":{"rendered":"http:\/\/olemosaic.com\/producto\/mug-xl-de-ceramica-panoramica-sevilla-beige\/"},"modified":"2025-07-25T18:35:53","modified_gmt":"2025-07-25T16:35:53","slug":"mug-xl-en-ceramique-panoramique-seville-beige","status":"publish","type":"product","link":"https:\/\/olemosaic.com\/fr\/produit\/mug-xl-en-ceramique-panoramique-seville-beige\/","title":{"rendered":"Mug XL en c\u00e9ramique. Panoramique. S\u00e9ville. Beige."},"content":{"rendered":"<p>Ce mug XL en c\u00e9ramique, avec une vue panoramique color\u00e9e de S\u00e9ville, est un v\u00e9ritable hommage \u00e0 la beaut\u00e9 architecturale de cette ville embl\u00e9matique d&rsquo;Andalousie. Pr\u00e9sent\u00e9 dans un ton beige \u00e9l\u00e9gant, son design vibrant se distingue par l&rsquo;inclusion de mosa\u00efques repr\u00e9sentant la c\u00e9l\u00e8bre Giralda et d&rsquo;autres monuments embl\u00e9matiques de S\u00e9ville, entour\u00e9s d&rsquo;\u00e9l\u00e9ments d\u00e9coratifs tels que des plantes grimpantes \u00e9voquant la v\u00e9g\u00e9tation luxuriante de la r\u00e9gion. L&rsquo;int\u00e9rieur du mug, d&rsquo;un rouge intense, cr\u00e9e un contraste attrayant qui fait ressortir davantage les d\u00e9tails ext\u00e9rieurs. Ce mug n&rsquo;est pas seulement parfait pour savourer vos boissons pr\u00e9f\u00e9r\u00e9es, il agit \u00e9galement comme un \u00e9l\u00e9ment d\u00e9coratif sophistiqu\u00e9 qui apporte un morceau de la culture s\u00e9villane dans votre foyer. En tant que souvenir typique, il capture l&rsquo;essence de S\u00e9ville et est id\u00e9al pour les touristes \u00e0 la recherche d&rsquo;un souvenir authentique et repr\u00e9sentatif de leur visite. Chez Ol\u00e9 Mosaic, nous nous sp\u00e9cialisons dans la distribution de souvenirs en gros, et ce mug est une excellente option pour les boutiques de cadeaux touristiques souhaitant proposer des produits refl\u00e9tant la richesse et l&rsquo;authenticit\u00e9 du patrimoine espagnol. Avec lui, chaque gorg\u00e9e sera un voyage imm\u00e9diat vers les magnifiques places et monuments de S\u00e9ville.<\/p>\n","protected":false},"excerpt":{"rendered":"<p>Tasse XL en c\u00e9ramique avec une vue panoramique color\u00e9e de S\u00e9ville, pr\u00e9sent\u00e9e dans un ton beige \u00e9l\u00e9gant. Cette tasse se distingue par son design vibrant, incluant des mosa\u00efques de la c\u00e9l\u00e8bre Giralda et d&rsquo;autres monuments embl\u00e9matiques, entour\u00e9s d&rsquo;\u00e9l\u00e9ments d\u00e9coratifs comme des plantes grimpantes. L&rsquo;int\u00e9rieur, d&rsquo;un rouge intense, apporte un contraste attrayant. Id\u00e9ale pour savourer vos boissons et apporter un morceau de la culture s\u00e9villane dans votre foyer.<\/p>\n","protected":false},"featured_media":9486,"template":"","meta":{"_acf_changed":false},"product_brand":[],"product_cat":[728],"product_tag":[585],"class_list":{"0":"post-32097","1":"product","2":"type-product","3":"status-publish","4":"has-post-thumbnail","6":"product_cat-mugs","7":"product_tag-ceramique","8":"pa_ciudad-sevilla","9":"pa_motivo-panoramas","10":"pa_pais-espana","12":"first","13":"instock","14":"shipping-taxable","15":"product-type-simple"},"acf":[],"_links":{"self":[{"href":"https:\/\/olemosaic.com\/fr\/wp-json\/wp\/v2\/product\/32097","targetHints":{"allow":["GET"]}}],"collection":[{"href":"https:\/\/olemosaic.com\/fr\/wp-json\/wp\/v2\/product"}],"about":[{"href":"https:\/\/olemosaic.com\/fr\/wp-json\/wp\/v2\/types\/product"}],"wp:featuredmedia":[{"embeddable":true,"href":"https:\/\/olemosaic.com\/fr\/wp-json\/wp\/v2\/media\/9486"}],"wp:attachment":[{"href":"https:\/\/olemosaic.com\/fr\/wp-json\/wp\/v2\/media?parent=32097"}],"wp:term":[{"taxonomy":"product_brand","embeddable":true,"href":"https:\/\/olemosaic.com\/fr\/wp-json\/wp\/v2\/product_brand?post=32097"},{"taxonomy":"product_cat","embeddable":true,"href":"https:\/\/olemosaic.com\/fr\/wp-json\/wp\/v2\/product_cat?post=32097"},{"taxonomy":"product_tag","embeddable":true,"href":"https:\/\/olemosaic.com\/fr\/wp-json\/wp\/v2\/product_tag?post=32097"}],"curies":[{"name":"wp","href":"https:\/\/api.w.org\/{rel}","templated":true}]}}