{"id":32089,"date":"2025-02-20T22:33:56","date_gmt":"2025-02-20T22:33:56","guid":{"rendered":"http:\/\/olemosaic.com\/producto\/mug-xl-de-ceramica-toro-beige\/"},"modified":"2025-07-25T19:04:37","modified_gmt":"2025-07-25T17:04:37","slug":"mug-xl-en-ceramique-taureau-beige","status":"publish","type":"product","link":"https:\/\/olemosaic.com\/fr\/produit\/mug-xl-en-ceramique-taureau-beige\/","title":{"rendered":"Mug XL en c\u00e9ramique. Taureau. Beige."},"content":{"rendered":"<p>Ce mug XL en c\u00e9ramique au design de taureau est une expression vibrante de la richesse culturelle espagnole. Avec une mosa\u00efque attrayante, le r\u00e9cipient pr\u00e9sente une repr\u00e9sentation color\u00e9e de deux taureaux, o\u00f9 des teintes vibrantes de bleu, rouge, vert et jaune ressortent sur un fond blanc brillant. Le design capture l&rsquo;essence du symbole national espagnol, insufflant vie et passion \u00e0 chaque gorg\u00e9e de votre boisson pr\u00e9f\u00e9r\u00e9e. La partie sup\u00e9rieure, d&rsquo;un \u00e9l\u00e9gant coloris beige, compl\u00e8te l&rsquo;esth\u00e9tique g\u00e9n\u00e9rale du mug, tandis que le texte \u00ab\u00a0ESPA\u00d1A\u00a0\u00bb ressort dans des tons vert et rouge, ajoutant un d\u00e9tail qui renforce sa connexion avec l&rsquo;identit\u00e9 nationale.<\/p>\n<p>Ce mug n&rsquo;est pas seulement un accessoire utile pour la maison, mais il agit \u00e9galement comme un souvenir frappant de l&rsquo;Espagne, id\u00e9al pour ceux qui recherchent un souvenir authentique et repr\u00e9sentatif. La figure du taureau \u00e9voque des traditions culturelles, des l\u00e2chers de taureaux de Pampelune aux corridas, symbolisant le courage et la force. Chez Ol\u00e9 Mosaic, nous sommes sp\u00e9cialistes de la distribution de souvenirs en gros, offrant des produits authentiques qui capturent l&rsquo;essence de la culture espagnole. Ce mug XL est une excellente option pour les boutiques de cadeaux touristiques souhaitant proposer des articles uniques et significatifs, garantissant authenticit\u00e9 et qualit\u00e9 dans chaque souvenir.<\/p>\n","protected":false},"excerpt":{"rendered":"<p>Mug XL en c\u00e9ramique au design de taureau, un symbole de la culture espagnole. Cette tasse attrayante pr\u00e9sente une mosa\u00efque color\u00e9e avec deux taureaux dans des tons vibrants de bleu, rouge, vert et jaune, qui ressortent sur un fond blanc. La partie sup\u00e9rieure, de couleur beige, ajoute une touche \u00e9l\u00e9gante, tandis que le texte \u00ab\u00a0ESPA\u00d1A\u00a0\u00bb en vert et rouge compl\u00e8te le design. Id\u00e9al pour savourer votre boisson pr\u00e9f\u00e9r\u00e9e et comme souvenir frappant de l&rsquo;Espagne.<\/p>\n","protected":false},"featured_media":7685,"template":"","meta":{"_acf_changed":false},"product_brand":[],"product_cat":[728],"product_tag":[530,585],"class_list":{"0":"post-32089","1":"product","2":"type-product","3":"status-publish","4":"has-post-thumbnail","6":"product_cat-mugs","7":"product_tag-animaux","8":"product_tag-ceramique","9":"pa_motivo-taureaux","11":"first","12":"instock","13":"shipping-taxable","14":"product-type-simple"},"acf":[],"_links":{"self":[{"href":"https:\/\/olemosaic.com\/fr\/wp-json\/wp\/v2\/product\/32089","targetHints":{"allow":["GET"]}}],"collection":[{"href":"https:\/\/olemosaic.com\/fr\/wp-json\/wp\/v2\/product"}],"about":[{"href":"https:\/\/olemosaic.com\/fr\/wp-json\/wp\/v2\/types\/product"}],"wp:featuredmedia":[{"embeddable":true,"href":"https:\/\/olemosaic.com\/fr\/wp-json\/wp\/v2\/media\/7685"}],"wp:attachment":[{"href":"https:\/\/olemosaic.com\/fr\/wp-json\/wp\/v2\/media?parent=32089"}],"wp:term":[{"taxonomy":"product_brand","embeddable":true,"href":"https:\/\/olemosaic.com\/fr\/wp-json\/wp\/v2\/product_brand?post=32089"},{"taxonomy":"product_cat","embeddable":true,"href":"https:\/\/olemosaic.com\/fr\/wp-json\/wp\/v2\/product_cat?post=32089"},{"taxonomy":"product_tag","embeddable":true,"href":"https:\/\/olemosaic.com\/fr\/wp-json\/wp\/v2\/product_tag?post=32089"}],"curies":[{"name":"wp","href":"https:\/\/api.w.org\/{rel}","templated":true}]}}