{"id":32088,"date":"2025-02-20T23:33:55","date_gmt":"2025-02-20T22:33:55","guid":{"rendered":"http:\/\/olemosaic.com\/producto\/mug-de-ceramica-toro-sevilla-beige\/"},"modified":"2025-07-25T18:41:07","modified_gmt":"2025-07-25T16:41:07","slug":"mug-en-ceramique-taureau-seville-beige","status":"publish","type":"product","link":"https:\/\/olemosaic.com\/fr\/produit\/mug-en-ceramique-taureau-seville-beige\/","title":{"rendered":"Mug en c\u00e9ramique. Taureau. S\u00e9ville. Beige."},"content":{"rendered":"<p>Ce mug en c\u00e9ramique, au design vibrant d&rsquo;un taureau, est un v\u00e9ritable hommage \u00e0 la riche culture s\u00e9villane et \u00e0 ses traditions. Avec une finition beige, la pi\u00e8ce se distingue par son illustration color\u00e9e, qui combine des formes g\u00e9om\u00e9triques dans des tons vifs tels que le vert, le bleu et le rouge, \u00e9voquant l&rsquo;artisanat de la mosa\u00efque typique de la r\u00e9gion. La figure du taureau, symbole de bravoure et de f\u00eate, se dresse majestueusement, envelopp\u00e9e dans un environnement artistique qui ajoute une touche contemporaine et joyeuse. Le mot \u00ab\u00a0Sevilla\u00a0\u00bb, imprim\u00e9 en lettres amusantes et color\u00e9es, compl\u00e8te la composition, faisant de ce mug un souvenir inoubliable.<\/p>\n<p>Id\u00e9al pour ceux qui recherchent des souvenirs de S\u00e9ville qui ne soient pas seulement fonctionnels, mais qui racontent aussi l&rsquo;histoire culturelle de l&rsquo;Andalousie. Ce mug permet de savourer son caf\u00e9 ou son infusion pr\u00e9f\u00e9r\u00e9e tout en \u00e9voquant la passion et l&rsquo;\u00e9nergie de ses foires et traditions. Chez Ol\u00e9 Mosaic, notre engagement est d&rsquo;offrir des produits authentiques qui mettent en valeur l&rsquo;identit\u00e9 culturelle espagnole. Ce mug taureau est une excellente option pour les boutiques de cadeaux touristiques souhaitant proposer des articles uniques et repr\u00e9sentatifs. En tant que grossistes en c\u00e9ramique, nous garantissons la qualit\u00e9 et l&rsquo;originalit\u00e9 de chacune de nos pi\u00e8ces, assurant que chaque souvenir acqui\u00e8re une signification particuli\u00e8re.<\/p>\n","protected":false},"excerpt":{"rendered":"<p>Tasse en c\u00e9ramique au design vibrant d&rsquo;un taureau, symbole de la culture s\u00e9villane. Cette pi\u00e8ce, avec une finition beige et des d\u00e9tails rouges, se distingue par son illustration color\u00e9e, combinant des formes g\u00e9om\u00e9triques dans des tons vifs comme le vert, le bleu et le rouge, \u00e9voquant l&rsquo;art de la mosa\u00efque. Le mot \u00ab\u00a0Sevilla\u00a0\u00bb en lettres joyeuses ajoute une touche distinctive, faisant de cette tasse l&rsquo;option parfaite pour se souvenir de l&rsquo;essence de l&rsquo;Andalousie \u00e0 chaque gorg\u00e9e.<\/p>\n","protected":false},"featured_media":6455,"template":"","meta":{"_acf_changed":false},"product_brand":[],"product_cat":[728],"product_tag":[530,585],"class_list":{"0":"post-32088","1":"product","2":"type-product","3":"status-publish","4":"has-post-thumbnail","6":"product_cat-mugs","7":"product_tag-animaux","8":"product_tag-ceramique","9":"pa_ciudad-sevilla","10":"pa_motivo-taureaux","11":"pa_pais-espana","13":"first","14":"instock","15":"shipping-taxable","16":"product-type-simple"},"acf":[],"_links":{"self":[{"href":"https:\/\/olemosaic.com\/fr\/wp-json\/wp\/v2\/product\/32088","targetHints":{"allow":["GET"]}}],"collection":[{"href":"https:\/\/olemosaic.com\/fr\/wp-json\/wp\/v2\/product"}],"about":[{"href":"https:\/\/olemosaic.com\/fr\/wp-json\/wp\/v2\/types\/product"}],"wp:featuredmedia":[{"embeddable":true,"href":"https:\/\/olemosaic.com\/fr\/wp-json\/wp\/v2\/media\/6455"}],"wp:attachment":[{"href":"https:\/\/olemosaic.com\/fr\/wp-json\/wp\/v2\/media?parent=32088"}],"wp:term":[{"taxonomy":"product_brand","embeddable":true,"href":"https:\/\/olemosaic.com\/fr\/wp-json\/wp\/v2\/product_brand?post=32088"},{"taxonomy":"product_cat","embeddable":true,"href":"https:\/\/olemosaic.com\/fr\/wp-json\/wp\/v2\/product_cat?post=32088"},{"taxonomy":"product_tag","embeddable":true,"href":"https:\/\/olemosaic.com\/fr\/wp-json\/wp\/v2\/product_tag?post=32088"}],"curies":[{"name":"wp","href":"https:\/\/api.w.org\/{rel}","templated":true}]}}