{"id":32087,"date":"2025-02-20T23:33:55","date_gmt":"2025-02-20T22:33:55","guid":{"rendered":"http:\/\/olemosaic.com\/producto\/mug-de-ceramica-bailaora-beige-2\/"},"modified":"2025-07-25T19:10:45","modified_gmt":"2025-07-25T17:10:45","slug":"mug-en-ceramique-danseuse-flamenco-beige-espagne","status":"publish","type":"product","link":"https:\/\/olemosaic.com\/fr\/produit\/mug-en-ceramique-danseuse-flamenco-beige-espagne\/","title":{"rendered":"Mug en c\u00e9ramique. Danseuse de flamenco. Beige. Espagne."},"content":{"rendered":"<p>Ce mug en c\u00e9ramique peint \u00e0 la main est une ode \u00e0 la vibrante culture espagnole, mettant en avant une charmante repr\u00e9sentation d&rsquo;une danseuse de flamenco qui \u00e9voque la passion et l&rsquo;art du flamenco. Sur un fond d&rsquo;un ton beige chaleureux, la tasse pr\u00e9sente un design captivant dans les tons rouges et bleus, montrant la danseuse avec une \u00e9l\u00e9gante robe multicolore qui semble flotter avec gr\u00e2ce. Ses mouvements prennent vie gr\u00e2ce aux d\u00e9tails complexes et aux motifs floraux color\u00e9s qui symbolisent l&rsquo;esprit festif de l&rsquo;Espagne.<\/p>\n<p>La d\u00e9coration inclut le mot \u00ab\u00a0ESPA\u00d1A\u00a0\u00bb, orn\u00e9 de bouquets de fleurs rouges, ce qui ajoute une touche suppl\u00e9mentaire d&rsquo;authenticit\u00e9 et de connexion culturelle. Ce mug est non seulement fonctionnel pour savourer vos boissons pr\u00e9f\u00e9r\u00e9es, mais c&rsquo;est aussi un souvenir impressionnant qui capture l&rsquo;essence de la famille, du folklore et de la tradition espagnole. Son design unique en fait un cadeau parfait pour ceux qui cherchent \u00e0 ramener un petit bout d&rsquo;Espagne chez eux.<\/p>\n<p>Chez Ol\u00e9 Mosaic, nous distribuons des souvenirs authentiques, comme ce mug en c\u00e9ramique, qui refl\u00e8tent la richesse culturelle de l&rsquo;Espagne, id\u00e9aux pour les boutiques de cadeaux touristiques cherchant \u00e0 capter l&rsquo;attention de leurs clients. Ce mug de danseuse est une excellente option pour ceux qui souhaitent proposer des produits alliant art et fonctionnalit\u00e9 en un seul objet.<\/p>\n","protected":false},"excerpt":{"rendered":"<p>Mug en c\u00e9ramique au design artisanal, peint \u00e0 la main, inspir\u00e9 de la culture espagnole, avec une repr\u00e9sentation vibrante d&rsquo;une danseuse de flamenco. Cette tasse, dans les tons beige et rouge, pr\u00e9sente des d\u00e9tails color\u00e9s du costume de flamenco, ainsi que les embl\u00e9matiques fleurs rouges, \u00e9voquant l&rsquo;essence de la danse et du folklore espagnol. Orn\u00e9 du mot \u00ab\u00a0ESPA\u00d1A\u00a0\u00bb, ce mug allie art et fonctionnalit\u00e9, id\u00e9al pour les amoureux de la tradition et de la culture.<\/p>\n","protected":false},"featured_media":6861,"template":"","meta":{"_acf_changed":false},"product_brand":[],"product_cat":[728],"product_tag":[585],"class_list":{"0":"post-32087","1":"product","2":"type-product","3":"status-publish","4":"has-post-thumbnail","6":"product_cat-mugs","7":"product_tag-ceramique","8":"pa_motivo-danseurs","10":"first","11":"instock","12":"shipping-taxable","13":"product-type-simple"},"acf":[],"_links":{"self":[{"href":"https:\/\/olemosaic.com\/fr\/wp-json\/wp\/v2\/product\/32087","targetHints":{"allow":["GET"]}}],"collection":[{"href":"https:\/\/olemosaic.com\/fr\/wp-json\/wp\/v2\/product"}],"about":[{"href":"https:\/\/olemosaic.com\/fr\/wp-json\/wp\/v2\/types\/product"}],"wp:featuredmedia":[{"embeddable":true,"href":"https:\/\/olemosaic.com\/fr\/wp-json\/wp\/v2\/media\/6861"}],"wp:attachment":[{"href":"https:\/\/olemosaic.com\/fr\/wp-json\/wp\/v2\/media?parent=32087"}],"wp:term":[{"taxonomy":"product_brand","embeddable":true,"href":"https:\/\/olemosaic.com\/fr\/wp-json\/wp\/v2\/product_brand?post=32087"},{"taxonomy":"product_cat","embeddable":true,"href":"https:\/\/olemosaic.com\/fr\/wp-json\/wp\/v2\/product_cat?post=32087"},{"taxonomy":"product_tag","embeddable":true,"href":"https:\/\/olemosaic.com\/fr\/wp-json\/wp\/v2\/product_tag?post=32087"}],"curies":[{"name":"wp","href":"https:\/\/api.w.org\/{rel}","templated":true}]}}