{"id":32086,"date":"2025-02-20T23:33:55","date_gmt":"2025-02-20T22:33:55","guid":{"rendered":"http:\/\/olemosaic.com\/producto\/mug-de-ceramica-madrid-blanco-95-cm\/"},"modified":"2025-07-25T18:58:36","modified_gmt":"2025-07-25T16:58:36","slug":"mug-en-ceramique-madrid-blanc-9-5-cm","status":"publish","type":"product","link":"https:\/\/olemosaic.com\/fr\/produit\/mug-en-ceramique-madrid-blanc-9-5-cm\/","title":{"rendered":"Mug en c\u00e9ramique. Madrid. Blanc. 9,5 cm."},"content":{"rendered":"<p>Ce mug en c\u00e9ramique est une repr\u00e9sentation vibrante de l&rsquo;essence de Madrid, id\u00e9al pour ceux qui souhaitent emporter un morceau de la capitale espagnole. D&rsquo;une hauteur de 9,5 cm, son design exclusif affiche une mosa\u00efque color\u00e9e comprenant des \u00e9l\u00e9ments embl\u00e9matiques tels que la c\u00e9l\u00e8bre Puerta de Alcal\u00e1, ainsi que des d\u00e9tails du folklore madril\u00e8ne, le tout encadr\u00e9 par un fond blanc qui souligne la vivacit\u00e9 des couleurs. L&rsquo;anse du mug pr\u00e9sente une forme cr\u00e9ative, qui non seulement augmente sa fonctionnalit\u00e9, mais en fait \u00e9galement un charmant objet d\u00e9coratif qui attire l&rsquo;attention au premier regard.<\/p>\n<p>Le nom \u00ab\u00a0MADRID\u00a0\u00bb se d\u00e9tache en lettres joyeuses, accompagn\u00e9 d&rsquo;un symbole du m\u00e9tro qui place instantan\u00e9ment l&rsquo;observateur au c\u0153ur de la ville, faisant de ce mug un souvenir parfait pour les touristes. Ce produit n&rsquo;est pas seulement un accessoire utile pour d\u00e9guster une boisson chaude, mais aussi un souvenir authentique de la riche culture et de la vie urbaine vibrante de Madrid.<\/p>\n<p>Ol\u00e9 Mosaic est fier de proposer ce type de souvenirs de haute qualit\u00e9 qui refl\u00e8tent l&rsquo;identit\u00e9 culturelle de l&rsquo;Espagne. Ce mug, faisant partie de notre collection de souvenirs de Madrid, est un excellent choix pour les boutiques de cadeaux touristiques qui cherchent \u00e0 offrir \u00e0 leurs clients des produits authentiques et m\u00e9morables. En tant que distributeurs de souvenirs en gros, nous garantissons la disponibilit\u00e9 de ce mug en c\u00e9ramique qui capture l&rsquo;essence du mode de vie madril\u00e8ne.<\/p>\n","protected":false},"excerpt":{"rendered":"<p>Tasse en c\u00e9ramique au design vibrant repr\u00e9sentant des sc\u00e8nes embl\u00e9matiques de Madrid. D&rsquo;une hauteur de 9,5 cm, elle pr\u00e9sente une mosa\u00efque color\u00e9e incluant la c\u00e9l\u00e8bre Puerta de Alcal\u00e1 et des d\u00e9tails du folklore madril\u00e8ne, le tout sur un fond blanc. L&rsquo;anse a une forme cr\u00e9ative qui rehausse l&rsquo;esth\u00e9tique du produit. Le nom \u00ab\u00a0MADRID\u00a0\u00bb ressort en lettres joyeuses, \u00e0 c\u00f4t\u00e9 d&rsquo;une ic\u00f4ne du m\u00e9tro, en faisant un souvenir parfait pour les amoureux de la capitale espagnole.<\/p>\n","protected":false},"featured_media":9946,"template":"","meta":{"_acf_changed":false},"product_brand":[],"product_cat":[728],"product_tag":[585],"class_list":{"0":"post-32086","1":"product","2":"type-product","3":"status-publish","4":"has-post-thumbnail","6":"product_cat-mugs","7":"product_tag-ceramique","8":"pa_ciudad-madrid","9":"pa_pais-espana","11":"first","12":"instock","13":"shipping-taxable","14":"product-type-simple"},"acf":[],"_links":{"self":[{"href":"https:\/\/olemosaic.com\/fr\/wp-json\/wp\/v2\/product\/32086","targetHints":{"allow":["GET"]}}],"collection":[{"href":"https:\/\/olemosaic.com\/fr\/wp-json\/wp\/v2\/product"}],"about":[{"href":"https:\/\/olemosaic.com\/fr\/wp-json\/wp\/v2\/types\/product"}],"wp:featuredmedia":[{"embeddable":true,"href":"https:\/\/olemosaic.com\/fr\/wp-json\/wp\/v2\/media\/9946"}],"wp:attachment":[{"href":"https:\/\/olemosaic.com\/fr\/wp-json\/wp\/v2\/media?parent=32086"}],"wp:term":[{"taxonomy":"product_brand","embeddable":true,"href":"https:\/\/olemosaic.com\/fr\/wp-json\/wp\/v2\/product_brand?post=32086"},{"taxonomy":"product_cat","embeddable":true,"href":"https:\/\/olemosaic.com\/fr\/wp-json\/wp\/v2\/product_cat?post=32086"},{"taxonomy":"product_tag","embeddable":true,"href":"https:\/\/olemosaic.com\/fr\/wp-json\/wp\/v2\/product_tag?post=32086"}],"curies":[{"name":"wp","href":"https:\/\/api.w.org\/{rel}","templated":true}]}}