{"id":32085,"date":"2025-02-20T23:33:55","date_gmt":"2025-02-20T22:33:55","guid":{"rendered":"http:\/\/olemosaic.com\/producto\/mug-de-ceramica-bailaora-granada-beige-2\/"},"modified":"2025-07-25T19:32:27","modified_gmt":"2025-07-25T17:32:27","slug":"mug-en-ceramique-danseuse-flamenco-grenade-beige-fr","status":"publish","type":"product","link":"https:\/\/olemosaic.com\/fr\/produit\/mug-en-ceramique-danseuse-flamenco-grenade-beige-fr\/","title":{"rendered":"Mug en c\u00e9ramique. Danseuse de flamenco. Art flamenco. Grenade. Beige."},"content":{"rendered":"<p>Ce mug en c\u00e9ramique est un magnifique hommage \u00e0 la culture flamenca de Grenade, con\u00e7u pour capturer l&rsquo;essence vibrante de cette ville andalouse embl\u00e9matique. Avec une finition color\u00e9e et un int\u00e9rieur beige, ce mug se distingue par son illustration d&rsquo;une danseuse de flamenco en plein mouvement, v\u00eatue d&rsquo;une robe multicolore qui souligne sa gr\u00e2ce et sa passion. La danseuse est entour\u00e9e d&rsquo;\u00e9l\u00e9gantes fleurs rouges, cr\u00e9ant un superbe contraste qui \u00e9voque la riche tradition du flamenco, tandis que le mot \u00ab\u00a0Granada\u00a0\u00bb ressort sur la partie sup\u00e9rieure, reliant directement le produit \u00e0 son origine culturelle.<\/p>\n<p>Le mug est non seulement visuellement attrayant, mais aussi fonctionnel, parfait pour savourer une tasse de caf\u00e9 ou de th\u00e9 tout en se laissant emporter par la beaut\u00e9 de l&rsquo;art flamenco. L&rsquo;\u00e9l\u00e9gante d\u00e9coration ext\u00e9rieure, accompagn\u00e9e de la cuill\u00e8re rouge qui l&rsquo;accompagne, fait de ce mug un souvenir id\u00e9al pour ceux qui souhaitent se souvenir de leur visite \u00e0 Grenade ou pour l&rsquo;offrir comme un souvenir unique.<\/p>\n<p>Chez Ol\u00e9 Mosaic, nous sommes sp\u00e9cialistes de la distribution de souvenirs en gros et ce mug en c\u00e9ramique flamenca repr\u00e9sente non seulement l&rsquo;authenticit\u00e9 de la culture andalouse, mais constitue \u00e9galement une excellente option pour les boutiques de cadeaux touristiques cherchant \u00e0 offrir des produits authentiques et de qualit\u00e9 \u00e0 leurs clients. Ce mug est un rappel \u00e9mouvant du riche h\u00e9ritage culturel de Grenade, ce qui en fait un incontournable de toute collection de souvenirs.<\/p>\n","protected":false},"excerpt":{"rendered":"<p>Mug en c\u00e9ramique au design vibrant inspir\u00e9 de la culture flamenca de Grenade. Cette pi\u00e8ce pr\u00e9sente une illustration color\u00e9e d&rsquo;une danseuse de flamenco avec une robe multicolore, entour\u00e9e de fleurs rouges et d\u00e9cor\u00e9e du mot \u00ab\u00a0Granada\u00a0\u00bb. La c\u00e9ramique poss\u00e8de une finition brillante et un int\u00e9rieur beige, compl\u00e9t\u00e9e par une cuill\u00e8re dans les tons rouges, faisant de ce mug un souvenir attrayant qui capture l&rsquo;essence de l&rsquo;art et de la tradition andalous.<\/p>\n","protected":false},"featured_media":6877,"template":"","meta":{"_acf_changed":false},"product_brand":[],"product_cat":[728],"product_tag":[585],"class_list":{"0":"post-32085","1":"product","2":"type-product","3":"status-publish","4":"has-post-thumbnail","6":"product_cat-mugs","7":"product_tag-ceramique","8":"pa_ciudad-granada","9":"pa_motivo-danseurs","10":"pa_pais-espana","12":"first","13":"instock","14":"shipping-taxable","15":"product-type-simple"},"acf":[],"_links":{"self":[{"href":"https:\/\/olemosaic.com\/fr\/wp-json\/wp\/v2\/product\/32085","targetHints":{"allow":["GET"]}}],"collection":[{"href":"https:\/\/olemosaic.com\/fr\/wp-json\/wp\/v2\/product"}],"about":[{"href":"https:\/\/olemosaic.com\/fr\/wp-json\/wp\/v2\/types\/product"}],"wp:featuredmedia":[{"embeddable":true,"href":"https:\/\/olemosaic.com\/fr\/wp-json\/wp\/v2\/media\/6877"}],"wp:attachment":[{"href":"https:\/\/olemosaic.com\/fr\/wp-json\/wp\/v2\/media?parent=32085"}],"wp:term":[{"taxonomy":"product_brand","embeddable":true,"href":"https:\/\/olemosaic.com\/fr\/wp-json\/wp\/v2\/product_brand?post=32085"},{"taxonomy":"product_cat","embeddable":true,"href":"https:\/\/olemosaic.com\/fr\/wp-json\/wp\/v2\/product_cat?post=32085"},{"taxonomy":"product_tag","embeddable":true,"href":"https:\/\/olemosaic.com\/fr\/wp-json\/wp\/v2\/product_tag?post=32085"}],"curies":[{"name":"wp","href":"https:\/\/api.w.org\/{rel}","templated":true}]}}