{"id":32064,"date":"2025-02-20T23:33:55","date_gmt":"2025-02-20T22:33:55","guid":{"rendered":"http:\/\/olemosaic.com\/producto\/mug-de-ceramica-bilbao-blanco-95-cm\/"},"modified":"2025-07-25T19:54:08","modified_gmt":"2025-07-25T17:54:08","slug":"mug-en-ceramique-bilbao-blanc-9-5-cm","status":"publish","type":"product","link":"https:\/\/olemosaic.com\/fr\/produit\/mug-en-ceramique-bilbao-blanc-9-5-cm\/","title":{"rendered":"Mug en c\u00e9ramique. Bilbao. Blanc. 9,5 cm."},"content":{"rendered":"<p>Ce mug en c\u00e9ramique est un splendide souvenir qui capture l&rsquo;essence de Bilbao. Avec ses 9,5 cm de hauteur, il est parfait pour savourer vos boissons pr\u00e9f\u00e9r\u00e9es tout en admirant son design vibrant. La pi\u00e8ce, d\u00e9cor\u00e9e en blanc, se distingue par sa repr\u00e9sentation color\u00e9e d&rsquo;\u00e9l\u00e9ments iconiques de la ville, tels que l&#8217;embl\u00e9matique Pont Suspendu et l&rsquo;innovant Mus\u00e9e Guggenheim, pr\u00e9sent\u00e9s dans une mosa\u00efque moderne qui combine des tons joyeux et frappants. L&rsquo;int\u00e9rieur sup\u00e9rieur, d&rsquo;un bleu attrayant, apporte un contraste frais et original au design, faisant de chaque gorg\u00e9e un plaisir visuel.<\/p>\n<p>Le texte \u00ab\u00a0BILBAO\u00a0\u00bb ressort \u00e0 l&rsquo;ext\u00e9rieur dans des couleurs vives, faisant de ce mug non seulement un objet fonctionnel, mais un v\u00e9ritable symbole de la culture et de l&rsquo;art qui caract\u00e9risent cette belle ville basque. Ce produit est id\u00e9al pour les touristes \u00e0 la recherche d&rsquo;un souvenir authentique et repr\u00e9sentatif de Bilbao, alliant tradition et touche contemporaine. Chez Ol\u00e9 Mosaic, nous sommes des distributeurs de souvenirs de qualit\u00e9, et ce mug en c\u00e9ramique est une excellente option pour les boutiques de cadeaux touristiques cherchant \u00e0 proposer des produits uniques et pertinents. En tant que grossistes de souvenirs, nous garantissons l&rsquo;authenticit\u00e9 et la valeur de chaque pi\u00e8ce.<\/p>\n","protected":false},"excerpt":{"rendered":"<p>Mug en c\u00e9ramique de 9,5 cm de hauteur, d\u00e9cor\u00e9 d&rsquo;une repr\u00e9sentation color\u00e9e de Bilbao. Ce design original inclut des \u00e9l\u00e9ments iconiques tels que le Pont Suspendu et le Mus\u00e9e Guggenheim, le tout dans une mosa\u00efque vibrante et moderne. L&rsquo;int\u00e9rieur sup\u00e9rieur est d&rsquo;un bleu attrayant, tandis que le texte \u00ab\u00a0BILBAO\u00a0\u00bb se d\u00e9tache dans des tons joyeux \u00e0 l&rsquo;ext\u00e9rieur. Id\u00e9al pour savourer vos boissons avec une touche artistique et culturelle.<\/p>\n","protected":false},"featured_media":9902,"template":"","meta":{"_acf_changed":false},"product_brand":[],"product_cat":[728],"product_tag":[585],"class_list":{"0":"post-32064","1":"product","2":"type-product","3":"status-publish","4":"has-post-thumbnail","6":"product_cat-mugs","7":"product_tag-ceramique","8":"pa_ciudad-bilbao","9":"pa_pais-espana","11":"first","12":"instock","13":"shipping-taxable","14":"product-type-simple"},"acf":[],"_links":{"self":[{"href":"https:\/\/olemosaic.com\/fr\/wp-json\/wp\/v2\/product\/32064","targetHints":{"allow":["GET"]}}],"collection":[{"href":"https:\/\/olemosaic.com\/fr\/wp-json\/wp\/v2\/product"}],"about":[{"href":"https:\/\/olemosaic.com\/fr\/wp-json\/wp\/v2\/types\/product"}],"wp:featuredmedia":[{"embeddable":true,"href":"https:\/\/olemosaic.com\/fr\/wp-json\/wp\/v2\/media\/9902"}],"wp:attachment":[{"href":"https:\/\/olemosaic.com\/fr\/wp-json\/wp\/v2\/media?parent=32064"}],"wp:term":[{"taxonomy":"product_brand","embeddable":true,"href":"https:\/\/olemosaic.com\/fr\/wp-json\/wp\/v2\/product_brand?post=32064"},{"taxonomy":"product_cat","embeddable":true,"href":"https:\/\/olemosaic.com\/fr\/wp-json\/wp\/v2\/product_cat?post=32064"},{"taxonomy":"product_tag","embeddable":true,"href":"https:\/\/olemosaic.com\/fr\/wp-json\/wp\/v2\/product_tag?post=32064"}],"curies":[{"name":"wp","href":"https:\/\/api.w.org\/{rel}","templated":true}]}}