{"id":32063,"date":"2025-02-20T23:33:55","date_gmt":"2025-02-20T22:33:55","guid":{"rendered":"http:\/\/olemosaic.com\/producto\/mug-de-ceramica-camino-de-santiago-beige\/"},"modified":"2025-07-25T19:57:54","modified_gmt":"2025-07-25T17:57:54","slug":"mug-en-ceramique-chemin-de-compostelle-beige-fr","status":"publish","type":"product","link":"https:\/\/olemosaic.com\/fr\/produit\/mug-en-ceramique-chemin-de-compostelle-beige-fr\/","title":{"rendered":"Mug en c\u00e9ramique. Chemin de Compostelle. Beige."},"content":{"rendered":"<p>Ce mug en c\u00e9ramique du Chemin de Compostelle est un souvenir exceptionnel qui capture l&rsquo;essence de l&rsquo;un des p\u00e8lerinages les plus embl\u00e9matiques au monde. Pr\u00e9sent\u00e9 dans une \u00e9l\u00e9gante couleur beige avec l&rsquo;int\u00e9rieur rouge, son design est non seulement esth\u00e9tique, mais rend \u00e9galement hommage \u00e0 la riche histoire culturelle de Saint-Jacques-de-Compostelle. D\u00e9cor\u00e9 d&rsquo;illustrations vibrantes de la majestueuse cath\u00e9drale, symbole de la ville, et de la coquille du p\u00e8lerin, ce mug refl\u00e8te fid\u00e8lement la tradition et la d\u00e9votion qui caract\u00e9risent le chemin.<\/p>\n<p>La c\u00e9ramique semble \u00eatre peinte \u00e0 la main, ce qui garantit l&rsquo;authenticit\u00e9 de chaque pi\u00e8ce et ajoute une touche artistique et personnelle au design. De plus, les d\u00e9tails en mosa\u00efque qui ornent les illustrations apportent un air de sophistication et de distinction, faisant de ce mug un objet \u00e0 la fois fonctionnel et d\u00e9coratif. Il comprend une cuill\u00e8re assortie, qui ajoute un \u00e9l\u00e9ment pratique \u00e0 son attrait visuel.<\/p>\n<p>Ce souvenir est le choix parfait pour les touristes qui cherchent \u00e0 emporter un morceau du riche h\u00e9ritage culturel du Chemin de Compostelle. Chez Ol\u00e9 Mosaic, nous nous sp\u00e9cialisons dans la distribution de souvenirs en gros, offrant une vari\u00e9t\u00e9 de produits authentiques et repr\u00e9sentatifs. Ce mug en c\u00e9ramique ne sera pas seulement le rappel d&rsquo;un voyage inoubliable, mais servira \u00e9galement de magnifique option de cadeau pour ceux qui souhaitent partager la magie de Saint-Jacques.<\/p>\n","protected":false},"excerpt":{"rendered":"<p>Mug en c\u00e9ramique du Chemin de Compostelle, pr\u00e9sent\u00e9 dans une \u00e9l\u00e9gante couleur beige avec int\u00e9rieur rouge. Cette pi\u00e8ce est d\u00e9cor\u00e9e d&rsquo;illustrations vibrantes repr\u00e9sentant la c\u00e9l\u00e8bre cath\u00e9drale de Saint-Jacques-de-Compostelle et la coquille du p\u00e8lerin, symboles iconiques du chemin. Avec un design artisanal, peint \u00e0 la main, et des d\u00e9tails en mosa\u00efque, ce mug allie fonctionnalit\u00e9 et art, \u00e9tant parfait pour savourer vos boissons pr\u00e9f\u00e9r\u00e9es tout en vous rappelant votre voyage. Comprend une cuill\u00e8re assortie, ce qui ajoute de la praticit\u00e9 \u00e0 son attrait visuel.<\/p>\n","protected":false},"featured_media":6932,"template":"","meta":{"_acf_changed":false},"product_brand":[],"product_cat":[728],"product_tag":[585],"class_list":{"0":"post-32063","1":"product","2":"type-product","3":"status-publish","4":"has-post-thumbnail","6":"product_cat-mugs","7":"product_tag-ceramique","8":"pa_ciudad-santiago-de-compostela","9":"pa_pais-espana","11":"first","12":"instock","13":"shipping-taxable","14":"product-type-simple"},"acf":[],"_links":{"self":[{"href":"https:\/\/olemosaic.com\/fr\/wp-json\/wp\/v2\/product\/32063","targetHints":{"allow":["GET"]}}],"collection":[{"href":"https:\/\/olemosaic.com\/fr\/wp-json\/wp\/v2\/product"}],"about":[{"href":"https:\/\/olemosaic.com\/fr\/wp-json\/wp\/v2\/types\/product"}],"wp:featuredmedia":[{"embeddable":true,"href":"https:\/\/olemosaic.com\/fr\/wp-json\/wp\/v2\/media\/6932"}],"wp:attachment":[{"href":"https:\/\/olemosaic.com\/fr\/wp-json\/wp\/v2\/media?parent=32063"}],"wp:term":[{"taxonomy":"product_brand","embeddable":true,"href":"https:\/\/olemosaic.com\/fr\/wp-json\/wp\/v2\/product_brand?post=32063"},{"taxonomy":"product_cat","embeddable":true,"href":"https:\/\/olemosaic.com\/fr\/wp-json\/wp\/v2\/product_cat?post=32063"},{"taxonomy":"product_tag","embeddable":true,"href":"https:\/\/olemosaic.com\/fr\/wp-json\/wp\/v2\/product_tag?post=32063"}],"curies":[{"name":"wp","href":"https:\/\/api.w.org\/{rel}","templated":true}]}}