{"id":32060,"date":"2025-02-20T23:33:54","date_gmt":"2025-02-20T22:33:54","guid":{"rendered":"http:\/\/olemosaic.com\/producto\/mug-de-ceramica-patio-blanco-95-cm-2\/"},"modified":"2025-07-25T18:38:30","modified_gmt":"2025-07-25T16:38:30","slug":"mug-en-ceramique-patio-andalou-blanc-9-5-cm","status":"publish","type":"product","link":"https:\/\/olemosaic.com\/fr\/produit\/mug-en-ceramique-patio-andalou-blanc-9-5-cm\/","title":{"rendered":"Mug en c\u00e9ramique. Patio andalou. Blanc. 9,5 cm."},"content":{"rendered":"<p>Ce mug en c\u00e9ramique d\u00e9cor\u00e9e est un v\u00e9ritable hommage \u00e0 la beaut\u00e9 des patios andalous. D&rsquo;une hauteur de 9,5 cm, son design vibrant pr\u00e9sente un fond blanc qui rehausse la richesse de son illustration effet peint \u00e0 la main. On y voit un charmant balcon orn\u00e9 de magnifiques fleurs rouges et bleues, accompagn\u00e9es d&rsquo;un feuillage vert luxuriant qui \u00e9voque la chaleur du climat andalou. Dans la partie sup\u00e9rieure, une lanterne classique se d\u00e9tache, compl\u00e9tant l&rsquo;ensemble avec une touche de tradition et de nostalgie.<\/p>\n<p>La qualit\u00e9 de la finition \u00e9maill\u00e9e garantit non seulement un objet attrayant, mais aussi durable, id\u00e9al pour savourer vos boissons pr\u00e9f\u00e9r\u00e9es tout en vous transportant vers l&rsquo;essence de l&rsquo;Andalousie. Ce mug est plus qu&rsquo;un simple r\u00e9cipient ; c&rsquo;est un souvenir qui encapsule l&rsquo;authenticit\u00e9 et l&rsquo;art de la culture espagnole. Il devient ainsi le souvenir parfait pour les touristes \u00e0 la recherche d&rsquo;un morceau du riche h\u00e9ritage andalou. Les voyages dans cette r\u00e9gion sont inoubliables, et avec ce mug, vous pourrez revivre ces moments sp\u00e9ciaux \u00e0 chaque gorg\u00e9e. Chez Ol\u00e9 Mosaic, nous sommes des distributeurs de souvenirs proposant des produits authentiques, et ce mug en c\u00e9ramique est une excellente option pour les boutiques de cadeaux touristiques \u00e0 la recherche d&rsquo;articles de qualit\u00e9 avec une profondeur culturelle dans leur offre.<\/p>\n","protected":false},"excerpt":{"rendered":"<p>Mug en c\u00e9ramique d\u00e9cor\u00e9 d&rsquo;un design vibrant \u00e9voquant un patio andalou typique. Avec un fond blanc et un int\u00e9rieur rouge, il pr\u00e9sente une illustration d\u00e9taill\u00e9e d&rsquo;un balcon orn\u00e9 de fleurs rouges et bleues, ainsi qu&rsquo;un feuillage vert luxuriant. Cet objet de 9,5 cm de hauteur et \u00e0 la finition \u00e9maill\u00e9e se distingue par sa technique de design artisanal, peint \u00e0 la main, offrant une touche de culture espagnole id\u00e9ale pour savourer une boisson tout en rappelant la beaut\u00e9 de l&rsquo;architecture andalouse.<\/p>\n","protected":false},"featured_media":8405,"template":"","meta":{"_acf_changed":false},"product_brand":[],"product_cat":[728],"product_tag":[585],"class_list":{"0":"post-32060","1":"product","2":"type-product","3":"status-publish","4":"has-post-thumbnail","6":"product_cat-mugs","7":"product_tag-ceramique","8":"pa_motivo-cours-interieures","10":"first","11":"instock","12":"shipping-taxable","13":"product-type-simple"},"acf":[],"_links":{"self":[{"href":"https:\/\/olemosaic.com\/fr\/wp-json\/wp\/v2\/product\/32060","targetHints":{"allow":["GET"]}}],"collection":[{"href":"https:\/\/olemosaic.com\/fr\/wp-json\/wp\/v2\/product"}],"about":[{"href":"https:\/\/olemosaic.com\/fr\/wp-json\/wp\/v2\/types\/product"}],"wp:featuredmedia":[{"embeddable":true,"href":"https:\/\/olemosaic.com\/fr\/wp-json\/wp\/v2\/media\/8405"}],"wp:attachment":[{"href":"https:\/\/olemosaic.com\/fr\/wp-json\/wp\/v2\/media?parent=32060"}],"wp:term":[{"taxonomy":"product_brand","embeddable":true,"href":"https:\/\/olemosaic.com\/fr\/wp-json\/wp\/v2\/product_brand?post=32060"},{"taxonomy":"product_cat","embeddable":true,"href":"https:\/\/olemosaic.com\/fr\/wp-json\/wp\/v2\/product_cat?post=32060"},{"taxonomy":"product_tag","embeddable":true,"href":"https:\/\/olemosaic.com\/fr\/wp-json\/wp\/v2\/product_tag?post=32060"}],"curies":[{"name":"wp","href":"https:\/\/api.w.org\/{rel}","templated":true}]}}