{"id":32059,"date":"2025-02-20T23:33:54","date_gmt":"2025-02-20T22:33:54","guid":{"rendered":"http:\/\/olemosaic.com\/producto\/mug-de-ceramica-salamandra-y-flores-mallorca-blanco-95-cm\/"},"modified":"2025-07-25T18:46:29","modified_gmt":"2025-07-25T16:46:29","slug":"mug-en-ceramique-salamandre-et-fleurs-majorque-blanc-95-cm","status":"publish","type":"product","link":"https:\/\/olemosaic.com\/fr\/produit\/mug-en-ceramique-salamandre-et-fleurs-majorque-blanc-95-cm\/","title":{"rendered":"Mug en c\u00e9ramique. Salamandre et fleurs. Majorque. Blanc. 9,5 cm."},"content":{"rendered":"<p>Ce mug en c\u00e9ramique, d\u00e9cor\u00e9 d&rsquo;une salamandre vibrante et de fleurs color\u00e9es, est un authentique repr\u00e9sentant de la riche biodiversit\u00e9 de Majorque. D&rsquo;une hauteur de 9,5 cm, ce mug se distingue par son design vibrant, qui combine un fond blanc brillant avec des d\u00e9tails rouges \u00e0 l&rsquo;int\u00e9rieur, id\u00e9al pour rehausser la joie de chaque gorg\u00e9e. L&rsquo;illustration centrale pr\u00e9sente une charmante salamandre r\u00e9alis\u00e9e selon la technique de la mosa\u00efque, dont les \u00e9cailles sont orn\u00e9es de tons rouges, oranges et jaunes, \u00e9voquant le climat m\u00e9diterran\u00e9en chaud.<\/p>\n<p>Autour de la salamandre, des fleurs aux tons bleus et jaunes se d\u00e9ploient, compl\u00e9tant parfaitement le th\u00e8me naturel et faisant de ce mug une pi\u00e8ce d&rsquo;art fonctionnelle. La fusion de ces \u00e9l\u00e9ments lui conf\u00e8re non seulement un caract\u00e8re joyeux, mais en fait \u00e9galement un cadeau id\u00e9al pour ceux qui recherchent des souvenirs de leur s\u00e9jour sur l&rsquo;\u00eele. Ce souvenir de Majorque est un excellent choix pour savourer des boissons et, en m\u00eame temps, un rappel de la beaut\u00e9 naturelle de la r\u00e9gion.<\/p>\n<p>Chez Ol\u00e9 Mosaic, nous proposons ce mug dans le cadre de notre s\u00e9lection de souvenirs en c\u00e9ramique, parfaits pour les boutiques de cadeaux touristiques souhaitant offrir des produits authentiques et repr\u00e9sentatifs de la culture majorquine. Une option parfaite pour ceux qui recherchent des souvenirs en c\u00e9ramique \u00e0 la fois artistiques et fonctionnels.<\/p>\n","protected":false},"excerpt":{"rendered":"<p>Mug en c\u00e9ramique d\u00e9cor\u00e9 d&rsquo;une salamandre vibrante et de fleurs, inspir\u00e9 par la richesse naturelle de Majorque. Le design, sur un fond blanc avec une finition brillante, comprend des d\u00e9tails rouges \u00e0 l&rsquo;int\u00e9rieur. La salamandre, r\u00e9alis\u00e9e avec la technique de la mosa\u00efque, se combine harmonieusement avec des fleurs aux tons bleus, jaunes et rouges, apportant une touche joyeuse et distinctive \u00e0 cette pi\u00e8ce de 9,5 cm de hauteur. Id\u00e9al pour savourer vos boissons pr\u00e9f\u00e9r\u00e9es avec une touche d&rsquo;art majorquin.<\/p>\n","protected":false},"featured_media":8018,"template":"","meta":{"_acf_changed":false},"product_brand":[],"product_cat":[728],"product_tag":[530,585],"class_list":{"0":"post-32059","1":"product","2":"type-product","3":"status-publish","4":"has-post-thumbnail","6":"product_cat-mugs","7":"product_tag-animaux","8":"product_tag-ceramique","9":"pa_ciudad-mallorca","10":"pa_motivo-salamandres","11":"pa_pais-espana","13":"first","14":"instock","15":"shipping-taxable","16":"product-type-simple"},"acf":[],"_links":{"self":[{"href":"https:\/\/olemosaic.com\/fr\/wp-json\/wp\/v2\/product\/32059","targetHints":{"allow":["GET"]}}],"collection":[{"href":"https:\/\/olemosaic.com\/fr\/wp-json\/wp\/v2\/product"}],"about":[{"href":"https:\/\/olemosaic.com\/fr\/wp-json\/wp\/v2\/types\/product"}],"wp:featuredmedia":[{"embeddable":true,"href":"https:\/\/olemosaic.com\/fr\/wp-json\/wp\/v2\/media\/8018"}],"wp:attachment":[{"href":"https:\/\/olemosaic.com\/fr\/wp-json\/wp\/v2\/media?parent=32059"}],"wp:term":[{"taxonomy":"product_brand","embeddable":true,"href":"https:\/\/olemosaic.com\/fr\/wp-json\/wp\/v2\/product_brand?post=32059"},{"taxonomy":"product_cat","embeddable":true,"href":"https:\/\/olemosaic.com\/fr\/wp-json\/wp\/v2\/product_cat?post=32059"},{"taxonomy":"product_tag","embeddable":true,"href":"https:\/\/olemosaic.com\/fr\/wp-json\/wp\/v2\/product_tag?post=32059"}],"curies":[{"name":"wp","href":"https:\/\/api.w.org\/{rel}","templated":true}]}}