{"id":32058,"date":"2025-02-20T23:33:53","date_gmt":"2025-02-20T22:33:53","guid":{"rendered":"http:\/\/olemosaic.com\/producto\/mug-de-ceramica-lisboa-azul-95-cm\/"},"modified":"2025-07-25T20:18:03","modified_gmt":"2025-07-25T18:18:03","slug":"mug-en-ceramique-lisbonne-bleu-95-cm","status":"publish","type":"product","link":"https:\/\/olemosaic.com\/fr\/produit\/mug-en-ceramique-lisbonne-bleu-95-cm\/","title":{"rendered":"Mug en c\u00e9ramique. Lisbonne. Bleu. 9,5 cm."},"content":{"rendered":"<p>Ce mug en c\u00e9ramique, d\u00e9cor\u00e9 d&rsquo;un panorama vibrant de Lisbonne, est un souvenir qui capture l&rsquo;essence de l&#8217;embl\u00e9matique capitale portugaise. D&rsquo;un diam\u00e8tre de 9,5 cm, cette tasse pr\u00e9sente un design peint \u00e0 la main qui met en valeur la majestueuse coupole dor\u00e9e de l&rsquo;une des nombreuses \u00e9glises de la ville, entour\u00e9e des toits rouges et jaunes color\u00e9s qui caract\u00e9risent son architecture. Le fond bleu du mug contraste merveilleusement avec l&rsquo;int\u00e9rieur orange, cr\u00e9ant une pi\u00e8ce visuellement attrayante qui, en plus d&rsquo;\u00eatre fonctionnelle, agit comme une \u0153uvre d&rsquo;art.<\/p>\n<p>L&rsquo;illustration repr\u00e9sente la beaut\u00e9 iconique de Lisbonne, \u00e9voquant le charme de ses quartiers historiques et la chaleur de son atmosph\u00e8re. Ce mug est id\u00e9al pour savourer votre caf\u00e9 du matin ou votre th\u00e9 de l&rsquo;apr\u00e8s-midi, vous transportant instantan\u00e9ment dans les rues color\u00e9es de la ville. Chez Ol\u00e9 Mosaic, nous comprenons l&rsquo;importance de cultiver les connexions culturelles, c&rsquo;est pourquoi nous proposons ce mug comme un souvenir authentique de Lisbonne, parfait pour les touristes cherchant \u00e0 emporter une partie de cette capitale vibrante. De plus, en tant que distributeurs de souvenirs en gros, nous garantissons la qualit\u00e9 et l&rsquo;authenticit\u00e9 de chaque pi\u00e8ce, faisant de ce mug un excellent produit pour les boutiques de cadeaux touristiques souhaitant proposer des souvenirs uniques et repr\u00e9sentatifs.<\/p>\n","protected":false},"excerpt":{"rendered":"<p>Tasse en c\u00e9ramique d\u00e9cor\u00e9e d&rsquo;un panorama vibrant de Lisbonne, o\u00f9 se distinguent l&#8217;embl\u00e9matique coupole dor\u00e9e et les toits color\u00e9s de la ville. D&rsquo;un diam\u00e8tre de 9,5 cm, cette tasse pr\u00e9sente un design artisanal, peint \u00e0 la main, qui capture l&rsquo;essence des b\u00e2timents traditionnels de Lisbonne, sur un fond bleu qui contraste avec l&rsquo;int\u00e9rieur orange. Id\u00e9al pour savourer vos boissons pr\u00e9f\u00e9r\u00e9es tout en vous transportant vers la beaut\u00e9 de cette capitale portugaise iconique.<\/p>\n","protected":false},"featured_media":9907,"template":"","meta":{"_acf_changed":false},"product_brand":[],"product_cat":[728],"product_tag":[585],"class_list":{"0":"post-32058","1":"product","2":"type-product","3":"status-publish","4":"has-post-thumbnail","6":"product_cat-mugs","7":"product_tag-ceramique","8":"pa_ciudad-lisboa","9":"pa_pais-portugal","11":"first","12":"instock","13":"shipping-taxable","14":"product-type-simple"},"acf":[],"_links":{"self":[{"href":"https:\/\/olemosaic.com\/fr\/wp-json\/wp\/v2\/product\/32058","targetHints":{"allow":["GET"]}}],"collection":[{"href":"https:\/\/olemosaic.com\/fr\/wp-json\/wp\/v2\/product"}],"about":[{"href":"https:\/\/olemosaic.com\/fr\/wp-json\/wp\/v2\/types\/product"}],"wp:featuredmedia":[{"embeddable":true,"href":"https:\/\/olemosaic.com\/fr\/wp-json\/wp\/v2\/media\/9907"}],"wp:attachment":[{"href":"https:\/\/olemosaic.com\/fr\/wp-json\/wp\/v2\/media?parent=32058"}],"wp:term":[{"taxonomy":"product_brand","embeddable":true,"href":"https:\/\/olemosaic.com\/fr\/wp-json\/wp\/v2\/product_brand?post=32058"},{"taxonomy":"product_cat","embeddable":true,"href":"https:\/\/olemosaic.com\/fr\/wp-json\/wp\/v2\/product_cat?post=32058"},{"taxonomy":"product_tag","embeddable":true,"href":"https:\/\/olemosaic.com\/fr\/wp-json\/wp\/v2\/product_tag?post=32058"}],"curies":[{"name":"wp","href":"https:\/\/api.w.org\/{rel}","templated":true}]}}