{"id":32057,"date":"2025-02-20T23:33:53","date_gmt":"2025-02-20T22:33:53","guid":{"rendered":"http:\/\/olemosaic.com\/producto\/mug-de-ceramica-patio-blanco-95-cm\/"},"modified":"2025-07-25T18:53:30","modified_gmt":"2025-07-25T16:53:30","slug":"mug-en-ceramique-patio-blanc-95-cm","status":"publish","type":"product","link":"https:\/\/olemosaic.com\/fr\/produit\/mug-en-ceramique-patio-blanc-95-cm\/","title":{"rendered":"Mug en c\u00e9ramique. Patio. Blanc. 9,5 cm."},"content":{"rendered":"<p>Ce mug en c\u00e9ramique, d\u00e9cor\u00e9 d&rsquo;un design vibrant d&rsquo;un patio andalou typique, est le choix parfait pour les amoureux de la culture espagnole. D&rsquo;une hauteur de 9,5 cm, ce mug \u00e9l\u00e9gant pr\u00e9sente une finition blanche qui fait ressortir son int\u00e9rieur rouge, cr\u00e9ant un contraste attrayant et festif. Le design peint \u00e0 la main capture l&rsquo;essence des patios pittoresques d&rsquo;Andalousie, montrant une magnifique fen\u00eatre grillag\u00e9e orn\u00e9e de pots de g\u00e9raniums rouges et de plantes vertes luxuriantes qui \u00e9voquent la fra\u00eecheur et les couleurs de la r\u00e9gion.<\/p>\n<p>L&rsquo;attention port\u00e9e aux d\u00e9tails est \u00e9vidente dans chaque \u00e9l\u00e9ment du mug, des fleurs color\u00e9es \u00e9mergeant des r\u00e9cipients bleus \u00e0 la repr\u00e9sentation d\u00e9licate des int\u00e9rieurs typiques andalous. Ce souvenir n&rsquo;est pas seulement un r\u00e9cipient pour savourer vos boissons pr\u00e9f\u00e9r\u00e9es, mais aussi un rappel tangible des paysages enchanteurs de l&rsquo;Espagne, id\u00e9al pour partager des moments sp\u00e9ciaux. En tant que pi\u00e8ce repr\u00e9sentative de la culture andalouse, ce mug est une excellente id\u00e9e pour les touristes \u00e0 la recherche de souvenirs authentiques et significatifs.<\/p>\n<p>Chez Ol\u00e9 Mosaic, nous nous sp\u00e9cialisons dans la distribution de souvenirs en gros, offrant des produits comme ce mug en c\u00e9ramique qui enrichissent l&rsquo;exp\u00e9rience du voyageur et c\u00e9l\u00e8brent la tradition espagnole. Ce mug est le cadeau parfait pour ceux qui souhaitent ramener un morceau d&rsquo;Andalousie chez eux, ce qui en fait une option id\u00e9ale pour les boutiques de cadeaux touristiques \u00e0 la recherche d&rsquo;articles de qualit\u00e9 et de pertinence culturelle.<\/p>\n","protected":false},"excerpt":{"rendered":"<p>Tasse en c\u00e9ramique d\u00e9cor\u00e9e d&rsquo;un design vibrant d&rsquo;un patio andalou typique. Avec une finition blanche et un int\u00e9rieur rouge, elle pr\u00e9sente des \u00e9l\u00e9ments distinctifs tels qu&rsquo;une fen\u00eatre grillag\u00e9e entour\u00e9e de pots de g\u00e9raniums rouges et de plantes vertes. Le design color\u00e9 et artisanal, peint \u00e0 la main, \u00e9voque le charme des patios espagnols, apportant une touche culturelle et festive \u00e0 vos moments caf\u00e9. Mesure 9,5 cm de hauteur, id\u00e9al pour savourer vos boissons pr\u00e9f\u00e9r\u00e9es.<\/p>\n","protected":false},"featured_media":8484,"template":"","meta":{"_acf_changed":false},"product_brand":[],"product_cat":[728],"product_tag":[585],"class_list":{"0":"post-32057","1":"product","2":"type-product","3":"status-publish","4":"has-post-thumbnail","6":"product_cat-mugs","7":"product_tag-ceramique","8":"pa_motivo-cours-interieures","10":"first","11":"instock","12":"shipping-taxable","13":"product-type-simple"},"acf":[],"_links":{"self":[{"href":"https:\/\/olemosaic.com\/fr\/wp-json\/wp\/v2\/product\/32057","targetHints":{"allow":["GET"]}}],"collection":[{"href":"https:\/\/olemosaic.com\/fr\/wp-json\/wp\/v2\/product"}],"about":[{"href":"https:\/\/olemosaic.com\/fr\/wp-json\/wp\/v2\/types\/product"}],"wp:featuredmedia":[{"embeddable":true,"href":"https:\/\/olemosaic.com\/fr\/wp-json\/wp\/v2\/media\/8484"}],"wp:attachment":[{"href":"https:\/\/olemosaic.com\/fr\/wp-json\/wp\/v2\/media?parent=32057"}],"wp:term":[{"taxonomy":"product_brand","embeddable":true,"href":"https:\/\/olemosaic.com\/fr\/wp-json\/wp\/v2\/product_brand?post=32057"},{"taxonomy":"product_cat","embeddable":true,"href":"https:\/\/olemosaic.com\/fr\/wp-json\/wp\/v2\/product_cat?post=32057"},{"taxonomy":"product_tag","embeddable":true,"href":"https:\/\/olemosaic.com\/fr\/wp-json\/wp\/v2\/product_tag?post=32057"}],"curies":[{"name":"wp","href":"https:\/\/api.w.org\/{rel}","templated":true}]}}