{"id":32056,"date":"2025-02-20T23:33:53","date_gmt":"2025-02-20T22:33:53","guid":{"rendered":"http:\/\/olemosaic.com\/producto\/mug-de-ceramica-patio-madrid-blanco-95-cm\/"},"modified":"2025-07-25T18:58:02","modified_gmt":"2025-07-25T16:58:02","slug":"mug-en-ceramique-patio-madrid-blanc-95-cm","status":"publish","type":"product","link":"https:\/\/olemosaic.com\/fr\/produit\/mug-en-ceramique-patio-madrid-blanc-95-cm\/","title":{"rendered":"Mug en c\u00e9ramique. Patio. Madrid. Blanc. 9,5 cm."},"content":{"rendered":"<p>Ce mug en c\u00e9ramique, d\u00e9cor\u00e9 d&rsquo;un charmant patio madril\u00e8ne, est la repr\u00e9sentation parfaite de l&rsquo;esprit vibrant de la capitale espagnole. D&rsquo;une hauteur de 9,5 cm, cet exquis objet en c\u00e9ramique blanche se distingue par son design peint \u00e0 la main, qui \u00e9voque l&rsquo;essence de la vie dans les rues de Madrid. L&rsquo;image pr\u00e9sente une magnifique fen\u00eatre grillag\u00e9e, orn\u00e9e de pots de g\u00e9raniums rouges color\u00e9s et de plantes vertes, qui apportent une touche joyeuse et accueillante. De plus, un lampadaire classique compl\u00e8te la sc\u00e8ne, \u00e9voquant la chaleur d&rsquo;un apr\u00e8s-midi madril\u00e8ne.<\/p>\n<p>L&rsquo;int\u00e9rieur du mug resplendit d&rsquo;une couleur rouge attrayante, cr\u00e9ant un contraste s\u00e9duisant avec l&rsquo;ext\u00e9rieur d\u00e9cor\u00e9, ce qui en fait un objet aussi fonctionnel que d\u00e9coratif. Ce design ne c\u00e9l\u00e8bre pas seulement les \u00e9l\u00e9ments caract\u00e9ristiques de l&rsquo;architecture madril\u00e8ne, mais refl\u00e8te \u00e9galement la riche tradition culturelle de la ville, faisant de ce mug un souvenir id\u00e9al pour les touristes \u00e0 la recherche d&rsquo;un souvenir authentique et repr\u00e9sentatif de Madrid. Chez Ol\u00e9 Mosaic, nous nous sp\u00e9cialisons dans la distribution de souvenirs de qualit\u00e9 en gros, et ce mug est une excellente option pour les boutiques de cadeaux touristiques. Son attrait visuel et sa connexion culturelle en font un incontournable pour ceux qui veulent ramener un petit morceau de Madrid chez eux. Ce mug en c\u00e9ramique est plus qu&rsquo;un objet du quotidien ; c&rsquo;est un t\u00e9moignage du riche h\u00e9ritage de Madrid et un choix parfait pour ceux qui recherchent des souvenirs authentiques.<\/p>\n","protected":false},"excerpt":{"rendered":"<p>Mug en c\u00e9ramique d\u00e9cor\u00e9 d&rsquo;un charmant patio madril\u00e8ne, id\u00e9al pour savourer vos boissons pr\u00e9f\u00e9r\u00e9es. Avec un design vibrant comprenant une fen\u00eatre grillag\u00e9e orn\u00e9e de pots de g\u00e9raniums rouges, de plantes vertes et d&rsquo;un lampadaire, ce mug de 9,5 cm met en valeur les couleurs chaudes de Madrid. L&rsquo;int\u00e9rieur est d&rsquo;un rouge attrayant, compl\u00e9tant le design artisanal peint \u00e0 la main, \u00e9voquant l&rsquo;essence de la vie dans la capitale espagnole.<\/p>\n","protected":false},"featured_media":7964,"template":"","meta":{"_acf_changed":false},"product_brand":[],"product_cat":[728],"product_tag":[585],"class_list":{"0":"post-32056","1":"product","2":"type-product","3":"status-publish","4":"has-post-thumbnail","6":"product_cat-mugs","7":"product_tag-ceramique","8":"pa_ciudad-madrid","9":"pa_motivo-cours-interieures","10":"pa_pais-espana","12":"first","13":"instock","14":"shipping-taxable","15":"product-type-simple"},"acf":[],"_links":{"self":[{"href":"https:\/\/olemosaic.com\/fr\/wp-json\/wp\/v2\/product\/32056","targetHints":{"allow":["GET"]}}],"collection":[{"href":"https:\/\/olemosaic.com\/fr\/wp-json\/wp\/v2\/product"}],"about":[{"href":"https:\/\/olemosaic.com\/fr\/wp-json\/wp\/v2\/types\/product"}],"wp:featuredmedia":[{"embeddable":true,"href":"https:\/\/olemosaic.com\/fr\/wp-json\/wp\/v2\/media\/7964"}],"wp:attachment":[{"href":"https:\/\/olemosaic.com\/fr\/wp-json\/wp\/v2\/media?parent=32056"}],"wp:term":[{"taxonomy":"product_brand","embeddable":true,"href":"https:\/\/olemosaic.com\/fr\/wp-json\/wp\/v2\/product_brand?post=32056"},{"taxonomy":"product_cat","embeddable":true,"href":"https:\/\/olemosaic.com\/fr\/wp-json\/wp\/v2\/product_cat?post=32056"},{"taxonomy":"product_tag","embeddable":true,"href":"https:\/\/olemosaic.com\/fr\/wp-json\/wp\/v2\/product_tag?post=32056"}],"curies":[{"name":"wp","href":"https:\/\/api.w.org\/{rel}","templated":true}]}}