{"id":32055,"date":"2025-02-20T23:33:53","date_gmt":"2025-02-20T22:33:53","guid":{"rendered":"http:\/\/olemosaic.com\/producto\/mug-de-ceramica-santiago-blanco-95-cm\/"},"modified":"2025-07-25T18:49:26","modified_gmt":"2025-07-25T16:49:26","slug":"mug-en-ceramique-saint-jacques-blanc-95-cm","status":"publish","type":"product","link":"https:\/\/olemosaic.com\/fr\/produit\/mug-en-ceramique-saint-jacques-blanc-95-cm\/","title":{"rendered":"Mug en c\u00e9ramique. Saint-Jacques. Blanc. 9,5 cm."},"content":{"rendered":"<p>Ce mug en c\u00e9ramique, d\u00e9cor\u00e9 de motifs du Chemin de Saint-Jacques, est un souvenir vibrant et authentique qui capture l&rsquo;essence de cette route de p\u00e8lerinage historique. Avec un fond blanc qui rehausse ses d\u00e9tails color\u00e9s, il mesure 9,5 cm de hauteur et pr\u00e9sente un design joyeux et accrocheur, id\u00e9al pour ceux qui recherchent un souvenir de Saint-Jacques-de-Compostelle. Sur sa surface, vous trouverez des illustrations d&rsquo;un p\u00e8lerin avec sa tenue traditionnelle, un sac \u00e0 dos rempli de provisions et les fl\u00e8ches jaunes caract\u00e9ristiques qui indiquent le chemin que des milliers de personnes ont parcouru en qu\u00eate de r\u00e9flexion et de spiritualit\u00e9.<\/p>\n<p>Chaque \u00e9l\u00e9ment du design \u00e9voque la riche tradition du Chemin, faisant en sorte que chaque gorg\u00e9e de votre boisson pr\u00e9f\u00e9r\u00e9e vous transporte dans la magie des terres galiciennes. La c\u00e9ramique de haute qualit\u00e9 garantit sa durabilit\u00e9, faisant de ce mug une pi\u00e8ce \u00e0 la fois fonctionnelle et d\u00e9corative. Ce souvenir n&rsquo;est pas seulement parfait pour se rem\u00e9morer votre propre aventure, mais c&rsquo;est aussi une excellente option pour les touristes souhaitant emporter un morceau de la culture du Chemin. Chez Ol\u00e9 Mosaic, nous distribuons des souvenirs en c\u00e9ramique authentiques, comme ce mug, id\u00e9al pour les boutiques de cadeaux touristiques cherchant \u00e0 proposer des pi\u00e8ces uniques et significatives. Misez sur notre s\u00e9lection de mugs comme une option captivante pour embellir n&rsquo;importe quelle \u00e9tag\u00e8re et revivre l&rsquo;exp\u00e9rience du Chemin de Saint-Jacques.<\/p>\n","protected":false},"excerpt":{"rendered":"<p>Mug en c\u00e9ramique d\u00e9cor\u00e9 de motifs du Chemin de Saint-Jacques, sur un fond blanc avec des d\u00e9tails vibrants. Son design comprend des illustrations d&rsquo;un p\u00e8lerin, d&rsquo;un sac \u00e0 dos et de fl\u00e8ches indiquant la direction du chemin, le tout dans un style joyeux et color\u00e9. Il mesure 9,5 cm de hauteur et est id\u00e9al pour savourer vos boissons pr\u00e9f\u00e9r\u00e9es tout en vous rappelant la riche tradition du chemin. Parfait comme souvenir de Saint-Jacques-de-Compostelle et pour les amateurs d&rsquo;aventure.<\/p>\n","protected":false},"featured_media":9923,"template":"","meta":{"_acf_changed":false},"product_brand":[],"product_cat":[728],"product_tag":[585],"class_list":{"0":"post-32055","1":"product","2":"type-product","3":"status-publish","4":"has-post-thumbnail","6":"product_cat-mugs","7":"product_tag-ceramique","8":"pa_ciudad-santiago-de-compostela","9":"pa_pais-espana","11":"first","12":"instock","13":"shipping-taxable","14":"product-type-simple"},"acf":[],"_links":{"self":[{"href":"https:\/\/olemosaic.com\/fr\/wp-json\/wp\/v2\/product\/32055","targetHints":{"allow":["GET"]}}],"collection":[{"href":"https:\/\/olemosaic.com\/fr\/wp-json\/wp\/v2\/product"}],"about":[{"href":"https:\/\/olemosaic.com\/fr\/wp-json\/wp\/v2\/types\/product"}],"wp:featuredmedia":[{"embeddable":true,"href":"https:\/\/olemosaic.com\/fr\/wp-json\/wp\/v2\/media\/9923"}],"wp:attachment":[{"href":"https:\/\/olemosaic.com\/fr\/wp-json\/wp\/v2\/media?parent=32055"}],"wp:term":[{"taxonomy":"product_brand","embeddable":true,"href":"https:\/\/olemosaic.com\/fr\/wp-json\/wp\/v2\/product_brand?post=32055"},{"taxonomy":"product_cat","embeddable":true,"href":"https:\/\/olemosaic.com\/fr\/wp-json\/wp\/v2\/product_cat?post=32055"},{"taxonomy":"product_tag","embeddable":true,"href":"https:\/\/olemosaic.com\/fr\/wp-json\/wp\/v2\/product_tag?post=32055"}],"curies":[{"name":"wp","href":"https:\/\/api.w.org\/{rel}","templated":true}]}}