{"id":32039,"date":"2025-02-20T23:33:53","date_gmt":"2025-02-20T22:33:53","guid":{"rendered":"http:\/\/olemosaic.com\/producto\/mug-de-ceramica-meninas-blanco-95-cm\/"},"modified":"2025-07-25T20:31:13","modified_gmt":"2025-07-25T18:31:13","slug":"mug-en-ceramique-menines-blanc-9-5-cm","status":"publish","type":"product","link":"https:\/\/olemosaic.com\/fr\/produit\/mug-en-ceramique-menines-blanc-9-5-cm\/","title":{"rendered":"Mug en c\u00e9ramique. Les M\u00e9nines. Blanc. 9,5 cm."},"content":{"rendered":"<p>Ce mug en c\u00e9ramique, d\u00e9cor\u00e9 des figures embl\u00e9matiques des M\u00e9nines, est un v\u00e9ritable hommage \u00e0 l&rsquo;art espagnol, en particulier au chef-d&rsquo;\u0153uvre de Diego Vel\u00e1zquez. Avec un diam\u00e8tre de 9,5 cm, cet article singulier transforme le portrait classique en une repr\u00e9sentation color\u00e9e qui se distingue par son style vibrant et joyeux. La surface du mug est orn\u00e9e d&rsquo;un fascinant design en mosa\u00efque, o\u00f9 les tons bleus et verts se combinent harmonieusement sur un fond blanc, rehaussant la beaut\u00e9 des M\u00e9nines qui l&rsquo;habitent.<\/p>\n<p>L&rsquo;int\u00e9rieur, d&rsquo;une couleur orange intense, ajoute une touche de fra\u00eecheur et de modernit\u00e9, en faisant un objet non seulement utile, mais aussi esth\u00e9tiquement attrayant. Ce mug est parfait pour les amateurs d&rsquo;art \u00e0 la recherche d&rsquo;un souvenir authentique et repr\u00e9sentatif de la culture espagnole. Son design n&rsquo;est pas seulement visuellement percutant, il capture \u00e9galement l&rsquo;essence du folklore et des traditions de l&rsquo;Espagne, constituant une excellente option parmi les souvenirs c\u00e9l\u00e9brant la richesse culturelle du pays.<\/p>\n<p>Chez Ol\u00e9 Mosaic, nous nous sp\u00e9cialisons dans la distribution de souvenirs en gros, offrant des produits authentiques qui refl\u00e8tent la culture espagnole. Ce mug des M\u00e9nines est un choix id\u00e9al pour les boutiques de cadeaux touristiques cherchant \u00e0 proposer des articles de qualit\u00e9, \u00e9voquant l&rsquo;histoire et l&rsquo;art du patrimoine espagnol dans chaque d\u00e9tail.<\/p>\n","protected":false},"excerpt":{"rendered":"<p>Tasse en c\u00e9ramique d\u00e9cor\u00e9e de la c\u00e9l\u00e8bre figure des M\u00e9nines, repr\u00e9sent\u00e9e dans un style vibrant et color\u00e9. Avec un diam\u00e8tre de 9,5 cm, elle pr\u00e9sente un design en mosa\u00efque \u00e9voquant l&rsquo;\u0153uvre classique de Vel\u00e1zquez, montrant les M\u00e9nines dans de beaux tons bleus et verts sur un fond blanc qui souligne leur beaut\u00e9. L&rsquo;int\u00e9rieur est de couleur orange, ajoutant une touche joyeuse \u00e0 cet article en c\u00e9ramique parfait pour les amateurs d&rsquo;art espagnol.<\/p>\n","protected":false},"featured_media":9966,"template":"","meta":{"_acf_changed":false},"product_brand":[],"product_cat":[728],"product_tag":[585],"class_list":{"0":"post-32039","1":"product","2":"type-product","3":"status-publish","4":"has-post-thumbnail","6":"product_cat-mugs","7":"product_tag-ceramique","8":"pa_motivo-menines","10":"first","11":"instock","12":"shipping-taxable","13":"product-type-simple"},"acf":[],"_links":{"self":[{"href":"https:\/\/olemosaic.com\/fr\/wp-json\/wp\/v2\/product\/32039","targetHints":{"allow":["GET"]}}],"collection":[{"href":"https:\/\/olemosaic.com\/fr\/wp-json\/wp\/v2\/product"}],"about":[{"href":"https:\/\/olemosaic.com\/fr\/wp-json\/wp\/v2\/types\/product"}],"wp:featuredmedia":[{"embeddable":true,"href":"https:\/\/olemosaic.com\/fr\/wp-json\/wp\/v2\/media\/9966"}],"wp:attachment":[{"href":"https:\/\/olemosaic.com\/fr\/wp-json\/wp\/v2\/media?parent=32039"}],"wp:term":[{"taxonomy":"product_brand","embeddable":true,"href":"https:\/\/olemosaic.com\/fr\/wp-json\/wp\/v2\/product_brand?post=32039"},{"taxonomy":"product_cat","embeddable":true,"href":"https:\/\/olemosaic.com\/fr\/wp-json\/wp\/v2\/product_cat?post=32039"},{"taxonomy":"product_tag","embeddable":true,"href":"https:\/\/olemosaic.com\/fr\/wp-json\/wp\/v2\/product_tag?post=32039"}],"curies":[{"name":"wp","href":"https:\/\/api.w.org\/{rel}","templated":true}]}}