{"id":32038,"date":"2025-02-20T23:33:53","date_gmt":"2025-02-20T22:33:53","guid":{"rendered":"http:\/\/olemosaic.com\/producto\/mug-de-ceramica-bailaora-granada-beige\/"},"modified":"2025-07-25T18:33:48","modified_gmt":"2025-07-25T16:33:48","slug":"mug-en-ceramique-danseuse-flamenco-grenade-beige","status":"publish","type":"product","link":"https:\/\/olemosaic.com\/fr\/produit\/mug-en-ceramique-danseuse-flamenco-grenade-beige\/","title":{"rendered":"Mug en c\u00e9ramique. Danseuse de Flamenco. Grenade. Beige."},"content":{"rendered":"<p>Ce mug en c\u00e9ramique, d\u00e9cor\u00e9 de l&rsquo;image de deux \u00e9l\u00e9gantes danseuses de flamenco, est un symbole unique de la riche culture de Grenade. Le design, qui fusionne des tons beige et rouge, pr\u00e9sente une danseuse avec un costume rouge vibrant \u00e0 volants, tandis que l&rsquo;autre porte une \u00e9l\u00e9gante robe noire \u00e0 pois, soulignant ainsi la diversit\u00e9 de la danse flamenco. Les impressionnantes fleurs rouges qui ornent le mug compl\u00e8tent l&rsquo;ensemble, transmettant la passion et la vitalit\u00e9 qui caract\u00e9risent cette tradition artistique.<\/p>\n<p>Le mot \u00ab Granada \u00bb, mis en valeur par des couleurs vibrantes, tr\u00f4ne fi\u00e8rement sur le mug, rappelant constamment la ville qui a \u00e9t\u00e9 l&rsquo;\u00e9picentre de l&rsquo;art et de la culture flamenco. Id\u00e9al pour savourer vos boissons pr\u00e9f\u00e9r\u00e9es, ce mug n&rsquo;est pas seulement pratique, il \u00e9voque aussi l&rsquo;essence des nuits de flamenco dans les tablaos de Grenade.<\/p>\n<p>Chez Ol\u00e9 Mosaic, nous nous sp\u00e9cialisons dans la distribution de souvenirs authentiques, et cette pi\u00e8ce en c\u00e9ramique est un excellent exemple des souvenirs de Grenade qui capturent son esprit vibrant. Ce mug est une excellente option pour les boutiques de cadeaux touristiques qui cherchent \u00e0 offrir des produits connectant les visiteurs \u00e0 la culture locale et refl\u00e9tant la richesse des traditions espagnoles. Avec nos mugs en c\u00e9ramique, nous offrons aux grossistes de souvenirs l&rsquo;opportunit\u00e9 de pr\u00e9senter l&rsquo;art espagnol authentique \u00e0 leurs clients.<\/p>\n","protected":false},"excerpt":{"rendered":"<p>Tasse en c\u00e9ramique d\u00e9cor\u00e9e de l&rsquo;image de deux \u00e9l\u00e9gantes danseuses de flamenco, repr\u00e9sentant l&rsquo;essence culturelle de Grenade. Ce design unique, dans des tons beige et rouge, inclut des \u00e9l\u00e9ments distinctifs tels que des fleurs rouges et des d\u00e9tails en noir. L&rsquo;une des danseuses porte une robe rouge, tandis que l&rsquo;autre porte un costume noir \u00e0 pois. La pi\u00e8ce pr\u00e9sente \u00e9galement le mot \u00ab\u00a0Granada\u00a0\u00bb mis en valeur par des couleurs vibrantes. Id\u00e9al pour savourer vos boissons pr\u00e9f\u00e9r\u00e9es tout en \u00e9voquant la passion du flamenco.<\/p>\n","protected":false},"featured_media":6876,"template":"","meta":{"_acf_changed":false},"product_brand":[],"product_cat":[728],"product_tag":[585],"class_list":{"0":"post-32038","1":"product","2":"type-product","3":"status-publish","4":"has-post-thumbnail","6":"product_cat-mugs","7":"product_tag-ceramique","8":"pa_ciudad-granada","9":"pa_motivo-danseurs","10":"pa_pais-espana","12":"first","13":"instock","14":"shipping-taxable","15":"product-type-simple"},"acf":[],"_links":{"self":[{"href":"https:\/\/olemosaic.com\/fr\/wp-json\/wp\/v2\/product\/32038","targetHints":{"allow":["GET"]}}],"collection":[{"href":"https:\/\/olemosaic.com\/fr\/wp-json\/wp\/v2\/product"}],"about":[{"href":"https:\/\/olemosaic.com\/fr\/wp-json\/wp\/v2\/types\/product"}],"wp:featuredmedia":[{"embeddable":true,"href":"https:\/\/olemosaic.com\/fr\/wp-json\/wp\/v2\/media\/6876"}],"wp:attachment":[{"href":"https:\/\/olemosaic.com\/fr\/wp-json\/wp\/v2\/media?parent=32038"}],"wp:term":[{"taxonomy":"product_brand","embeddable":true,"href":"https:\/\/olemosaic.com\/fr\/wp-json\/wp\/v2\/product_brand?post=32038"},{"taxonomy":"product_cat","embeddable":true,"href":"https:\/\/olemosaic.com\/fr\/wp-json\/wp\/v2\/product_cat?post=32038"},{"taxonomy":"product_tag","embeddable":true,"href":"https:\/\/olemosaic.com\/fr\/wp-json\/wp\/v2\/product_tag?post=32038"}],"curies":[{"name":"wp","href":"https:\/\/api.w.org\/{rel}","templated":true}]}}