{"id":32037,"date":"2025-02-20T23:33:52","date_gmt":"2025-02-20T22:33:52","guid":{"rendered":"http:\/\/olemosaic.com\/producto\/mug-de-ceramica-meninas-madrid-blanco-95-cm\/"},"modified":"2025-07-25T18:46:43","modified_gmt":"2025-07-25T16:46:43","slug":"mug-en-ceramique-menines-madrid-blanc-9-5-cm","status":"publish","type":"product","link":"https:\/\/olemosaic.com\/fr\/produit\/mug-en-ceramique-menines-madrid-blanc-9-5-cm\/","title":{"rendered":"Mug en c\u00e9ramique. Les M\u00e9nines. Madrid. Blanc. 9,5 cm."},"content":{"rendered":"<p>Ce mug en c\u00e9ramique, d\u00e9cor\u00e9 de la figure embl\u00e9matique des M\u00e9nines, est un hommage \u00e0 l&rsquo;essence de Madrid. D&rsquo;une hauteur de 9,5 cm, ce produit fonctionnel se distingue tant par sa taille id\u00e9ale que par son design vibrant, qui fusionne art et tradition. L&rsquo;illustration pr\u00e9sente une M\u00e9nine blonde, v\u00eatue d&rsquo;un costume color\u00e9, sur un fond compos\u00e9 de formes g\u00e9om\u00e9triques \u00e9voquant la c\u00e9l\u00e8bre mosa\u00efque madril\u00e8ne, cr\u00e9ant un attrait visuel captivant. Les couleurs vives et le style joyeux de la c\u00e9ramique apportent une touche de modernit\u00e9 et de culture, transformant chaque gorg\u00e9e en une c\u00e9l\u00e9bration de l&rsquo;h\u00e9ritage artistique de la ville.<\/p>\n<p>Ce mug, avec son fond blanc et ses d\u00e9tails dans divers tons, refl\u00e8te l&rsquo;esprit festif et culturel de Madrid, faisant allusion aux chefs-d&rsquo;\u0153uvre de Diego Vel\u00e1zquez expos\u00e9s au Mus\u00e9e du Prado. C&rsquo;est un excellent souvenir de Madrid, parfait pour savourer vos boissons pr\u00e9f\u00e9r\u00e9es et pour se rem\u00e9morer des moments sp\u00e9ciaux v\u00e9cus dans la capitale espagnole. Chez Ol\u00e9 Mosaic, en tant que distributeurs de souvenirs en gros, nous proposons des produits authentiques qui capturent l&rsquo;essence des traditions locales, ce mug \u00e9tant une option id\u00e9ale pour les boutiques de cadeaux touristiques cherchant \u00e0 offrir \u00e0 leurs clients des souvenirs significatifs de Madrid.<\/p>\n","protected":false},"excerpt":{"rendered":"<p>Tasse en c\u00e9ramique d\u00e9cor\u00e9e de l&rsquo;ic\u00f4ne des M\u00e9nines, repr\u00e9sentant l&rsquo;essence de Madrid. Ce design attrayant pr\u00e9sente des couleurs vives et des formes g\u00e9om\u00e9triques \u00e9voquant la c\u00e9l\u00e8bre mosa\u00efque. Sur le devant, une M\u00e9nine aux cheveux blonds et \u00e0 la robe color\u00e9e est accompagn\u00e9e d&rsquo;autres \u00e9l\u00e9ments artistiques. D&rsquo;une hauteur de 9,5 cm, c&rsquo;est un produit fonctionnel qui combine art et tradition, id\u00e9al pour savourer vos boissons pr\u00e9f\u00e9r\u00e9es.<\/p>\n","protected":false},"featured_media":9965,"template":"","meta":{"_acf_changed":false},"product_brand":[],"product_cat":[728],"product_tag":[585],"class_list":{"0":"post-32037","1":"product","2":"type-product","3":"status-publish","4":"has-post-thumbnail","6":"product_cat-mugs","7":"product_tag-ceramique","8":"pa_ciudad-madrid","9":"pa_motivo-menines","10":"pa_pais-espana","12":"first","13":"instock","14":"shipping-taxable","15":"product-type-simple"},"acf":[],"_links":{"self":[{"href":"https:\/\/olemosaic.com\/fr\/wp-json\/wp\/v2\/product\/32037","targetHints":{"allow":["GET"]}}],"collection":[{"href":"https:\/\/olemosaic.com\/fr\/wp-json\/wp\/v2\/product"}],"about":[{"href":"https:\/\/olemosaic.com\/fr\/wp-json\/wp\/v2\/types\/product"}],"wp:featuredmedia":[{"embeddable":true,"href":"https:\/\/olemosaic.com\/fr\/wp-json\/wp\/v2\/media\/9965"}],"wp:attachment":[{"href":"https:\/\/olemosaic.com\/fr\/wp-json\/wp\/v2\/media?parent=32037"}],"wp:term":[{"taxonomy":"product_brand","embeddable":true,"href":"https:\/\/olemosaic.com\/fr\/wp-json\/wp\/v2\/product_brand?post=32037"},{"taxonomy":"product_cat","embeddable":true,"href":"https:\/\/olemosaic.com\/fr\/wp-json\/wp\/v2\/product_cat?post=32037"},{"taxonomy":"product_tag","embeddable":true,"href":"https:\/\/olemosaic.com\/fr\/wp-json\/wp\/v2\/product_tag?post=32037"}],"curies":[{"name":"wp","href":"https:\/\/api.w.org\/{rel}","templated":true}]}}