{"id":32036,"date":"2025-02-20T23:33:52","date_gmt":"2025-02-20T22:33:52","guid":{"rendered":"http:\/\/olemosaic.com\/producto\/mug-de-ceramica-bailaora-beige\/"},"modified":"2025-07-25T18:54:50","modified_gmt":"2025-07-25T16:54:50","slug":"mug-en-ceramique-danseuse-flamenco-beige","status":"publish","type":"product","link":"https:\/\/olemosaic.com\/fr\/produit\/mug-en-ceramique-danseuse-flamenco-beige\/","title":{"rendered":"Mug en c\u00e9ramique. Danseuse de Flamenco. Beige."},"content":{"rendered":"<p>Ce mug en c\u00e9ramique d\u00e9cor\u00e9 d&rsquo;\u00e9l\u00e9gantes illustrations de danseuses de flamenco capture l&rsquo;essence vibrante du folklore espagnol. Avec un design combinant des tons beige et rouge, la tasse montre deux femmes v\u00eatues de costumes traditionnels : l&rsquo;une avec une robe rouge \u00e0 pois blancs et l&rsquo;autre avec une impressionnante robe noire \u00e0 volants, toutes deux dans des poses dynamiques qui \u00e9voquent le mouvement et la passion du flamenco. Le mot \u00ab\u00a0ESPA\u00d1A\u00a0\u00bb, orn\u00e9 de d\u00e9licates roses rouges, plonge les utilisateurs dans l&rsquo;esprit culturel du pays.<\/p>\n<p>La c\u00e9ramique de haute qualit\u00e9 garantit la durabilit\u00e9 et une pr\u00e9sentation impeccable, faisant de ce mug un souvenir id\u00e9al pour ceux qui souhaitent emporter avec eux un morceau du riche h\u00e9ritage andalou. Ce souvenir n&rsquo;est pas seulement fonctionnel, c&rsquo;est aussi une d\u00e9claration de style et d&rsquo;authenticit\u00e9, ce qui en fait un objet d\u00e9sirable pour les touristes et les amoureux de la culture espagnole. De plus, le mug comprend une cuill\u00e8re assortie, un compl\u00e9ment parfait pour d\u00e9guster une boisson chaude comme un caf\u00e9 ou un th\u00e9.<\/p>\n<p>Chez Ol\u00e9 Mosaic, nous nous sp\u00e9cialisons dans la distribution en gros de souvenirs, offrant des mugs en c\u00e9ramique authentiques qui repr\u00e9sentent la tradition espagnole. Ce mug de danseuses est un choix exceptionnel pour les boutiques de cadeaux touristiques \u00e0 la recherche de produits uniques refl\u00e9tant la richesse culturelle de l&rsquo;Espagne, id\u00e9al pour attirer ceux qui recherchent des souvenirs de qualit\u00e9 avec une forte composante culturelle.<\/p>\n","protected":false},"excerpt":{"rendered":"<p>Mug en c\u00e9ramique d\u00e9cor\u00e9 d&rsquo;\u00e9l\u00e9gantes illustrations de danseuses de flamenco, capturant l&rsquo;essence du folklore espagnol. Dans des tons beige et rouge, le design montre deux femmes en costumes traditionnels : l&rsquo;une \u00e0 pois rouges et l&rsquo;autre avec une robe noire \u00e0 volants, chacune dans une pose dynamique. Le mot \u00ab\u00a0ESPA\u00d1A\u00a0\u00bb, orn\u00e9 de roses rouges, compl\u00e8te l&rsquo;ensemble, faisant de cette tasse une pi\u00e8ce unique et distinctive pour les amoureux de la culture andalouse. Comprend \u00e9galement une cuill\u00e8re assortie, id\u00e9ale pour savourer votre boisson pr\u00e9f\u00e9r\u00e9e.<\/p>\n","protected":false},"featured_media":6860,"template":"","meta":{"_acf_changed":false},"product_brand":[],"product_cat":[728],"product_tag":[585],"class_list":{"0":"post-32036","1":"product","2":"type-product","3":"status-publish","4":"has-post-thumbnail","6":"product_cat-mugs","7":"product_tag-ceramique","8":"pa_motivo-danseurs","10":"first","11":"instock","12":"shipping-taxable","13":"product-type-simple"},"acf":[],"_links":{"self":[{"href":"https:\/\/olemosaic.com\/fr\/wp-json\/wp\/v2\/product\/32036","targetHints":{"allow":["GET"]}}],"collection":[{"href":"https:\/\/olemosaic.com\/fr\/wp-json\/wp\/v2\/product"}],"about":[{"href":"https:\/\/olemosaic.com\/fr\/wp-json\/wp\/v2\/types\/product"}],"wp:featuredmedia":[{"embeddable":true,"href":"https:\/\/olemosaic.com\/fr\/wp-json\/wp\/v2\/media\/6860"}],"wp:attachment":[{"href":"https:\/\/olemosaic.com\/fr\/wp-json\/wp\/v2\/media?parent=32036"}],"wp:term":[{"taxonomy":"product_brand","embeddable":true,"href":"https:\/\/olemosaic.com\/fr\/wp-json\/wp\/v2\/product_brand?post=32036"},{"taxonomy":"product_cat","embeddable":true,"href":"https:\/\/olemosaic.com\/fr\/wp-json\/wp\/v2\/product_cat?post=32036"},{"taxonomy":"product_tag","embeddable":true,"href":"https:\/\/olemosaic.com\/fr\/wp-json\/wp\/v2\/product_tag?post=32036"}],"curies":[{"name":"wp","href":"https:\/\/api.w.org\/{rel}","templated":true}]}}