{"id":32035,"date":"2025-02-20T23:33:52","date_gmt":"2025-02-20T22:33:52","guid":{"rendered":"http:\/\/olemosaic.com\/producto\/mug-de-ceramica-salamandra-mallorca-beige\/"},"modified":"2025-07-25T19:57:00","modified_gmt":"2025-07-25T17:57:00","slug":"mug-en-ceramique-salamandre-majorque-beige-fr","status":"publish","type":"product","link":"https:\/\/olemosaic.com\/fr\/produit\/mug-en-ceramique-salamandre-majorque-beige-fr\/","title":{"rendered":"Mug en c\u00e9ramique. Salamandre. Majorque. Beige."},"content":{"rendered":"<p>Ce mug en c\u00e9ramique, d\u00e9cor\u00e9 de salamandres color\u00e9es, est un souvenir vibrant et joyeux qui capture l&rsquo;essence de Majorque. Son design artistique pr\u00e9sente une mosa\u00efque de salamandres, repr\u00e9sentant la faune typique de l&rsquo;\u00eele. Ces cr\u00e9atures, connues pour leur beaut\u00e9 et leur diversit\u00e9, sont accompagn\u00e9es de charmantes fleurs qui ajoutent une touche de fra\u00eecheur et de vitalit\u00e9 \u00e0 l&rsquo;objet. Le mug pr\u00e9sente un ton beige \u00e9l\u00e9gant sur la partie sup\u00e9rieure, qui contraste merveilleusement avec le rouge chaleureux de l&rsquo;int\u00e9rieur et de l&rsquo;anse, rehaussant l&rsquo;esth\u00e9tique g\u00e9n\u00e9rale et transformant chaque tasse de caf\u00e9 ou de th\u00e9 en une exp\u00e9rience visuellement attrayante.<\/p>\n<p>Le mot \u00ab\u00a0MALLORCA\u00a0\u00bb est imprim\u00e9 de mani\u00e8re artistique, faisant de ce mug un souvenir unique qui \u00e9voque l&rsquo;affection pour l&rsquo;\u00eele des Bal\u00e9ares. Ce produit n&rsquo;est pas seulement fonctionnel, il est aussi repr\u00e9sentatif, faisant \u00e9cho \u00e0 la riche nature de Majorque et \u00e0 sa culture color\u00e9e. Id\u00e9al pour les touristes \u00e0 la recherche d&rsquo;un souvenir authentique et original, ce mug est un choix parfait pour ceux qui souhaitent ramener un morceau de Majorque chez eux.<\/p>\n<p>Chez Ol\u00e9 Mosaic, nous nous sp\u00e9cialisons dans la distribution de souvenirs en c\u00e9ramique en gros, offrant des produits qui refl\u00e8tent l&rsquo;essence culturelle de chaque r\u00e9gion. En tant que grossistes de souvenirs, nous garantissons la qualit\u00e9 et l&rsquo;authenticit\u00e9 de chaque pi\u00e8ce, faisant de ce mug un excellent choix pour les boutiques de cadeaux touristiques \u00e0 la recherche de produits authentiques et repr\u00e9sentatifs.<\/p>\n","protected":false},"excerpt":{"rendered":"<p>Tasse en c\u00e9ramique d\u00e9cor\u00e9e de salamandres color\u00e9es, repr\u00e9sentant la faune de Majorque. Ce design attrayant inclut des d\u00e9tails de mosa\u00efque et des fleurs, apportant une touche vibrante et joyeuse. La partie sup\u00e9rieure est d&rsquo;un ton beige \u00e9l\u00e9gant, tandis que l&rsquo;int\u00e9rieur et l&rsquo;anse sont d&rsquo;un rouge chaleureux, rehaussant l&rsquo;esth\u00e9tique g\u00e9n\u00e9rale. Le mot \u00ab\u00a0MALLORCA\u00a0\u00bb est imprim\u00e9 de mani\u00e8re artistique, en faisant un souvenir unique de l&rsquo;\u00eele. Id\u00e9al pour savourer vos boissons pr\u00e9f\u00e9r\u00e9es.<\/p>\n","protected":false},"featured_media":6726,"template":"","meta":{"_acf_changed":false},"product_brand":[],"product_cat":[728],"product_tag":[530,585],"class_list":{"0":"post-32035","1":"product","2":"type-product","3":"status-publish","4":"has-post-thumbnail","6":"product_cat-mugs","7":"product_tag-animaux","8":"product_tag-ceramique","9":"pa_ciudad-mallorca","10":"pa_motivo-salamandres","11":"pa_pais-espana","13":"first","14":"instock","15":"shipping-taxable","16":"product-type-simple"},"acf":[],"_links":{"self":[{"href":"https:\/\/olemosaic.com\/fr\/wp-json\/wp\/v2\/product\/32035","targetHints":{"allow":["GET"]}}],"collection":[{"href":"https:\/\/olemosaic.com\/fr\/wp-json\/wp\/v2\/product"}],"about":[{"href":"https:\/\/olemosaic.com\/fr\/wp-json\/wp\/v2\/types\/product"}],"wp:featuredmedia":[{"embeddable":true,"href":"https:\/\/olemosaic.com\/fr\/wp-json\/wp\/v2\/media\/6726"}],"wp:attachment":[{"href":"https:\/\/olemosaic.com\/fr\/wp-json\/wp\/v2\/media?parent=32035"}],"wp:term":[{"taxonomy":"product_brand","embeddable":true,"href":"https:\/\/olemosaic.com\/fr\/wp-json\/wp\/v2\/product_brand?post=32035"},{"taxonomy":"product_cat","embeddable":true,"href":"https:\/\/olemosaic.com\/fr\/wp-json\/wp\/v2\/product_cat?post=32035"},{"taxonomy":"product_tag","embeddable":true,"href":"https:\/\/olemosaic.com\/fr\/wp-json\/wp\/v2\/product_tag?post=32035"}],"curies":[{"name":"wp","href":"https:\/\/api.w.org\/{rel}","templated":true}]}}