{"id":32034,"date":"2025-02-20T23:33:52","date_gmt":"2025-02-20T22:33:52","guid":{"rendered":"http:\/\/olemosaic.com\/producto\/mug-de-ceramica-gato-beige-2\/"},"modified":"2025-07-25T18:48:02","modified_gmt":"2025-07-25T16:48:02","slug":"mug-en-ceramique-chat-beige-2","status":"publish","type":"product","link":"https:\/\/olemosaic.com\/fr\/produit\/mug-en-ceramique-chat-beige-2\/","title":{"rendered":"Mug en c\u00e9ramique. Chat. Mosa\u00efque. Beige."},"content":{"rendered":"<p>Ce mug en c\u00e9ramique d\u00e9cor\u00e9 est une pi\u00e8ce unique qui fusionne art et fonctionnalit\u00e9, id\u00e9ale pour ceux qui recherchent des souvenirs color\u00e9s et repr\u00e9sentatifs du sud de l&rsquo;Europe. Avec un design attrayant en mosa\u00efque, le mug pr\u00e9sente un chat stylis\u00e9 dans des tons vibrants de bleu, rouge, vert et jaune, entour\u00e9 de d\u00e9licats papillons qui \u00e9voquent la faune typique de la r\u00e9gion. Sa finition ext\u00e9rieure lustr\u00e9e contraste avec l&rsquo;int\u00e9rieur beige, ce qui lui conf\u00e8re un air sophistiqu\u00e9 et moderne.<\/p>\n<p>La c\u00e9ramique utilis\u00e9e garantit la durabilit\u00e9, tandis que sa forme ergonomique facilite une prise en main confortable, en faisant un objet d\u00e9coratif et le compagnon id\u00e9al pour les boissons quotidiennes, du caf\u00e9 aux infusions. De plus, le mug comprend une cuill\u00e8re en c\u00e9ramique assortie, ajoutant une touche sp\u00e9ciale \u00e0 l&rsquo;exp\u00e9rience. Ce mug est plus qu&rsquo;un simple souvenir ; c&rsquo;est une repr\u00e9sentation authentique de l&rsquo;art et de la culture de la r\u00e9gion, id\u00e9ale pour les touristes souhaitant emporter un morceau du charme espagnol ou portugais. Chez Ol\u00e9 Mosaic, nous sommes fiers de proposer des produits en gros qui capturent l&rsquo;essence culturelle de chaque destination, faisant de ce mug un cadeau parfait pour les boutiques de souvenirs \u00e0 la recherche de qualit\u00e9 et d&rsquo;originalit\u00e9.<\/p>\n","protected":false},"excerpt":{"rendered":"<p>Tasse en c\u00e9ramique d\u00e9cor\u00e9e d&rsquo;un design color\u00e9 de chat en style mosa\u00efque, parfaite pour ajouter une touche artistique \u00e0 vos boissons. Cette pi\u00e8ce unique, aux tonalit\u00e9s bleues, rouges, vertes et jaunes, repr\u00e9sente un chat stylis\u00e9 entour\u00e9 de papillons, \u00e9voquant la faune typique du sud de l&rsquo;Europe. Avec une finition brillante, son int\u00e9rieur beige contraste avec la d\u00e9coration ext\u00e9rieure vibrante, en faisant un souvenir pratique et attrayant. Comprend une cuill\u00e8re en c\u00e9ramique assortie.<\/p>\n","protected":false},"featured_media":10386,"template":"","meta":{"_acf_changed":false},"product_brand":[],"product_cat":[728],"product_tag":[530,585],"class_list":{"0":"post-32034","1":"product","2":"type-product","3":"status-publish","4":"has-post-thumbnail","6":"product_cat-mugs","7":"product_tag-animaux","8":"product_tag-ceramique","9":"pa_motivo-chats","11":"first","12":"instock","13":"shipping-taxable","14":"product-type-simple"},"acf":[],"_links":{"self":[{"href":"https:\/\/olemosaic.com\/fr\/wp-json\/wp\/v2\/product\/32034","targetHints":{"allow":["GET"]}}],"collection":[{"href":"https:\/\/olemosaic.com\/fr\/wp-json\/wp\/v2\/product"}],"about":[{"href":"https:\/\/olemosaic.com\/fr\/wp-json\/wp\/v2\/types\/product"}],"wp:featuredmedia":[{"embeddable":true,"href":"https:\/\/olemosaic.com\/fr\/wp-json\/wp\/v2\/media\/10386"}],"wp:attachment":[{"href":"https:\/\/olemosaic.com\/fr\/wp-json\/wp\/v2\/media?parent=32034"}],"wp:term":[{"taxonomy":"product_brand","embeddable":true,"href":"https:\/\/olemosaic.com\/fr\/wp-json\/wp\/v2\/product_brand?post=32034"},{"taxonomy":"product_cat","embeddable":true,"href":"https:\/\/olemosaic.com\/fr\/wp-json\/wp\/v2\/product_cat?post=32034"},{"taxonomy":"product_tag","embeddable":true,"href":"https:\/\/olemosaic.com\/fr\/wp-json\/wp\/v2\/product_tag?post=32034"}],"curies":[{"name":"wp","href":"https:\/\/api.w.org\/{rel}","templated":true}]}}