{"id":32033,"date":"2025-02-20T23:33:52","date_gmt":"2025-02-20T22:33:52","guid":{"rendered":"http:\/\/olemosaic.com\/producto\/mug-de-ceramica-la-alhambra-granada-beige\/"},"modified":"2025-07-25T18:55:37","modified_gmt":"2025-07-25T16:55:37","slug":"mug-en-ceramique-l-alhambra-grenade-beige","status":"publish","type":"product","link":"https:\/\/olemosaic.com\/fr\/produit\/mug-en-ceramique-l-alhambra-grenade-beige\/","title":{"rendered":"Mug en c\u00e9ramique. L&rsquo;Alhambra. Grenade. Beige."},"content":{"rendered":"<p>Ce mug en c\u00e9ramique d\u00e9cor\u00e9 est un hommage impressionnant \u00e0 la majestueuse Alhambra, le monument embl\u00e9matique de Grenade, et constitue un souvenir id\u00e9al pour ceux qui souhaitent emporter un morceau de cette ville magique. Son design contemporain pr\u00e9sente un fond beige qui rehausse la richesse des couleurs vives dans les tons verts, bleus et oranges, une repr\u00e9sentation \u00e9clatante des jardins et de la magnifique architecture du palais. Sur la partie sup\u00e9rieure, un bord rouge vibrant attire l&rsquo;attention, tandis que le mot \u00ab\u00a0Grenade\u00a0\u00bb se d\u00e9tache avec une typographie soign\u00e9e, soulignant sa connexion avec la culture locale.<\/p>\n<p>Ce mug \u00e9l\u00e9gant n&rsquo;est pas seulement parfait pour savourer une tasse de caf\u00e9 ou de th\u00e9 chaud, il comprend \u00e9galement une cuill\u00e8re en c\u00e9ramique assortie, qui compl\u00e8te son style et sa fonctionnalit\u00e9. Chaque gorg\u00e9e de votre boisson pr\u00e9f\u00e9r\u00e9e vous rappellera l&rsquo;histoire et la beaut\u00e9 de l&rsquo;Alhambra, un lieu qui a \u00e9t\u00e9 une source d&rsquo;inspiration et d&rsquo;admiration au fil des si\u00e8cles.<\/p>\n<p>En tant que distributeur de souvenirs en gros, Ol\u00e9 Mosaic pr\u00e9sente ce mug en c\u00e9ramique comme une pi\u00e8ce authentique repr\u00e9sentative de Grenade, id\u00e9ale pour les boutiques de cadeaux touristiques cherchant \u00e0 proposer des articles ayant une signification culturelle. Ce mug n&rsquo;est pas seulement un objet, mais un souvenir tangible de l&rsquo;une des villes les plus embl\u00e9matiques d&rsquo;Espagne et une excellente option pour ceux qui souhaitent emporter une partie de son h\u00e9ritage.<\/p>\n","protected":false},"excerpt":{"rendered":"<p>Mug en c\u00e9ramique d\u00e9cor\u00e9 d&rsquo;un design color\u00e9 de l&rsquo;Alhambra, le monument embl\u00e9matique de Grenade. Ce r\u00e9cipient \u00e9l\u00e9gant de forme contemporaine se distingue par son fond beige et ses d\u00e9tails dans les tons verts, bleus et oranges, repr\u00e9sentant les jardins et l&rsquo;architecture du palais. La partie sup\u00e9rieure pr\u00e9sente un bord rouge vibrant et le mot \u00ab\u00a0Grenade\u00a0\u00bb ressort dans une typographie \u00e9l\u00e9gante. Comprend une cuill\u00e8re en c\u00e9ramique qui compl\u00e8te son style, id\u00e9al pour savourer des boissons chaudes et comme souvenir de cette ville magique.<\/p>\n","protected":false},"featured_media":7010,"template":"","meta":{"_acf_changed":false},"product_brand":[],"product_cat":[728],"product_tag":[585],"class_list":{"0":"post-32033","1":"product","2":"type-product","3":"status-publish","4":"has-post-thumbnail","6":"product_cat-mugs","7":"product_tag-ceramique","8":"pa_ciudad-granada","9":"pa_motivo-lalhambra","10":"pa_pais-espana","12":"first","13":"instock","14":"shipping-taxable","15":"product-type-simple"},"acf":[],"_links":{"self":[{"href":"https:\/\/olemosaic.com\/fr\/wp-json\/wp\/v2\/product\/32033","targetHints":{"allow":["GET"]}}],"collection":[{"href":"https:\/\/olemosaic.com\/fr\/wp-json\/wp\/v2\/product"}],"about":[{"href":"https:\/\/olemosaic.com\/fr\/wp-json\/wp\/v2\/types\/product"}],"wp:featuredmedia":[{"embeddable":true,"href":"https:\/\/olemosaic.com\/fr\/wp-json\/wp\/v2\/media\/7010"}],"wp:attachment":[{"href":"https:\/\/olemosaic.com\/fr\/wp-json\/wp\/v2\/media?parent=32033"}],"wp:term":[{"taxonomy":"product_brand","embeddable":true,"href":"https:\/\/olemosaic.com\/fr\/wp-json\/wp\/v2\/product_brand?post=32033"},{"taxonomy":"product_cat","embeddable":true,"href":"https:\/\/olemosaic.com\/fr\/wp-json\/wp\/v2\/product_cat?post=32033"},{"taxonomy":"product_tag","embeddable":true,"href":"https:\/\/olemosaic.com\/fr\/wp-json\/wp\/v2\/product_tag?post=32033"}],"curies":[{"name":"wp","href":"https:\/\/api.w.org\/{rel}","templated":true}]}}