{"id":32032,"date":"2025-02-20T23:33:52","date_gmt":"2025-02-20T22:33:52","guid":{"rendered":"http:\/\/olemosaic.com\/producto\/mug-de-ceramica-marbella-azul-95-cm\/"},"modified":"2025-07-25T18:57:06","modified_gmt":"2025-07-25T16:57:06","slug":"mug-en-ceramique-marbella-bleu-9-5-cm","status":"publish","type":"product","link":"https:\/\/olemosaic.com\/fr\/produit\/mug-en-ceramique-marbella-bleu-9-5-cm\/","title":{"rendered":"Mug en c\u00e9ramique. Marbella. Bleu. 9,5 cm."},"content":{"rendered":"<p>Ce mug en c\u00e9ramique d\u00e9cor\u00e9 d&rsquo;une illustration vibrante de Marbella est le moyen id\u00e9al d&#8217;emporter un petit morceau du charme andalou chez soi. D&rsquo;une taille de 9,5 cm, cette tasse color\u00e9e pr\u00e9sente un design qui met en avant l&rsquo;architecture remarquable de Marbella et ses murs blanchis \u00e0 la chaux embl\u00e9matiques, \u00e9voquant la beaut\u00e9 de la vieille ville. \u00c0 l&rsquo;ext\u00e9rieur, les tons bleus et chauds cr\u00e9ent un contraste visuel attrayant, compl\u00e9t\u00e9 par de d\u00e9licats motifs floraux qui apportent un air frais et joyeux. L&rsquo;image repr\u00e9sente des rues pav\u00e9es et des balcons orn\u00e9s de fleurs, se connectant \u00e0 l&rsquo;essence m\u00e9diterran\u00e9enne de la ville.<\/p>\n<p>L&rsquo;int\u00e9rieur de la tasse, d&rsquo;une couleur orange \u00e9clatante, souligne encore plus son caract\u00e8re joyeux, transformant chaque gorg\u00e9e de votre boisson pr\u00e9f\u00e9r\u00e9e en une c\u00e9l\u00e9bration du mode de vie c\u00f4tier. Ce mug est plus qu&rsquo;un simple r\u00e9cipient ; c&rsquo;est un souvenir de Marbella qui capture la riche histoire et la chaleur du sud de l&rsquo;Espagne, constituant une excellente option pour les touristes \u00e0 la recherche de souvenirs authentiques. Chez Ol\u00e9 Mosaic, nous sommes fiers d&rsquo;\u00eatre des distributeurs de souvenirs en c\u00e9ramique authentiques et repr\u00e9sentatifs des traditions espagnoles, offrant aux boutiques de cadeaux touristiques une s\u00e9lection id\u00e9ale de produits de qualit\u00e9. Ce mug en c\u00e9ramique est un parfait exemple de notre engagement envers l&rsquo;artisanat et l&rsquo;authenticit\u00e9, id\u00e9al pour ceux qui souhaitent se souvenir de leur exp\u00e9rience dans cette belle ville.<\/p>\n","protected":false},"excerpt":{"rendered":"<p>Mug en c\u00e9ramique d\u00e9cor\u00e9 d&rsquo;une illustration vibrante de Marbella, mettant en avant son architecture caract\u00e9ristique et ses murs blanchis \u00e0 la chaux embl\u00e9matiques. D&rsquo;une taille de 9,5 cm, cette tasse color\u00e9e pr\u00e9sente un magnifique design dans des tons bleus et chauds, incluant des motifs floraux et une repr\u00e9sentation de la vieille ville, cr\u00e9ant une ambiance joyeuse. L&rsquo;int\u00e9rieur de la tasse est d&rsquo;une couleur orange \u00e9clatante, qui contraste parfaitement avec l&rsquo;ext\u00e9rieur color\u00e9, id\u00e9al pour savourer votre boisson pr\u00e9f\u00e9r\u00e9e tout en vous rappelant la beaut\u00e9 de la M\u00e9diterran\u00e9e.<\/p>\n","protected":false},"featured_media":10728,"template":"","meta":{"_acf_changed":false},"product_brand":[],"product_cat":[728],"product_tag":[585],"class_list":{"0":"post-32032","1":"product","2":"type-product","3":"status-publish","4":"has-post-thumbnail","6":"product_cat-mugs","7":"product_tag-ceramique","8":"pa_ciudad-marbella","9":"pa_pais-espana","11":"first","12":"instock","13":"shipping-taxable","14":"product-type-simple"},"acf":[],"_links":{"self":[{"href":"https:\/\/olemosaic.com\/fr\/wp-json\/wp\/v2\/product\/32032","targetHints":{"allow":["GET"]}}],"collection":[{"href":"https:\/\/olemosaic.com\/fr\/wp-json\/wp\/v2\/product"}],"about":[{"href":"https:\/\/olemosaic.com\/fr\/wp-json\/wp\/v2\/types\/product"}],"wp:featuredmedia":[{"embeddable":true,"href":"https:\/\/olemosaic.com\/fr\/wp-json\/wp\/v2\/media\/10728"}],"wp:attachment":[{"href":"https:\/\/olemosaic.com\/fr\/wp-json\/wp\/v2\/media?parent=32032"}],"wp:term":[{"taxonomy":"product_brand","embeddable":true,"href":"https:\/\/olemosaic.com\/fr\/wp-json\/wp\/v2\/product_brand?post=32032"},{"taxonomy":"product_cat","embeddable":true,"href":"https:\/\/olemosaic.com\/fr\/wp-json\/wp\/v2\/product_cat?post=32032"},{"taxonomy":"product_tag","embeddable":true,"href":"https:\/\/olemosaic.com\/fr\/wp-json\/wp\/v2\/product_tag?post=32032"}],"curies":[{"name":"wp","href":"https:\/\/api.w.org\/{rel}","templated":true}]}}