{"id":32031,"date":"2025-02-20T23:33:52","date_gmt":"2025-02-20T22:33:52","guid":{"rendered":"http:\/\/olemosaic.com\/producto\/mug-de-ceramica-toro-beige\/"},"modified":"2025-07-25T20:39:59","modified_gmt":"2025-07-25T18:39:59","slug":"mug-en-ceramique-taureau-beige-fr","status":"publish","type":"product","link":"https:\/\/olemosaic.com\/fr\/produit\/mug-en-ceramique-taureau-beige-fr\/","title":{"rendered":"Mug en c\u00e9ramique. Taureau. Beige."},"content":{"rendered":"<p>Ce mug en c\u00e9ramique d\u00e9cor\u00e9 d&rsquo;un design vibrant de taureau est un v\u00e9ritable symbole de la culture espagnole. Son \u00e9l\u00e9gante finition beige contraste merveilleusement avec l&rsquo;int\u00e9rieur rouge, cr\u00e9ant un effet visuel attrayant qui captive l&rsquo;attention. La pi\u00e8ce pr\u00e9sente une mosa\u00efque color\u00e9e peinte \u00e0 la main, o\u00f9 les tons vifs de vert, bleu et rouge d\u00e9limitent la figure du taureau, une ic\u00f4ne repr\u00e9sentative de l&rsquo;esprit et de la tradition de l&rsquo;ESPAGNE. Ce design est compl\u00e9t\u00e9 par des d\u00e9tails d\u00e9coratifs qui \u00e9voquent la richesse culturelle du pays, ajoutant de la profondeur et du caract\u00e8re au produit.<\/p>\n<p>Int\u00e9grant le mot \u00ab\u00a0ESPAGNE\u00a0\u00bb de mani\u00e8re pro\u00e9minente, ce mug n&rsquo;est pas seulement id\u00e9al pour savourer vos boissons pr\u00e9f\u00e9r\u00e9es, mais il sert \u00e9galement de souvenir significatif pour quiconque souhaite emporter un morceau de la culture espagnole chez soi. Le lien culturel du taureau avec des traditions telles que la tauromachie souligne sa pertinence, faisant de ce mug un souvenir parfait pour les touristes en qu\u00eate d&rsquo;authenticit\u00e9 dans leurs achats.<\/p>\n<p>Chez Ol\u00e9 Mosaic, nous sommes des distributeurs de souvenirs en gros, proposant des articles uniques qui c\u00e9l\u00e8brent la diversit\u00e9 culturelle de l&rsquo;Espagne. Ce mug en c\u00e9ramique est une excellente option pour les boutiques de cadeaux touristiques \u00e0 la recherche de souvenirs en c\u00e9ramique authentiques, apportant une touche sp\u00e9ciale et repr\u00e9sentative du riche h\u00e9ritage espagnol.<\/p>\n","protected":false},"excerpt":{"rendered":"<p>Mug en c\u00e9ramique d\u00e9cor\u00e9 d&rsquo;un design vibrant de taureau, symbole embl\u00e9matique de l&rsquo;Espagne. Ce mug \u00e9l\u00e9gant, de couleur beige avec l&rsquo;int\u00e9rieur rouge, pr\u00e9sente un design artisanal en mosa\u00efque color\u00e9e, peint \u00e0 la main, qui se distingue par ses nuances vives de vert, bleu et rouge, mettant en valeur la figure du taureau sur un fond aux d\u00e9tails d\u00e9coratifs. De plus, il inclut le mot \u00ab\u00a0ESPAGNE\u00a0\u00bb, ajoutant une touche authentique et culturelle \u00e0 ce produit id\u00e9al pour savourer vos boissons pr\u00e9f\u00e9r\u00e9es.<\/p>\n","protected":false},"featured_media":6859,"template":"","meta":{"_acf_changed":false},"product_brand":[],"product_cat":[728],"product_tag":[530,585],"class_list":{"0":"post-32031","1":"product","2":"type-product","3":"status-publish","4":"has-post-thumbnail","6":"product_cat-mugs","7":"product_tag-animaux","8":"product_tag-ceramique","9":"pa_motivo-taureaux","11":"first","12":"instock","13":"shipping-taxable","14":"product-type-simple"},"acf":[],"_links":{"self":[{"href":"https:\/\/olemosaic.com\/fr\/wp-json\/wp\/v2\/product\/32031","targetHints":{"allow":["GET"]}}],"collection":[{"href":"https:\/\/olemosaic.com\/fr\/wp-json\/wp\/v2\/product"}],"about":[{"href":"https:\/\/olemosaic.com\/fr\/wp-json\/wp\/v2\/types\/product"}],"wp:featuredmedia":[{"embeddable":true,"href":"https:\/\/olemosaic.com\/fr\/wp-json\/wp\/v2\/media\/6859"}],"wp:attachment":[{"href":"https:\/\/olemosaic.com\/fr\/wp-json\/wp\/v2\/media?parent=32031"}],"wp:term":[{"taxonomy":"product_brand","embeddable":true,"href":"https:\/\/olemosaic.com\/fr\/wp-json\/wp\/v2\/product_brand?post=32031"},{"taxonomy":"product_cat","embeddable":true,"href":"https:\/\/olemosaic.com\/fr\/wp-json\/wp\/v2\/product_cat?post=32031"},{"taxonomy":"product_tag","embeddable":true,"href":"https:\/\/olemosaic.com\/fr\/wp-json\/wp\/v2\/product_tag?post=32031"}],"curies":[{"name":"wp","href":"https:\/\/api.w.org\/{rel}","templated":true}]}}