{"id":32030,"date":"2025-02-20T23:33:51","date_gmt":"2025-02-20T22:33:51","guid":{"rendered":"http:\/\/olemosaic.com\/producto\/mug-de-ceramica-salamandra-fuerteventura-beige\/"},"modified":"2025-07-25T20:26:55","modified_gmt":"2025-07-25T18:26:55","slug":"mug-en-ceramique-salamandre-fuerteventura-beige","status":"publish","type":"product","link":"https:\/\/olemosaic.com\/fr\/produit\/mug-en-ceramique-salamandre-fuerteventura-beige\/","title":{"rendered":"Mug en c\u00e9ramique. Salamandre. Fuerteventura. Beige."},"content":{"rendered":"<p>Ce mug en c\u00e9ramique, d\u00e9cor\u00e9 de motifs de salamandres et de fleurs, est une charmante repr\u00e9sentation de la biodiversit\u00e9 naturelle de Fuerteventura. Son design se distingue par un fond beige brillant qui apporte chaleur et \u00e9l\u00e9gance \u00e0 n&rsquo;importe quelle table. Orn\u00e9e d&rsquo;illustrations color\u00e9es de salamandres dans des tons vibrants de bleu, vert et terre cuite, chaque pi\u00e8ce est un hommage \u00e0 la faune end\u00e9mique de cette magnifique \u00eele des Canaries. Les d\u00e9licates fleurs vertes qui l&rsquo;accompagnent ajoutent une touche fra\u00eeche et naturelle, renfor\u00e7ant son attrait esth\u00e9tique.<\/p>\n<p>La pi\u00e8ce, \u00e9labor\u00e9e de mani\u00e8re artisanale, comprend une cuill\u00e8re assortie disponible en diff\u00e9rentes couleurs selon le mod\u00e8le, ce qui en fait non seulement un objet d&rsquo;usage quotidien, mais aussi un excellent souvenir pour les collectionneurs. Le mug est id\u00e9al pour savourer une boisson chaude r\u00e9confortante tout en \u00e9voquant la magie de Fuerteventura, faisant de chaque gorg\u00e9e une exp\u00e9rience m\u00e9morable et pleine de connexion culturelle.<\/p>\n<p>Chez Ol\u00e9 Mosaic, nous sommes fiers de proposer des souvenirs authentiques qui refl\u00e8tent l&rsquo;essence des r\u00e9gions qu&rsquo;ils repr\u00e9sentent. Ce mug est un choix parfait pour les boutiques de cadeaux touristiques \u00e0 la recherche de produits uniques, capables de capter l&rsquo;attention des visiteurs et de mettre en valeur la richesse naturelle de Fuerteventura. En tant que grossiste en c\u00e9ramique, nous garantissons la qualit\u00e9 et le design exceptionnel de chaque pi\u00e8ce.<\/p>\n","protected":false},"excerpt":{"rendered":"<p>Mug en c\u00e9ramique d\u00e9cor\u00e9 de salamandres et de fleurs, inspir\u00e9 par la diversit\u00e9 naturelle de Fuerteventura. Ce mug attrayant pr\u00e9sente un fond beige brillant, orn\u00e9 d&rsquo;illustrations color\u00e9es de salamandres dans des tons bleu, vert et terre cuite, ainsi que de d\u00e9licates fleurs vertes. La pi\u00e8ce, con\u00e7ue \u00e0 la main, comprend une petite cuill\u00e8re assortie de diff\u00e9rentes couleurs selon le mod\u00e8le, et est id\u00e9ale aussi bien pour un usage quotidien que pour les collectionneurs de souvenirs.<\/p>\n","protected":false},"featured_media":6988,"template":"","meta":{"_acf_changed":false},"product_brand":[],"product_cat":[728],"product_tag":[530,585],"class_list":{"0":"post-32030","1":"product","2":"type-product","3":"status-publish","4":"has-post-thumbnail","6":"product_cat-mugs","7":"product_tag-animaux","8":"product_tag-ceramique","9":"pa_ciudad-fuerteventura","10":"pa_motivo-salamandres","11":"pa_pais-espana","13":"first","14":"instock","15":"shipping-taxable","16":"product-type-simple"},"acf":[],"_links":{"self":[{"href":"https:\/\/olemosaic.com\/fr\/wp-json\/wp\/v2\/product\/32030","targetHints":{"allow":["GET"]}}],"collection":[{"href":"https:\/\/olemosaic.com\/fr\/wp-json\/wp\/v2\/product"}],"about":[{"href":"https:\/\/olemosaic.com\/fr\/wp-json\/wp\/v2\/types\/product"}],"wp:featuredmedia":[{"embeddable":true,"href":"https:\/\/olemosaic.com\/fr\/wp-json\/wp\/v2\/media\/6988"}],"wp:attachment":[{"href":"https:\/\/olemosaic.com\/fr\/wp-json\/wp\/v2\/media?parent=32030"}],"wp:term":[{"taxonomy":"product_brand","embeddable":true,"href":"https:\/\/olemosaic.com\/fr\/wp-json\/wp\/v2\/product_brand?post=32030"},{"taxonomy":"product_cat","embeddable":true,"href":"https:\/\/olemosaic.com\/fr\/wp-json\/wp\/v2\/product_cat?post=32030"},{"taxonomy":"product_tag","embeddable":true,"href":"https:\/\/olemosaic.com\/fr\/wp-json\/wp\/v2\/product_tag?post=32030"}],"curies":[{"name":"wp","href":"https:\/\/api.w.org\/{rel}","templated":true}]}}