{"id":32009,"date":"2025-02-20T23:33:51","date_gmt":"2025-02-20T22:33:51","guid":{"rendered":"http:\/\/olemosaic.com\/producto\/mug-de-ceramica-caballito-de-mar-beige\/"},"modified":"2025-07-25T19:30:11","modified_gmt":"2025-07-25T17:30:11","slug":"mug-en-ceramique-hippocampe-beige","status":"publish","type":"product","link":"https:\/\/olemosaic.com\/fr\/produit\/mug-en-ceramique-hippocampe-beige\/","title":{"rendered":"Mug en c\u00e9ramique. Hippocampe. Beige."},"content":{"rendered":"<p>Ce mug en c\u00e9ramique d\u00e9cor\u00e9 d&rsquo;hippocampes est un v\u00e9ritable hommage \u00e0 la beaut\u00e9 de la M\u00e9diterran\u00e9e. Avec un design vibrant et raffin\u00e9, il pr\u00e9sente une s\u00e9rie d&rsquo;hippocampes en mosa\u00efque, dispos\u00e9s harmonieusement sur un fond beige qui \u00e9voque le sable des plages m\u00e9diterran\u00e9ennes. Les couleurs vives, telles que le rouge, le bleu et le vert, rehaussent l&rsquo;esth\u00e9tique du mug, cr\u00e9ant une pi\u00e8ce visuellement captivante qui attire autant par son art que par sa fonctionnalit\u00e9.<\/p>\n<p>La partie sup\u00e9rieure du mug est orn\u00e9e d&rsquo;un \u00e9l\u00e9gant bord rouge, qui ajoute une touche de sophistication, tandis que sa forme ergonomique permet une prise en main confortable, id\u00e9ale pour savourer vos boissons pr\u00e9f\u00e9r\u00e9es. Compl\u00e9t\u00e9 par une cuill\u00e8re assortie, ce mug devient un cadeau exceptionnel pour ceux qui cherchent \u00e0 ramener un petit morceau de mer chez eux. Le design est une repr\u00e9sentation parfaite de la culture c\u00f4ti\u00e8re, capturant l&rsquo;essence du folklore m\u00e9diterran\u00e9en et sa richesse naturelle.<\/p>\n<p>Faisant partie de notre collection de souvenirs chez Ol\u00e9 Mosaic, ce mug d&rsquo;hippocampes est une excellente option pour les boutiques de cadeaux touristiques souhaitant proposer des produits authentiques et de qualit\u00e9. Sa pertinence culturelle et esth\u00e9tique en fait un souvenir tr\u00e8s sp\u00e9cial qui enchantera les touristes \u00e0 la recherche de souvenirs uniques. En tant que grossistes d&rsquo;articles traditionnels, nous garantissons que chaque pi\u00e8ce est un t\u00e9moignage du riche h\u00e9ritage artisanal de la M\u00e9diterran\u00e9e.<\/p>\n","protected":false},"excerpt":{"rendered":"<p>Tasse en c\u00e9ramique d\u00e9cor\u00e9e de joyeux hippocampes, inspir\u00e9e par la beaut\u00e9 de la M\u00e9diterran\u00e9e. Ce design raffin\u00e9 pr\u00e9sente des motifs de mosa\u00efque dans des tons vibrants de rouge, bleu et vert, sur un fond beige, \u00e9voquant une ambiance maritime. La partie sup\u00e9rieure de la tasse est compl\u00e9t\u00e9e par un bord rouge et la pi\u00e8ce comprend une cuill\u00e8re assortie, parfaite pour savourer vos boissons pr\u00e9f\u00e9r\u00e9es avec une touche artistique.<\/p>\n","protected":false},"featured_media":6939,"template":"","meta":{"_acf_changed":false},"product_brand":[],"product_cat":[728],"product_tag":[530,585],"class_list":{"0":"post-32009","1":"product","2":"type-product","3":"status-publish","4":"has-post-thumbnail","6":"product_cat-mugs","7":"product_tag-animaux","8":"product_tag-ceramique","9":"pa_motivo-hippocampes","11":"first","12":"instock","13":"shipping-taxable","14":"product-type-simple"},"acf":[],"_links":{"self":[{"href":"https:\/\/olemosaic.com\/fr\/wp-json\/wp\/v2\/product\/32009","targetHints":{"allow":["GET"]}}],"collection":[{"href":"https:\/\/olemosaic.com\/fr\/wp-json\/wp\/v2\/product"}],"about":[{"href":"https:\/\/olemosaic.com\/fr\/wp-json\/wp\/v2\/types\/product"}],"wp:featuredmedia":[{"embeddable":true,"href":"https:\/\/olemosaic.com\/fr\/wp-json\/wp\/v2\/media\/6939"}],"wp:attachment":[{"href":"https:\/\/olemosaic.com\/fr\/wp-json\/wp\/v2\/media?parent=32009"}],"wp:term":[{"taxonomy":"product_brand","embeddable":true,"href":"https:\/\/olemosaic.com\/fr\/wp-json\/wp\/v2\/product_brand?post=32009"},{"taxonomy":"product_cat","embeddable":true,"href":"https:\/\/olemosaic.com\/fr\/wp-json\/wp\/v2\/product_cat?post=32009"},{"taxonomy":"product_tag","embeddable":true,"href":"https:\/\/olemosaic.com\/fr\/wp-json\/wp\/v2\/product_tag?post=32009"}],"curies":[{"name":"wp","href":"https:\/\/api.w.org\/{rel}","templated":true}]}}