{"id":32007,"date":"2025-02-20T23:33:51","date_gmt":"2025-02-20T22:33:51","guid":{"rendered":"http:\/\/olemosaic.com\/producto\/mug-de-ceramica-panoramica-madrid-beige\/"},"modified":"2025-07-25T20:15:51","modified_gmt":"2025-07-25T18:15:51","slug":"mug-en-ceramique-panoramique-madrid-beige","status":"publish","type":"product","link":"https:\/\/olemosaic.com\/fr\/produit\/mug-en-ceramique-panoramique-madrid-beige\/","title":{"rendered":"Mug en c\u00e9ramique. Panoramique. Madrid. Beige."},"content":{"rendered":"<p>Ce mug en c\u00e9ramique au design panoramique est un hommage \u00e0 l&#8217;embl\u00e9matique Puerta de Alcal\u00e1, l&rsquo;un des symboles les plus repr\u00e9sentatifs de Madrid. Avec une finition attrayante de couleur beige, le mug se distingue par son illustration vibrante qui int\u00e8gre de multiples \u00e9l\u00e9ments culturels de la ville, rehaussant la splendeur et l&rsquo;histoire inh\u00e9rentes \u00e0 ce monument iconique. L&rsquo;illustration pr\u00e9sente une gamme de couleurs vives qui capturent l&rsquo;essence vibrante de Madrid, combinant des tonalit\u00e9s rouges, jaunes et bleues, offrant ainsi une exp\u00e9rience visuelle dynamique qui enchantera tout amateur de la capitale espagnole. De plus, le mug est orn\u00e9 d&rsquo;un bord rouge qui lui conf\u00e8re une touche distinctive et \u00e9l\u00e9gante, id\u00e9al pour savourer vos boissons pr\u00e9f\u00e9r\u00e9es tout en c\u00e9l\u00e9brant le charme madril\u00e8ne.<\/p>\n<p>Le mug comprend \u00e9galement une cuill\u00e8re assortie, cr\u00e9ant une pr\u00e9sentation coh\u00e9rente et pratique. Ce produit n&rsquo;est pas seulement un excellent accessoire pour votre maison, mais il agit \u00e9galement comme un authentique souvenir de Madrid, parfait pour les touristes cherchant \u00e0 emporter un morceau de la ville. Chez Ol\u00e9 Mosaic, nous sommes distributeurs de souvenirs en gros, et ce mug repr\u00e9sente une merveilleuse option pour les boutiques de cadeaux touristiques, se distinguant par sa qualit\u00e9, son design attrayant et sa repr\u00e9sentation culturelle. Ce mug en c\u00e9ramique de la Puerta de Alcal\u00e1 deviendra un favori parmi ceux qui recherchent des souvenirs authentiques encapsulant le riche patrimoine de Madrid.<\/p>\n","protected":false},"excerpt":{"rendered":"<p>Mug en c\u00e9ramique au design panoramique inspir\u00e9 de l&#8217;embl\u00e9matique Puerta de Alcal\u00e1 de Madrid. Ce s\u00e9duisant mug beige pr\u00e9sente une illustration color\u00e9e avec des d\u00e9tails vibrants int\u00e9grant des \u00e9l\u00e9ments culturels repr\u00e9sentatifs de la ville. Avec une finition brillante, une forme \u00e9l\u00e9gante et un bord rouge, le produit comprend \u00e9galement une cuill\u00e8re assortie. Id\u00e9al pour savourer vos boissons pr\u00e9f\u00e9r\u00e9es tout en c\u00e9l\u00e9brant le charme madril\u00e8ne.<\/p>\n","protected":false},"featured_media":7006,"template":"","meta":{"_acf_changed":false},"product_brand":[],"product_cat":[728],"product_tag":[585],"class_list":{"0":"post-32007","1":"product","2":"type-product","3":"status-publish","4":"has-post-thumbnail","6":"product_cat-mugs","7":"product_tag-ceramique","8":"pa_ciudad-madrid","9":"pa_motivo-panoramas","10":"pa_pais-espana","12":"first","13":"instock","14":"shipping-taxable","15":"product-type-simple"},"acf":[],"_links":{"self":[{"href":"https:\/\/olemosaic.com\/fr\/wp-json\/wp\/v2\/product\/32007","targetHints":{"allow":["GET"]}}],"collection":[{"href":"https:\/\/olemosaic.com\/fr\/wp-json\/wp\/v2\/product"}],"about":[{"href":"https:\/\/olemosaic.com\/fr\/wp-json\/wp\/v2\/types\/product"}],"wp:featuredmedia":[{"embeddable":true,"href":"https:\/\/olemosaic.com\/fr\/wp-json\/wp\/v2\/media\/7006"}],"wp:attachment":[{"href":"https:\/\/olemosaic.com\/fr\/wp-json\/wp\/v2\/media?parent=32007"}],"wp:term":[{"taxonomy":"product_brand","embeddable":true,"href":"https:\/\/olemosaic.com\/fr\/wp-json\/wp\/v2\/product_brand?post=32007"},{"taxonomy":"product_cat","embeddable":true,"href":"https:\/\/olemosaic.com\/fr\/wp-json\/wp\/v2\/product_cat?post=32007"},{"taxonomy":"product_tag","embeddable":true,"href":"https:\/\/olemosaic.com\/fr\/wp-json\/wp\/v2\/product_tag?post=32007"}],"curies":[{"name":"wp","href":"https:\/\/api.w.org\/{rel}","templated":true}]}}