{"id":32006,"date":"2025-02-20T23:33:51","date_gmt":"2025-02-20T22:33:51","guid":{"rendered":"http:\/\/olemosaic.com\/producto\/mug-de-ceramica-gato-barcelona-beige\/"},"modified":"2025-07-25T20:26:49","modified_gmt":"2025-07-25T18:26:49","slug":"mug-en-ceramique-chat-barcelone-beige","status":"publish","type":"product","link":"https:\/\/olemosaic.com\/fr\/produit\/mug-en-ceramique-chat-barcelone-beige\/","title":{"rendered":"Mug en c\u00e9ramique. Chat. Barcelone. Beige."},"content":{"rendered":"<p>Ce mug en c\u00e9ramique, au design color\u00e9, capture l&rsquo;essence vibrante de Barcelone, devenant un authentique souvenir que tout visiteur souhaiterait emporter de cette ville embl\u00e9matique. Il pr\u00e9sente un charmant chat con\u00e7u avec des mosa\u00efques aux couleurs \u00e9clatantes, qui soulignent le riche h\u00e9ritage artistique de Barcelone, inspir\u00e9 par l&rsquo;\u0153uvre du c\u00e9l\u00e8bre architecte Antoni Gaud\u00ed. Le fond beige du mug permet aux tons vifs des mosa\u00efques du chat et des papillons de ressortir avec splendeur, cr\u00e9ant une pi\u00e8ce unique qui attire l&rsquo;attention.<\/p>\n<p>Le mug dispose d&rsquo;une \u00e9l\u00e9gante cuill\u00e8re assortie, de couleur rouge, qui compl\u00e8te le design du r\u00e9cipient et apporte de la fonctionnalit\u00e9 \u00e0 ce s\u00e9duisant souvenir. Avec des d\u00e9tails m\u00e9ticuleusement peints \u00e0 la main, chaque mug est une repr\u00e9sentation authentique de la culture catalane, refl\u00e9tant son amour pour l&rsquo;art et la nature. Ce produit ne remplit pas seulement la fonction de tasse, mais agit \u00e9galement comme un souvenir significatif de l&rsquo;exp\u00e9rience v\u00e9cue \u00e0 Barcelone.<\/p>\n<p>Chez Ol\u00e9 Mosaic, nous nous sp\u00e9cialisons dans la distribution de souvenirs en gros, et ce mug est une option exceptionnelle pour les boutiques de cadeaux touristiques recherchant des articles qui c\u00e9l\u00e8brent l&rsquo;essence artistique de Barcelone. Avec son authenticit\u00e9 et son attrait visuel, ce mug en c\u00e9ramique n&rsquo;est pas seulement un excellent choix pour les amateurs d&rsquo;art, mais aussi pour ceux qui souhaitent ramener un morceau de la vie vibrante catalane chez eux.<\/p>\n","protected":false},"excerpt":{"rendered":"<p>Mug en c\u00e9ramique au design color\u00e9, inspir\u00e9 par la vie vibrante de Barcelone. Ce r\u00e9cipient original pr\u00e9sente un charmant chat construit avec des mosa\u00efques color\u00e9es, entour\u00e9 de papillons. Avec une finition beige et des d\u00e9tails rouges, la tasse comprend \u00e9galement une cuill\u00e8re assortie, parfaite pour savourer vos boissons pr\u00e9f\u00e9r\u00e9es. Un souvenir original qui capture l&rsquo;essence artistique de la cit\u00e9 comtale.<\/p>\n","protected":false},"featured_media":7292,"template":"","meta":{"_acf_changed":false},"product_brand":[],"product_cat":[728],"product_tag":[530,585],"class_list":{"0":"post-32006","1":"product","2":"type-product","3":"status-publish","4":"has-post-thumbnail","6":"product_cat-mugs","7":"product_tag-animaux","8":"product_tag-ceramique","9":"pa_ciudad-barcelona","10":"pa_motivo-chats","11":"pa_pais-espana","13":"first","14":"instock","15":"shipping-taxable","16":"product-type-simple"},"acf":[],"_links":{"self":[{"href":"https:\/\/olemosaic.com\/fr\/wp-json\/wp\/v2\/product\/32006","targetHints":{"allow":["GET"]}}],"collection":[{"href":"https:\/\/olemosaic.com\/fr\/wp-json\/wp\/v2\/product"}],"about":[{"href":"https:\/\/olemosaic.com\/fr\/wp-json\/wp\/v2\/types\/product"}],"wp:featuredmedia":[{"embeddable":true,"href":"https:\/\/olemosaic.com\/fr\/wp-json\/wp\/v2\/media\/7292"}],"wp:attachment":[{"href":"https:\/\/olemosaic.com\/fr\/wp-json\/wp\/v2\/media?parent=32006"}],"wp:term":[{"taxonomy":"product_brand","embeddable":true,"href":"https:\/\/olemosaic.com\/fr\/wp-json\/wp\/v2\/product_brand?post=32006"},{"taxonomy":"product_cat","embeddable":true,"href":"https:\/\/olemosaic.com\/fr\/wp-json\/wp\/v2\/product_cat?post=32006"},{"taxonomy":"product_tag","embeddable":true,"href":"https:\/\/olemosaic.com\/fr\/wp-json\/wp\/v2\/product_tag?post=32006"}],"curies":[{"name":"wp","href":"https:\/\/api.w.org\/{rel}","templated":true}]}}