{"id":32005,"date":"2025-02-20T23:33:51","date_gmt":"2025-02-20T22:33:51","guid":{"rendered":"http:\/\/olemosaic.com\/producto\/mug-de-ceramica-malaga-azul-95-cm\/"},"modified":"2025-07-25T20:31:12","modified_gmt":"2025-07-25T18:31:12","slug":"mug-en-ceramique-malaga-bleu-9-5-cm","status":"publish","type":"product","link":"https:\/\/olemosaic.com\/fr\/produit\/mug-en-ceramique-malaga-bleu-9-5-cm\/","title":{"rendered":"Mug en c\u00e9ramique. Malaga. Bleu. 9,5 cm."},"content":{"rendered":"<p>Ce mug en c\u00e9ramique de 9,5 cm est un souvenir \u00e9vocateur de Malaga, id\u00e9al pour ramener chez soi un petit morceau de cette vibrante ville andalouse. D\u00e9cor\u00e9 d&rsquo;une illustration color\u00e9e, il capture l&rsquo;essence de l&#8217;embl\u00e9matique b\u00e2timent de la Plaza de Toros, qui se dresse majestueusement au c\u0153ur de la ville. L&rsquo;illustration, riche en d\u00e9tails, montre un arri\u00e8re-plan de murailles historiques encadrant le paysage urbain, le tout ex\u00e9cut\u00e9 selon une technique de style mosa\u00efque qui se distingue par des tons bleus et chauds, \u00e9voquant la lumi\u00e8re du soleil de Malaga.<\/p>\n<p>L&rsquo;int\u00e9rieur rouge du mug contraste parfaitement avec le design ext\u00e9rieur, apportant une touche de chaleur et de singularit\u00e9. Cette pi\u00e8ce n&rsquo;est pas seulement fonctionnelle, mais aussi une expression artistique qui c\u00e9l\u00e8bre la tradition culturelle de Malaga, un lieu o\u00f9 l&rsquo;architecture, l&rsquo;histoire et la vie quotidienne s&rsquo;entrem\u00ealent. Id\u00e9al pour savourer vos boissons pr\u00e9f\u00e9r\u00e9es, chaque gorg\u00e9e vous transportera dans l&rsquo;ambiance vibrante des rues andalouses.<\/p>\n<p>Chez Ol\u00e9 Mosaic, nous sommes distributeurs de souvenirs authentiques de Malaga et d&rsquo;autres produits typiques espagnols. Ce mug est une excellente option pour les boutiques de cadeaux touristiques \u00e0 la recherche de souvenirs m\u00e9morables et repr\u00e9sentatifs du riche h\u00e9ritage culturel andalou. Parfait pour les touristes souhaitant se souvenir de leur visite \u00e0 Malaga avec un produit authentique et charg\u00e9 d&rsquo;histoire.<\/p>\n","protected":false},"excerpt":{"rendered":"<p>Mug en c\u00e9ramique de 9,5 cm, d\u00e9cor\u00e9 d&rsquo;un design vibrant qui capture l&rsquo;essence de Malaga. Ce r\u00e9cipient pr\u00e9sente une illustration color\u00e9e de l&#8217;embl\u00e9matique b\u00e2timent de la Plaza de Toros, encadr\u00e9 par une vue panoramique de murailles historiques, le tout dans des tons bleus et chauds. L&rsquo;int\u00e9rieur rouge compl\u00e8te le design ext\u00e9rieur, qui se distingue par sa technique de style mosa\u00efque, offrant une touche de culture andalouse \u00e0 votre foyer. Id\u00e9al pour savourer vos boissons pr\u00e9f\u00e9r\u00e9es avec un petit morceau de Malaga \u00e0 chaque gorg\u00e9e.<\/p>\n","protected":false},"featured_media":10731,"template":"","meta":{"_acf_changed":false},"product_brand":[],"product_cat":[728],"product_tag":[530,585],"class_list":{"0":"post-32005","1":"product","2":"type-product","3":"status-publish","4":"has-post-thumbnail","6":"product_cat-mugs","7":"product_tag-animaux","8":"product_tag-ceramique","9":"pa_ciudad-malaga","10":"pa_pais-espana","12":"first","13":"instock","14":"shipping-taxable","15":"product-type-simple"},"acf":[],"_links":{"self":[{"href":"https:\/\/olemosaic.com\/fr\/wp-json\/wp\/v2\/product\/32005","targetHints":{"allow":["GET"]}}],"collection":[{"href":"https:\/\/olemosaic.com\/fr\/wp-json\/wp\/v2\/product"}],"about":[{"href":"https:\/\/olemosaic.com\/fr\/wp-json\/wp\/v2\/types\/product"}],"wp:featuredmedia":[{"embeddable":true,"href":"https:\/\/olemosaic.com\/fr\/wp-json\/wp\/v2\/media\/10731"}],"wp:attachment":[{"href":"https:\/\/olemosaic.com\/fr\/wp-json\/wp\/v2\/media?parent=32005"}],"wp:term":[{"taxonomy":"product_brand","embeddable":true,"href":"https:\/\/olemosaic.com\/fr\/wp-json\/wp\/v2\/product_brand?post=32005"},{"taxonomy":"product_cat","embeddable":true,"href":"https:\/\/olemosaic.com\/fr\/wp-json\/wp\/v2\/product_cat?post=32005"},{"taxonomy":"product_tag","embeddable":true,"href":"https:\/\/olemosaic.com\/fr\/wp-json\/wp\/v2\/product_tag?post=32005"}],"curies":[{"name":"wp","href":"https:\/\/api.w.org\/{rel}","templated":true}]}}