{"id":31994,"date":"2025-02-20T23:33:50","date_gmt":"2025-02-20T22:33:50","guid":{"rendered":"http:\/\/olemosaic.com\/producto\/mug-de-ceramica-malaga-blanco-95-cm\/"},"modified":"2025-07-25T19:00:33","modified_gmt":"2025-07-25T17:00:33","slug":"mug-ceramique-malaga-blanc-9-5-cm","status":"publish","type":"product","link":"https:\/\/olemosaic.com\/fr\/produit\/mug-ceramique-malaga-blanc-9-5-cm\/","title":{"rendered":"Mug en c\u00e9ramique. Malaga. Blanc. 9,5 cm."},"content":{"rendered":"<p>Ce mug en c\u00e9ramique de 9,5 cm de hauteur est un hommage vibrant \u00e0 la ville de Malaga, parfait pour ceux qui souhaitent emporter un souvenir authentique de ce joyau andalou. D\u00e9cor\u00e9 d&rsquo;une repr\u00e9sentation color\u00e9e de l&#8217;embl\u00e9matique place et des b\u00e2timents qui caract\u00e9risent la ville, ce mug se distingue par son fond en mosa\u00efque, qui ajoute une touche artistique et moderne. L&rsquo;int\u00e9rieur resplendit d&rsquo;une couleur rouge attrayante, contrastant avec le blanc ext\u00e9rieur et rehaussant les d\u00e9tails peints \u00e0 la main, qui capturent l&rsquo;essence culturelle et la richesse historique de Malaga.<\/p>\n<p>Id\u00e9al pour savourer vos boissons pr\u00e9f\u00e9r\u00e9es, chaque gorg\u00e9e vous \u00e9voquera la chaleur du climat de Malaga et la beaut\u00e9 de son patrimoine. Ce mug n&rsquo;est pas seulement une pi\u00e8ce fonctionnelle, mais un article qui refl\u00e8te l&rsquo;amour pour la culture locale, ce qui en fait un excellent souvenir pour les touristes \u00e0 la recherche d&rsquo;un rappel distinctif de leur visite.<\/p>\n<p>Chez Ol\u00e9 Mosaic, nous sommes des distributeurs de souvenirs authentiques, et ce mug de Malaga est une option parfaite pour les boutiques de cadeaux touristiques qui souhaitent offrir des produits uniques et repr\u00e9sentatifs de la tradition espagnole. Avec notre large gamme de produits en gros, nous garantissons qualit\u00e9 et authenticit\u00e9 dans chaque pi\u00e8ce, assurant que vos clients emportent chez eux un morceau de Malaga.<\/p>\n","protected":false},"excerpt":{"rendered":"<p>Tasse en c\u00e9ramique de 9,5 cm de hauteur, d\u00e9cor\u00e9e d&rsquo;une repr\u00e9sentation vibrante de Malaga. Ce r\u00e9cipient \u00e9l\u00e9gant pr\u00e9sente un design color\u00e9 incluant la place iconique et les b\u00e2timents embl\u00e9matiques de la ville, sur un fond de mosa\u00efque. L&rsquo;int\u00e9rieur est d&rsquo;un rouge attrayant, faisant ressortir les d\u00e9tails peints \u00e0 la main qui capturent l&rsquo;essence culturelle de Malaga. Id\u00e9al pour savourer vos boissons pr\u00e9f\u00e9r\u00e9es tout en vous rappelant le meilleur de cette belle ville andalouse.<\/p>\n","protected":false},"featured_media":10539,"template":"","meta":{"_acf_changed":false},"product_brand":[],"product_cat":[728],"product_tag":[585],"class_list":{"0":"post-31994","1":"product","2":"type-product","3":"status-publish","4":"has-post-thumbnail","6":"product_cat-mugs","7":"product_tag-ceramique","8":"pa_ciudad-malaga","9":"pa_pais-espana","11":"first","12":"instock","13":"shipping-taxable","14":"product-type-simple"},"acf":[],"_links":{"self":[{"href":"https:\/\/olemosaic.com\/fr\/wp-json\/wp\/v2\/product\/31994","targetHints":{"allow":["GET"]}}],"collection":[{"href":"https:\/\/olemosaic.com\/fr\/wp-json\/wp\/v2\/product"}],"about":[{"href":"https:\/\/olemosaic.com\/fr\/wp-json\/wp\/v2\/types\/product"}],"wp:featuredmedia":[{"embeddable":true,"href":"https:\/\/olemosaic.com\/fr\/wp-json\/wp\/v2\/media\/10539"}],"wp:attachment":[{"href":"https:\/\/olemosaic.com\/fr\/wp-json\/wp\/v2\/media?parent=31994"}],"wp:term":[{"taxonomy":"product_brand","embeddable":true,"href":"https:\/\/olemosaic.com\/fr\/wp-json\/wp\/v2\/product_brand?post=31994"},{"taxonomy":"product_cat","embeddable":true,"href":"https:\/\/olemosaic.com\/fr\/wp-json\/wp\/v2\/product_cat?post=31994"},{"taxonomy":"product_tag","embeddable":true,"href":"https:\/\/olemosaic.com\/fr\/wp-json\/wp\/v2\/product_tag?post=31994"}],"curies":[{"name":"wp","href":"https:\/\/api.w.org\/{rel}","templated":true}]}}