{"id":31991,"date":"2025-02-20T23:33:50","date_gmt":"2025-02-20T22:33:50","guid":{"rendered":"http:\/\/olemosaic.com\/producto\/mug-de-ceramica-panoramica-barcelona-beige-2\/"},"modified":"2025-07-25T19:17:01","modified_gmt":"2025-07-25T17:17:01","slug":"mug-ceramique-panoramique-barcelone-beige","status":"publish","type":"product","link":"https:\/\/olemosaic.com\/fr\/produit\/mug-ceramique-panoramique-barcelone-beige\/","title":{"rendered":"Mug en c\u00e9ramique. Panoramique. Barcelone. Beige."},"content":{"rendered":"<p>Ce mug en c\u00e9ramique avec une charmante vue panoramique de Barcelone est le souvenir id\u00e9al pour capturer l&rsquo;essence vibrante de la cit\u00e9 comtale. Son design dans les tons beiges se distingue par une illustration exquise incluant l&#8217;embl\u00e9matique colonne de Christophe Colomb, un symbole iconique qui s&rsquo;\u00e9l\u00e8ve sur le port de Barcelone, entour\u00e9 de palmiers \u00e9voquant la brise m\u00e9diterran\u00e9enne. De plus, la c\u00e9l\u00e8bre mosa\u00efque de Gaud\u00ed, caract\u00e9ristique du Park G\u00fcell, est pr\u00e9sent\u00e9e avec des motifs color\u00e9s qui ajoutent une touche artistique et moderne \u00e0 l&rsquo;ensemble.<\/p>\n<p>La pi\u00e8ce est non seulement visuellement attrayante, mais aussi fonctionnelle ; elle comprend une cuill\u00e8re assortie, parfaite pour savourer vos boissons pr\u00e9f\u00e9r\u00e9es, d&rsquo;un caf\u00e9 chaud \u00e0 un th\u00e9 rafra\u00eechissant. Les d\u00e9tails d\u00e9coratifs en rouge et le texte \u00ab\u00a0Barcelona\u00a0\u00bb en lettres color\u00e9es compl\u00e8tent le design, faisant de ce mug un souvenir unique et repr\u00e9sentatif de la culture catalane.<\/p>\n<p>Chez Ol\u00e9 Mosaic, nous sommes sp\u00e9cialis\u00e9s dans la distribution de souvenirs en c\u00e9ramique en gros, offrant des produits authentiques qui c\u00e9l\u00e8brent la richesse culturelle des villes espagnoles. Ce mug de Barcelone est une excellente option pour les boutiques de souvenirs touristiques qui recherchent des articles qui s\u00e9duisent les visiteurs. Avec son design exclusif et sa connexion culturelle, il ajoute une touche sp\u00e9ciale \u00e0 toute collection de souvenirs de Barcelone.<\/p>\n","protected":false},"excerpt":{"rendered":"<p>Tasse en c\u00e9ramique avec une charmante vue panoramique de Barcelone, parfaite pour savourer vos boissons pr\u00e9f\u00e9r\u00e9es. Ce design beige pr\u00e9sente des motifs color\u00e9s, incluant l&#8217;embl\u00e9matique colonne de Colomb et la c\u00e9l\u00e8bre mosa\u00efque de Gaud\u00ed, refl\u00e9tant l&rsquo;essence vibrante de la ville. Avec des touches d\u00e9coratives rouges et le mot \u00ab\u00a0Barcelona\u00a0\u00bb, cette tasse comprend \u00e9galement une cuill\u00e8re assortie, ce qui en fait un souvenir id\u00e9al de la cit\u00e9 comtale.<\/p>\n","protected":false},"featured_media":7012,"template":"","meta":{"_acf_changed":false},"product_brand":[],"product_cat":[728],"product_tag":[585],"class_list":{"0":"post-31991","1":"product","2":"type-product","3":"status-publish","4":"has-post-thumbnail","6":"product_cat-mugs","7":"product_tag-ceramique","8":"pa_ciudad-barcelona","9":"pa_motivo-panoramas","10":"pa_pais-espana","12":"first","13":"instock","14":"shipping-taxable","15":"product-type-simple"},"acf":[],"_links":{"self":[{"href":"https:\/\/olemosaic.com\/fr\/wp-json\/wp\/v2\/product\/31991","targetHints":{"allow":["GET"]}}],"collection":[{"href":"https:\/\/olemosaic.com\/fr\/wp-json\/wp\/v2\/product"}],"about":[{"href":"https:\/\/olemosaic.com\/fr\/wp-json\/wp\/v2\/types\/product"}],"wp:featuredmedia":[{"embeddable":true,"href":"https:\/\/olemosaic.com\/fr\/wp-json\/wp\/v2\/media\/7012"}],"wp:attachment":[{"href":"https:\/\/olemosaic.com\/fr\/wp-json\/wp\/v2\/media?parent=31991"}],"wp:term":[{"taxonomy":"product_brand","embeddable":true,"href":"https:\/\/olemosaic.com\/fr\/wp-json\/wp\/v2\/product_brand?post=31991"},{"taxonomy":"product_cat","embeddable":true,"href":"https:\/\/olemosaic.com\/fr\/wp-json\/wp\/v2\/product_cat?post=31991"},{"taxonomy":"product_tag","embeddable":true,"href":"https:\/\/olemosaic.com\/fr\/wp-json\/wp\/v2\/product_tag?post=31991"}],"curies":[{"name":"wp","href":"https:\/\/api.w.org\/{rel}","templated":true}]}}