{"id":31990,"date":"2025-02-20T23:33:50","date_gmt":"2025-02-20T22:33:50","guid":{"rendered":"http:\/\/olemosaic.com\/producto\/mug-de-ceramica-bailaora-sevilla-beige-2\/"},"modified":"2025-07-25T19:25:12","modified_gmt":"2025-07-25T17:25:12","slug":"mug-ceramique-bailaora-seville-beige","status":"publish","type":"product","link":"https:\/\/olemosaic.com\/fr\/produit\/mug-ceramique-bailaora-seville-beige\/","title":{"rendered":"Mug en c\u00e9ramique. Bailaora. Art andalou. S\u00e9ville. Beige."},"content":{"rendered":"<p>Ce mug en c\u00e9ramique au design \u00e9l\u00e9gant est une repr\u00e9sentation parfaite de l&rsquo;essence du flamenco \u00e0 S\u00e9ville, id\u00e9al pour ceux qui recherchent des souvenirs authentiques de la culture espagnole. Avec une finition de couleur beige, il pr\u00e9sente des illustrations exquises de deux danseuses de flamenco (bailaoras) v\u00eatues de costumes traditionnels ; une figure se distingue en rouge vibrant \u00e0 pois, exprimant la passion et le caract\u00e8re du flamenco, tandis que l&rsquo;autre, v\u00eatue de noir, apporte un contraste \u00e9l\u00e9gant avec sa robe d\u00e9cor\u00e9e de riches \u00e9paisseurs. Les deux figures sont rehauss\u00e9es par des roses rouges qui symbolisent la beaut\u00e9 et la tradition du folklore s\u00e9villan.<\/p>\n<p>Le mug poss\u00e8de un bord rouge intense qui compl\u00e8te le design, cr\u00e9ant un effet visuel attrayant et dynamique. Dans la partie sup\u00e9rieure, le mot \u00ab\u00a0SEVILLA\u00a0\u00bb est imprim\u00e9 dans un style color\u00e9, ce qui fait de cet article un souvenir id\u00e9al de la ville. Parfait pour savourer vos boissons pr\u00e9f\u00e9r\u00e9es, ce mug est non seulement fonctionnel, mais aussi un hommage au riche h\u00e9ritage culturel de S\u00e9ville. Chez Ol\u00e9 Mosaic, nous nous consacrons \u00e0 offrir des souvenirs qui capturent l&rsquo;authenticit\u00e9 de chaque r\u00e9gion. Ce mug est un choix exceptionnel pour les boutiques de souvenirs touristiques \u00e0 la recherche de produits repr\u00e9sentatifs de la tradition espagnole, garantissant qualit\u00e9 et pertinence culturelle dans chaque pi\u00e8ce que nous distribuons.<\/p>\n","protected":false},"excerpt":{"rendered":"<p>Tasse en c\u00e9ramique au design \u00e9l\u00e9gant capturant l&rsquo;essence du flamenco s\u00e9villan. Elle pr\u00e9sente des illustrations de deux danseuses de flamenco v\u00eatues de costumes traditionnels : l&rsquo;une en rouge \u00e0 pois et l&rsquo;autre en noir, orn\u00e9es de roses rouges. Cet article poss\u00e8de une finition beige et des d\u00e9tails rouges sur le bord, ainsi que le mot \u00ab\u00a0SEVILLA\u00a0\u00bb imprim\u00e9 dans un style color\u00e9 sur le dessus. Id\u00e9al pour savourer vos boissons pr\u00e9f\u00e9r\u00e9es avec une touche culturelle.<\/p>\n","protected":false},"featured_media":6460,"template":"","meta":{"_acf_changed":false},"product_brand":[],"product_cat":[728],"product_tag":[585],"class_list":{"0":"post-31990","1":"product","2":"type-product","3":"status-publish","4":"has-post-thumbnail","6":"product_cat-mugs","7":"product_tag-ceramique","8":"pa_ciudad-sevilla","9":"pa_motivo-danseurs","10":"pa_pais-espana","12":"first","13":"instock","14":"shipping-taxable","15":"product-type-simple"},"acf":[],"_links":{"self":[{"href":"https:\/\/olemosaic.com\/fr\/wp-json\/wp\/v2\/product\/31990","targetHints":{"allow":["GET"]}}],"collection":[{"href":"https:\/\/olemosaic.com\/fr\/wp-json\/wp\/v2\/product"}],"about":[{"href":"https:\/\/olemosaic.com\/fr\/wp-json\/wp\/v2\/types\/product"}],"wp:featuredmedia":[{"embeddable":true,"href":"https:\/\/olemosaic.com\/fr\/wp-json\/wp\/v2\/media\/6460"}],"wp:attachment":[{"href":"https:\/\/olemosaic.com\/fr\/wp-json\/wp\/v2\/media?parent=31990"}],"wp:term":[{"taxonomy":"product_brand","embeddable":true,"href":"https:\/\/olemosaic.com\/fr\/wp-json\/wp\/v2\/product_brand?post=31990"},{"taxonomy":"product_cat","embeddable":true,"href":"https:\/\/olemosaic.com\/fr\/wp-json\/wp\/v2\/product_cat?post=31990"},{"taxonomy":"product_tag","embeddable":true,"href":"https:\/\/olemosaic.com\/fr\/wp-json\/wp\/v2\/product_tag?post=31990"}],"curies":[{"name":"wp","href":"https:\/\/api.w.org\/{rel}","templated":true}]}}