{"id":31987,"date":"2025-02-20T23:33:49","date_gmt":"2025-02-20T22:33:49","guid":{"rendered":"http:\/\/olemosaic.com\/producto\/mug-de-ceramica-punt-de-trobada-beige\/"},"modified":"2025-07-25T19:53:26","modified_gmt":"2025-07-25T17:53:26","slug":"mug-en-ceramique-point-de-rencontre-beige","status":"publish","type":"product","link":"https:\/\/olemosaic.com\/fr\/produit\/mug-en-ceramique-point-de-rencontre-beige\/","title":{"rendered":"Mug en c\u00e9ramique. Point de rencontre. Beige."},"content":{"rendered":"<p>Ce mug en c\u00e9ramique, au design moderne, est un souvenir exceptionnel qui capture l&rsquo;essence de l&rsquo;art contemporain. D\u00e9cor\u00e9 d&rsquo;un motif de mosa\u00efque vibrant, le mug pr\u00e9sente une base beige orn\u00e9e de formes abstraites dans une explosion de couleurs \u2014 bleu, vert, rouge et noir \u2014, cr\u00e9ant un aspect joyeux et attrayant qui revitalise n&rsquo;importe quelle table. Les illustrations jouent avec des figures g\u00e9om\u00e9triques et des lignes fluides, sugg\u00e9rant un dynamisme qui \u00e9voque la cr\u00e9ativit\u00e9 artistique de la M\u00e9diterran\u00e9e.<\/p>\n<p>Le mug comprend une cuill\u00e8re orange assortie, offrant une fonctionnalit\u00e9 \u00e9l\u00e9gante qui compl\u00e8te son esth\u00e9tique. Id\u00e9al pour savourer vos boissons pr\u00e9f\u00e9r\u00e9es, d&rsquo;un caf\u00e9 r\u00e9confortant \u00e0 une infusion rafra\u00eechissante, cet article devient le centre d&rsquo;attention dans n&rsquo;importe quel foyer.<\/p>\n<p>Inspir\u00e9 par la riche tradition de l&rsquo;art en Espagne, ce mug est le cadeau parfait pour ceux qui recherchent un souvenir refl\u00e9tant la culture et la cr\u00e9ativit\u00e9 locale. Chez Ol\u00e9 Mosaic, nous nous sp\u00e9cialisons dans la distribution de souvenirs en gros, et ce mug en c\u00e9ramique est une option brillante pour les boutiques de cadeaux touristiques souhaitant proposer des produits uniques et authentiques. Avec son design captivant, le mug est un rappel tangible de la beaut\u00e9 de l&rsquo;art espagnol, id\u00e9al pour ceux qui appr\u00e9cient les souvenirs de qualit\u00e9 et de pertinence culturelle.<\/p>\n","protected":false},"excerpt":{"rendered":"<p>Mug en c\u00e9ramique au design moderne, d\u00e9cor\u00e9 d&rsquo;un motif de mosa\u00efque color\u00e9 \u00e9voquant l&rsquo;art contemporain. Cet article pr\u00e9sente une base beige orn\u00e9e de formes abstraites en diverses couleurs, comme le bleu, le vert, le rouge et le noir, offrant un aspect vibrant et joyeux. La tasse comprend une cuill\u00e8re orange assortie et est id\u00e9ale pour savourer vos boissons pr\u00e9f\u00e9r\u00e9es, ajoutant une touche artistique \u00e0 votre table. Parfait pour une utilisation \u00e0 la maison ou comme cadeau original.<\/p>\n","protected":false},"featured_media":10033,"template":"","meta":{"_acf_changed":false},"product_brand":[],"product_cat":[728],"product_tag":[585],"class_list":{"0":"post-31987","1":"product","2":"type-product","3":"status-publish","4":"has-post-thumbnail","6":"product_cat-mugs","7":"product_tag-ceramique","8":"pa_motivo-punt-de-trobada","10":"first","11":"instock","12":"shipping-taxable","13":"product-type-simple"},"acf":[],"_links":{"self":[{"href":"https:\/\/olemosaic.com\/fr\/wp-json\/wp\/v2\/product\/31987","targetHints":{"allow":["GET"]}}],"collection":[{"href":"https:\/\/olemosaic.com\/fr\/wp-json\/wp\/v2\/product"}],"about":[{"href":"https:\/\/olemosaic.com\/fr\/wp-json\/wp\/v2\/types\/product"}],"wp:featuredmedia":[{"embeddable":true,"href":"https:\/\/olemosaic.com\/fr\/wp-json\/wp\/v2\/media\/10033"}],"wp:attachment":[{"href":"https:\/\/olemosaic.com\/fr\/wp-json\/wp\/v2\/media?parent=31987"}],"wp:term":[{"taxonomy":"product_brand","embeddable":true,"href":"https:\/\/olemosaic.com\/fr\/wp-json\/wp\/v2\/product_brand?post=31987"},{"taxonomy":"product_cat","embeddable":true,"href":"https:\/\/olemosaic.com\/fr\/wp-json\/wp\/v2\/product_cat?post=31987"},{"taxonomy":"product_tag","embeddable":true,"href":"https:\/\/olemosaic.com\/fr\/wp-json\/wp\/v2\/product_tag?post=31987"}],"curies":[{"name":"wp","href":"https:\/\/api.w.org\/{rel}","templated":true}]}}