{"id":31986,"date":"2025-02-20T23:33:49","date_gmt":"2025-02-20T22:33:49","guid":{"rendered":"http:\/\/olemosaic.com\/producto\/mug-de-ceramica-gato-mallorca-beige\/"},"modified":"2025-07-25T18:48:04","modified_gmt":"2025-07-25T16:48:04","slug":"mug-en-ceramique-chat-majorque-beige-fr","status":"publish","type":"product","link":"https:\/\/olemosaic.com\/fr\/produit\/mug-en-ceramique-chat-majorque-beige-fr\/","title":{"rendered":"Mug en c\u00e9ramique. Chat. Majorque. Beige."},"content":{"rendered":"<p>Ce mug en c\u00e9ramique au design color\u00e9 de chats est un v\u00e9ritable tr\u00e9sor de Majorque, id\u00e9al pour ceux qui recherchent un souvenir vibrant de cette \u00eele captivante. Avec un ext\u00e9rieur beige et un int\u00e9rieur rouge contrastant, ce r\u00e9cipient se distingue par ses illustrations de chats en style mosa\u00efque, pleines de nuances et entour\u00e9es de papillons qui ajoutent une touche de joie et de fra\u00eecheur. Chaque chat, m\u00e9ticuleusement con\u00e7u, affiche une palette de couleurs vives qui refl\u00e8te la riche biodiversit\u00e9 et le style artistique caract\u00e9ristique de la r\u00e9gion.<\/p>\n<p>Le mot \u00ab\u00a0MALLORCA\u00a0\u00bb est peint avec des lettres color\u00e9es sur la surface du mug, accentuant son origine et l&rsquo;authenticit\u00e9 du souvenir. Ce mug n&rsquo;est pas seulement pratique pour savourer vos boissons pr\u00e9f\u00e9r\u00e9es, mais il capture \u00e9galement l&rsquo;essence de l&rsquo;ambiance m\u00e9diterran\u00e9enne, devenant un \u00e9l\u00e9ment d\u00e9coratif id\u00e9al pour la maison.<\/p>\n<p>Chez Ol\u00e9 Mosaic, en tant que distributeurs de souvenirs en gros, nous proposons des produits qui c\u00e9l\u00e8brent la culture locale, et ce mug en c\u00e9ramique est une excellente option pour les boutiques de cadeaux touristiques qui souhaitent mettre en avant le meilleur de Majorque. Sa singularit\u00e9 et son attrait visuel en font un souvenir id\u00e9al pour ceux qui souhaitent emporter un petit morceau de l&rsquo;\u00eele chez eux.<\/p>\n","protected":false},"excerpt":{"rendered":"<p>Mug en c\u00e9ramique avec un design color\u00e9 de chats, typique de Majorque. Cette tasse attrayante, aux tons beiges et \u00e0 l&rsquo;int\u00e9rieur rouge, pr\u00e9sente des illustrations de chats dans un style mosa\u00efque vibrant, entour\u00e9s de papillons. Le mot \u00ab\u00a0MALLORCA\u00a0\u00bb est peint en couleurs vives sur sa surface, faisant r\u00e9f\u00e9rence \u00e0 son origine. Parfait pour savourer vos boissons pr\u00e9f\u00e9r\u00e9es, c&rsquo;est un souvenir unique qui capture l&rsquo;essence de l&rsquo;\u00eele.<\/p>\n","protected":false},"featured_media":7864,"template":"","meta":{"_acf_changed":false},"product_brand":[],"product_cat":[728],"product_tag":[530,585],"class_list":{"0":"post-31986","1":"product","2":"type-product","3":"status-publish","4":"has-post-thumbnail","6":"product_cat-mugs","7":"product_tag-animaux","8":"product_tag-ceramique","9":"pa_ciudad-mallorca","10":"pa_motivo-chats","11":"pa_pais-espana","13":"first","14":"instock","15":"shipping-taxable","16":"product-type-simple"},"acf":[],"_links":{"self":[{"href":"https:\/\/olemosaic.com\/fr\/wp-json\/wp\/v2\/product\/31986","targetHints":{"allow":["GET"]}}],"collection":[{"href":"https:\/\/olemosaic.com\/fr\/wp-json\/wp\/v2\/product"}],"about":[{"href":"https:\/\/olemosaic.com\/fr\/wp-json\/wp\/v2\/types\/product"}],"wp:featuredmedia":[{"embeddable":true,"href":"https:\/\/olemosaic.com\/fr\/wp-json\/wp\/v2\/media\/7864"}],"wp:attachment":[{"href":"https:\/\/olemosaic.com\/fr\/wp-json\/wp\/v2\/media?parent=31986"}],"wp:term":[{"taxonomy":"product_brand","embeddable":true,"href":"https:\/\/olemosaic.com\/fr\/wp-json\/wp\/v2\/product_brand?post=31986"},{"taxonomy":"product_cat","embeddable":true,"href":"https:\/\/olemosaic.com\/fr\/wp-json\/wp\/v2\/product_cat?post=31986"},{"taxonomy":"product_tag","embeddable":true,"href":"https:\/\/olemosaic.com\/fr\/wp-json\/wp\/v2\/product_tag?post=31986"}],"curies":[{"name":"wp","href":"https:\/\/api.w.org\/{rel}","templated":true}]}}