{"id":31968,"date":"2025-02-20T23:33:48","date_gmt":"2025-02-20T22:33:48","guid":{"rendered":"http:\/\/olemosaic.com\/producto\/mug-de-ceramica-toros-blanco-95-cm-2\/"},"modified":"2025-07-25T18:47:57","modified_gmt":"2025-07-25T16:47:57","slug":"mug-en-ceramique-taureaux-blanc-9-5-cm-2","status":"publish","type":"product","link":"https:\/\/olemosaic.com\/fr\/produit\/mug-en-ceramique-taureaux-blanc-9-5-cm-2\/","title":{"rendered":"Mug en c\u00e9ramique. Taureaux. Mosa\u00efque. Blanc. 9,5 cm."},"content":{"rendered":"<p>Ce mug en c\u00e9ramique, avec son design vibrant de taureaux, est un hommage \u00e0 la riche culture espagnole, id\u00e9al pour ceux qui souhaitent ramener un morceau de tradition chez eux. D&rsquo;une hauteur de 9,5 cm, cet \u00e9l\u00e9gant mug blanc pr\u00e9sente une mosa\u00efque color\u00e9e illustrant la figure iconique du taureau, entour\u00e9e d&rsquo;un soleil radieux et de d\u00e9licates fleurs rouges, \u00e9voquant la passion et la vitalit\u00e9 des festivit\u00e9s et traditions espagnoles. La technique de peinture \u00e0 la main souligne chaque d\u00e9tail, faisant de chaque pi\u00e8ce un objet unique et sp\u00e9cial. Les couleurs \u00e9clatantes et le style artistique apportent un air festif, transformant ce mug en un objet d\u00e9coratif et fonctionnel attrayant. Le lien culturel du taureau r\u00e9side dans son symbolisme au sein du folklore espagnol, \u00e9tant un embl\u00e8me de force et de courage, particuli\u00e8rement lors d&rsquo;\u00e9v\u00e9nements embl\u00e9matiques tels que les corridas et les ferias. Ce mug est, sans aucun doute, un souvenir repr\u00e9sentatif qui capture l&rsquo;essence de la culture ib\u00e9rique et qui ravira les touristes en qu\u00eate de souvenirs authentiques. Chez Ol\u00e9 Mosaic, nous sommes distributeurs de souvenirs en gros, et ce mug repr\u00e9sente une excellente option pour les boutiques de cadeaux touristiques \u00e0 la recherche de produits artisanaux refl\u00e9tant le patrimoine culturel de l&rsquo;Espagne. Avec ce mug de taureaux, les amoureux de la culture espagnole trouveront le cadeau parfait ou le souvenir id\u00e9al de leur voyage.<\/p>\n","protected":false},"excerpt":{"rendered":"<p>Mug en c\u00e9ramique avec un design vibrant de taureaux, id\u00e9al pour les amoureux de la culture espagnole. Cette tasse blanche attrayante, de 9,5 cm de hauteur, pr\u00e9sente une joyeuse mosa\u00efque de couleurs illustrant un taureau, accompagn\u00e9 d&rsquo;un soleil radieux et de d\u00e9licates fleurs rouges, \u00e9voquant la passion des traditions espagnoles. Son design artisanal, peint \u00e0 la main, souligne la richesse du folklore, en faisant un souvenir unique et d\u00e9coratif.<\/p>\n","protected":false},"featured_media":8523,"template":"","meta":{"_acf_changed":false},"product_brand":[],"product_cat":[728],"product_tag":[530,585],"class_list":{"0":"post-31968","1":"product","2":"type-product","3":"status-publish","4":"has-post-thumbnail","6":"product_cat-mugs","7":"product_tag-animaux","8":"product_tag-ceramique","9":"pa_motivo-taureaux","11":"first","12":"instock","13":"shipping-taxable","14":"product-type-simple"},"acf":[],"_links":{"self":[{"href":"https:\/\/olemosaic.com\/fr\/wp-json\/wp\/v2\/product\/31968","targetHints":{"allow":["GET"]}}],"collection":[{"href":"https:\/\/olemosaic.com\/fr\/wp-json\/wp\/v2\/product"}],"about":[{"href":"https:\/\/olemosaic.com\/fr\/wp-json\/wp\/v2\/types\/product"}],"wp:featuredmedia":[{"embeddable":true,"href":"https:\/\/olemosaic.com\/fr\/wp-json\/wp\/v2\/media\/8523"}],"wp:attachment":[{"href":"https:\/\/olemosaic.com\/fr\/wp-json\/wp\/v2\/media?parent=31968"}],"wp:term":[{"taxonomy":"product_brand","embeddable":true,"href":"https:\/\/olemosaic.com\/fr\/wp-json\/wp\/v2\/product_brand?post=31968"},{"taxonomy":"product_cat","embeddable":true,"href":"https:\/\/olemosaic.com\/fr\/wp-json\/wp\/v2\/product_cat?post=31968"},{"taxonomy":"product_tag","embeddable":true,"href":"https:\/\/olemosaic.com\/fr\/wp-json\/wp\/v2\/product_tag?post=31968"}],"curies":[{"name":"wp","href":"https:\/\/api.w.org\/{rel}","templated":true}]}}