{"id":31967,"date":"2025-02-20T23:33:48","date_gmt":"2025-02-20T22:33:48","guid":{"rendered":"http:\/\/olemosaic.com\/producto\/mug-de-ceramica-toro-madrid-beige\/"},"modified":"2025-07-25T18:47:57","modified_gmt":"2025-07-25T16:47:57","slug":"mug-en-ceramique-taureau-madrid-beige","status":"publish","type":"product","link":"https:\/\/olemosaic.com\/fr\/produit\/mug-en-ceramique-taureau-madrid-beige\/","title":{"rendered":"Mug en c\u00e9ramique. Taureau. Madrid. Beige."},"content":{"rendered":"<p>Ce mug en c\u00e9ramique au design de taureau est un souvenir distinctif qui capture l&rsquo;essence de la culture madril\u00e8ne. Dans des tons beiges avec des d\u00e9tails rouges vibrants, ce mug attrayant pr\u00e9sente un motif imposant de taureau dans un style mosa\u00efque color\u00e9, \u00e9voquant la riche tradition taurine de l&rsquo;Espagne. Le taureau, repr\u00e9sentation iconique de la lutte et de la festivit\u00e9 espagnole, occupe une place centrale dans l&rsquo;illustration, avec des formes g\u00e9om\u00e9triques qui apportent une touche moderne et artistique. Au-dessus du taureau, le texte \u00ab\u00a0MADRID\u00a0\u00bb est imprim\u00e9 en couleurs vari\u00e9es, cr\u00e9ant un contraste attrayant qui souligne encore davantage son design unique.<\/p>\n<p>Id\u00e9al pour savourer vos boissons pr\u00e9f\u00e9r\u00e9es \u00e0 tout moment de la journ\u00e9e, ce mug n&rsquo;est pas seulement fonctionnel, il agit aussi comme un rappel constant de la culture vibrante de Madrid. Son authenticit\u00e9 en fait un excellent souvenir, parfait pour les touristes cherchant un morceau de la capitale espagnole \u00e0 ramener chez eux.<\/p>\n<p>Chez Ol\u00e9 Mosaic, nous sommes sp\u00e9cialis\u00e9s dans la distribution de souvenirs en gros, et ce mug est un excellent ajout pour les boutiques de cadeaux touristiques souhaitant proposer des produits authentiques et repr\u00e9sentatifs. En tant que grossistes de souvenirs en c\u00e9ramique, nous garantissons que chaque pi\u00e8ce allie qualit\u00e9, design et un morceau de la tradition culturelle espagnole.<\/p>\n","protected":false},"excerpt":{"rendered":"<p>Mug en c\u00e9ramique avec un design de taureau, inspir\u00e9 de la culture madril\u00e8ne. Cette tasse attrayante, aux tons beiges avec des d\u00e9tails rouges, pr\u00e9sente un motif vibrant de taureau en style mosa\u00efque, \u00e9voquant la tradition espagnole. Avec le mot \u00ab\u00a0MADRID\u00a0\u00bb imprim\u00e9 en plusieurs couleurs, il est parfait pour savourer vos boissons pr\u00e9f\u00e9r\u00e9es, vous transportant aux racines du folklore de la ville. Id\u00e9al comme souvenir ou pour un usage quotidien.<\/p>\n","protected":false},"featured_media":6826,"template":"","meta":{"_acf_changed":false},"product_brand":[],"product_cat":[728],"product_tag":[530,585],"class_list":{"0":"post-31967","1":"product","2":"type-product","3":"status-publish","4":"has-post-thumbnail","6":"product_cat-mugs","7":"product_tag-animaux","8":"product_tag-ceramique","9":"pa_ciudad-madrid","10":"pa_motivo-taureaux","11":"pa_pais-espana","13":"first","14":"instock","15":"shipping-taxable","16":"product-type-simple"},"acf":[],"_links":{"self":[{"href":"https:\/\/olemosaic.com\/fr\/wp-json\/wp\/v2\/product\/31967","targetHints":{"allow":["GET"]}}],"collection":[{"href":"https:\/\/olemosaic.com\/fr\/wp-json\/wp\/v2\/product"}],"about":[{"href":"https:\/\/olemosaic.com\/fr\/wp-json\/wp\/v2\/types\/product"}],"wp:featuredmedia":[{"embeddable":true,"href":"https:\/\/olemosaic.com\/fr\/wp-json\/wp\/v2\/media\/6826"}],"wp:attachment":[{"href":"https:\/\/olemosaic.com\/fr\/wp-json\/wp\/v2\/media?parent=31967"}],"wp:term":[{"taxonomy":"product_brand","embeddable":true,"href":"https:\/\/olemosaic.com\/fr\/wp-json\/wp\/v2\/product_brand?post=31967"},{"taxonomy":"product_cat","embeddable":true,"href":"https:\/\/olemosaic.com\/fr\/wp-json\/wp\/v2\/product_cat?post=31967"},{"taxonomy":"product_tag","embeddable":true,"href":"https:\/\/olemosaic.com\/fr\/wp-json\/wp\/v2\/product_tag?post=31967"}],"curies":[{"name":"wp","href":"https:\/\/api.w.org\/{rel}","templated":true}]}}