{"id":31966,"date":"2025-02-20T23:33:48","date_gmt":"2025-02-20T22:33:48","guid":{"rendered":"http:\/\/olemosaic.com\/producto\/mug-de-ceramica-mosaico-barcelona-blanco-95-cm\/"},"modified":"2025-07-25T19:02:14","modified_gmt":"2025-07-25T17:02:14","slug":"mug-en-ceramique-mosaique-barcelone-blanc-9-5-cm","status":"publish","type":"product","link":"https:\/\/olemosaic.com\/fr\/produit\/mug-en-ceramique-mosaique-barcelone-blanc-9-5-cm\/","title":{"rendered":"Mug en c\u00e9ramique. Mosa\u00efque. Barcelone. Blanc. 9,5 cm."},"content":{"rendered":"<p>Ce mug en c\u00e9ramique au design de mosa\u00efque est un hommage \u00e0 la tradition embl\u00e9matique des azulejos de Barcelone, ce qui en fait un excellent souvenir de la ville. Avec une finition ext\u00e9rieure d&rsquo;un blanc pur qui rehausse son esth\u00e9tique moderne, son int\u00e9rieur rouge vibrant ajoute une touche de couleur et de gaiet\u00e9. La tasse, orn\u00e9e de motifs g\u00e9om\u00e9triques complexes, \u00e9voque le riche h\u00e9ritage artistique de la Catalogne, avec une vari\u00e9t\u00e9 de d\u00e9tails color\u00e9s rappelant les chefs-d&rsquo;\u0153uvre en mosa\u00efque du Parc G\u00fcell et d&rsquo;autres joyaux architecturaux de la ville.<\/p>\n<p>Avec une hauteur de 9,5 cm, ce mug est id\u00e9al pour savourer un caf\u00e9 ou un th\u00e9, alliant fonctionnalit\u00e9 et \u00e9l\u00e9gance \u00e0 chaque gorg\u00e9e. Son design unique est non seulement attrayant, mais refl\u00e8te \u00e9galement l&rsquo;essence culturelle de Barcelone, transformant chaque utilisation en une exp\u00e9rience qui transporte vers la vie urbaine vibrante de la ville. Ce mug est plus qu&rsquo;un simple ustensile ; c&rsquo;est un souvenir authentique qui capture la magie de Barcelone et la tradition visuelle de ses mosa\u00efques.<\/p>\n<p>Chez Ol\u00e9 Mosaic, nous sommes sp\u00e9cialis\u00e9s dans la distribution de souvenirs en gros, offrant des produits qui c\u00e9l\u00e8brent la culture et les traditions locales. Ce mug en mosa\u00efque est un choix parfait pour les boutiques de cadeaux touristiques recherchant des articles alliant beaut\u00e9, fonctionnalit\u00e9 et signification culturelle, devenant un cadeau inoubliable pour tout visiteur de la ville.<\/p>\n","protected":false},"excerpt":{"rendered":"<p>Mug en c\u00e9ramique au design de mosa\u00efque, inspir\u00e9 des embl\u00e9matiques azulejos de Barcelone. Avec une finition blanche et un int\u00e9rieur rouge vibrant, cette tasse pr\u00e9sente une vari\u00e9t\u00e9 de motifs g\u00e9om\u00e9triques complexes et color\u00e9s, \u00e9voquant la riche tradition artistique de la ville. Parfait pour un usage quotidien, son design unique allie esth\u00e9tique et fonctionnalit\u00e9, c\u00e9l\u00e9brant la culture catalane \u00e0 chaque gorg\u00e9e. D&rsquo;une hauteur de 9,5 cm, il est id\u00e9al pour le caf\u00e9 ou le th\u00e9.<\/p>\n","protected":false},"featured_media":9113,"template":"","meta":{"_acf_changed":false},"product_brand":[],"product_cat":[728],"product_tag":[585],"class_list":{"0":"post-31966","1":"product","2":"type-product","3":"status-publish","4":"has-post-thumbnail","6":"product_cat-mugs","7":"product_tag-ceramique","8":"pa_ciudad-barcelona","9":"pa_motivo-mosaique","10":"pa_pais-espana","12":"first","13":"instock","14":"shipping-taxable","15":"product-type-simple"},"acf":[],"_links":{"self":[{"href":"https:\/\/olemosaic.com\/fr\/wp-json\/wp\/v2\/product\/31966","targetHints":{"allow":["GET"]}}],"collection":[{"href":"https:\/\/olemosaic.com\/fr\/wp-json\/wp\/v2\/product"}],"about":[{"href":"https:\/\/olemosaic.com\/fr\/wp-json\/wp\/v2\/types\/product"}],"wp:featuredmedia":[{"embeddable":true,"href":"https:\/\/olemosaic.com\/fr\/wp-json\/wp\/v2\/media\/9113"}],"wp:attachment":[{"href":"https:\/\/olemosaic.com\/fr\/wp-json\/wp\/v2\/media?parent=31966"}],"wp:term":[{"taxonomy":"product_brand","embeddable":true,"href":"https:\/\/olemosaic.com\/fr\/wp-json\/wp\/v2\/product_brand?post=31966"},{"taxonomy":"product_cat","embeddable":true,"href":"https:\/\/olemosaic.com\/fr\/wp-json\/wp\/v2\/product_cat?post=31966"},{"taxonomy":"product_tag","embeddable":true,"href":"https:\/\/olemosaic.com\/fr\/wp-json\/wp\/v2\/product_tag?post=31966"}],"curies":[{"name":"wp","href":"https:\/\/api.w.org\/{rel}","templated":true}]}}