{"id":31965,"date":"2025-02-20T23:33:48","date_gmt":"2025-02-20T22:33:48","guid":{"rendered":"http:\/\/olemosaic.com\/producto\/mug-de-ceramica-delfin-beige\/"},"modified":"2025-07-25T18:34:20","modified_gmt":"2025-07-25T16:34:20","slug":"mug-en-ceramique-dauphin-beige-fr","status":"publish","type":"product","link":"https:\/\/olemosaic.com\/fr\/produit\/mug-en-ceramique-dauphin-beige-fr\/","title":{"rendered":"Mug en c\u00e9ramique. Dauphin. Beige."},"content":{"rendered":"<p>Ce mug en c\u00e9ramique au design de dauphins multicolores est un cadeau parfait pour les amoureux de la mer et un magnifique souvenir de la c\u00f4te m\u00e9diterran\u00e9enne. Avec une \u00e9l\u00e9gante couleur beige comme base, ce produit se distingue par son illustration soign\u00e9e, pr\u00e9sentant des dauphins dans des tons vibrants de bleu, jaune et rouge, \u00e9voquant la joie et le dynamisme de la vie marine. Les formes joyeuses des dauphins se d\u00e9ploient sur le mug de mani\u00e8re artistique, tandis que la base bleue imite les vagues de l&rsquo;oc\u00e9an, cr\u00e9ant un contraste visuel percutant.<\/p>\n<p>L&rsquo;int\u00e9rieur du mug est soigneusement fini dans un rouge \u00e9clatant, ce qui ajoute une touche d&rsquo;originalit\u00e9 et d&rsquo;harmonie \u00e0 l&rsquo;ensemble du design. De plus, il comprend une cuill\u00e8re assortie qui non seulement compl\u00e8te son esth\u00e9tique, mais apporte \u00e9galement de la fonctionnalit\u00e9, en faisant un ustensile pratique pour le quotidien. Ce mug symbolise la riche diversit\u00e9 marine et le lien culturel des communaut\u00e9s c\u00f4ti\u00e8res avec l&rsquo;oc\u00e9an, constituant un souvenir parfait d&rsquo;un voyage m\u00e9morable sur la c\u00f4te.<\/p>\n<p>Chez Ol\u00e9 Mosaic, nous sommes sp\u00e9cialis\u00e9s dans la distribution de souvenirs en gros, et ce mug en c\u00e9ramique est une option de cadeau authentique pour les boutiques de souvenirs \u00e0 la recherche de produits uniques et repr\u00e9sentatifs. C&rsquo;est sans aucun doute un article qui captivera les touristes souhaitant emporter chez eux un morceau de la beaut\u00e9 c\u00f4ti\u00e8re.<\/p>\n","protected":false},"excerpt":{"rendered":"<p>Mug en c\u00e9ramique avec un design de dauphins multicolores, parfait pour les amoureux de la mer. Sa couleur beige est compl\u00e9t\u00e9e par une illustration soign\u00e9e de dauphins aux tons vibrants, soulignant leurs formes joyeuses. La base pr\u00e9sente un motif bleu \u00e9voquant les vagues de l&rsquo;oc\u00e9an, et l&rsquo;int\u00e9rieur, fini en rouge, cr\u00e9e un contraste attrayant. Comprend une cuill\u00e8re assortie, ajoutant de la fonctionnalit\u00e9 \u00e0 son design original inspir\u00e9 par la richesse marine de la c\u00f4te m\u00e9diterran\u00e9enne.<\/p>\n","protected":false},"featured_media":7022,"template":"","meta":{"_acf_changed":false},"product_brand":[],"product_cat":[728],"product_tag":[530,585],"class_list":{"0":"post-31965","1":"product","2":"type-product","3":"status-publish","4":"has-post-thumbnail","6":"product_cat-mugs","7":"product_tag-animaux","8":"product_tag-ceramique","9":"pa_motivo-dauphins","11":"first","12":"instock","13":"shipping-taxable","14":"product-type-simple"},"acf":[],"_links":{"self":[{"href":"https:\/\/olemosaic.com\/fr\/wp-json\/wp\/v2\/product\/31965","targetHints":{"allow":["GET"]}}],"collection":[{"href":"https:\/\/olemosaic.com\/fr\/wp-json\/wp\/v2\/product"}],"about":[{"href":"https:\/\/olemosaic.com\/fr\/wp-json\/wp\/v2\/types\/product"}],"wp:featuredmedia":[{"embeddable":true,"href":"https:\/\/olemosaic.com\/fr\/wp-json\/wp\/v2\/media\/7022"}],"wp:attachment":[{"href":"https:\/\/olemosaic.com\/fr\/wp-json\/wp\/v2\/media?parent=31965"}],"wp:term":[{"taxonomy":"product_brand","embeddable":true,"href":"https:\/\/olemosaic.com\/fr\/wp-json\/wp\/v2\/product_brand?post=31965"},{"taxonomy":"product_cat","embeddable":true,"href":"https:\/\/olemosaic.com\/fr\/wp-json\/wp\/v2\/product_cat?post=31965"},{"taxonomy":"product_tag","embeddable":true,"href":"https:\/\/olemosaic.com\/fr\/wp-json\/wp\/v2\/product_tag?post=31965"}],"curies":[{"name":"wp","href":"https:\/\/api.w.org\/{rel}","templated":true}]}}