{"id":31964,"date":"2025-02-20T23:33:48","date_gmt":"2025-02-20T22:33:48","guid":{"rendered":"http:\/\/olemosaic.com\/producto\/mug-de-ceramica-buho-barcelona-beige\/"},"modified":"2025-07-25T19:33:23","modified_gmt":"2025-07-25T17:33:23","slug":"mug-en-ceramique-hibou-barcelone-beige","status":"publish","type":"product","link":"https:\/\/olemosaic.com\/fr\/produit\/mug-en-ceramique-hibou-barcelone-beige\/","title":{"rendered":"Mug en c\u00e9ramique. Hibou. Barcelone. Beige."},"content":{"rendered":"<p>Ce mug en c\u00e9ramique avec un design de hibou est un souvenir charmant de la ville vibrante de Barcelone, id\u00e9al pour ceux qui veulent emporter un morceau de la culture catalane. Ce mug beige attrayant pr\u00e9sente une illustration color\u00e9e de deux hiboux dans un style mosa\u00efque, capturant l&rsquo;essence artistique qui caract\u00e9rise la ville. Avec des tons allant du jaune et bleu au rouge et vert, les hiboux apportent une touche visuelle captivante, surtout dans le contexte de la c\u00e9l\u00e8bre mosa\u00efque de Gaud\u00ed qui orne de nombreuses structures de Barcelone.<\/p>\n<p>D\u00e9cor\u00e9 de branches de feuilles vertes et du mot \u00ab\u00a0Barcelona\u00a0\u00bb dans un format joyeux et attrayant, ce mug n&rsquo;est pas seulement fonctionnel, il devient une pi\u00e8ce d\u00e9corative qui \u00e9voque la riche biodiversit\u00e9 et l&rsquo;art local. Son design comprend une cuill\u00e8re assortie, parfaite pour savourer vos boissons chaudes ou froides. Ce souvenir allie parfaitement utilit\u00e9 et esth\u00e9tique, ce qui en fait un excellent cadeau ou souvenir pour les touristes et les amoureux de la ville.<\/p>\n<p>Chez Ol\u00e9 Mosaic, nous sommes sp\u00e9cialis\u00e9s dans la distribution de souvenirs en gros, proposant des produits authentiques qui refl\u00e8tent la culture de leur origine. Ce mug hiboux est une excellente option pour les boutiques de cadeaux touristiques souhaitant offrir \u00e0 leurs clients une pi\u00e8ce repr\u00e9sentative de Barcelone. Avec nous, vous trouverez d&rsquo;authentiques souvenirs en c\u00e9ramique qui c\u00e9l\u00e8brent la riche tradition artistique de la r\u00e9gion, en faisant des options id\u00e9ales pour tout visiteur.<\/p>\n","protected":false},"excerpt":{"rendered":"<p>Mug en c\u00e9ramique avec design de hibou, inspir\u00e9 par la ville vibrante de Barcelone. Cette tasse beige attrayante pr\u00e9sente une illustration color\u00e9e de deux hiboux de style mosa\u00efque, avec des tons allant du jaune et bleu au rouge et vert, apportant une touche artistique. D\u00e9cor\u00e9e de branches de feuilles vertes et du mot \u00ab\u00a0Barcelona\u00a0\u00bb, c&rsquo;est un excellent souvenir qui allie fonctionnalit\u00e9 et design charmant. Comprend une cuill\u00e8re assortie, id\u00e9ale pour savourer vos boissons pr\u00e9f\u00e9r\u00e9es.<\/p>\n","protected":false},"featured_media":7210,"template":"","meta":{"_acf_changed":false},"product_brand":[],"product_cat":[728],"product_tag":[530,585],"class_list":{"0":"post-31964","1":"product","2":"type-product","3":"status-publish","4":"has-post-thumbnail","6":"product_cat-mugs","7":"product_tag-animaux","8":"product_tag-ceramique","9":"pa_ciudad-barcelona","10":"pa_motivo-hiboux","11":"pa_pais-espana","13":"first","14":"instock","15":"shipping-taxable","16":"product-type-simple"},"acf":[],"_links":{"self":[{"href":"https:\/\/olemosaic.com\/fr\/wp-json\/wp\/v2\/product\/31964","targetHints":{"allow":["GET"]}}],"collection":[{"href":"https:\/\/olemosaic.com\/fr\/wp-json\/wp\/v2\/product"}],"about":[{"href":"https:\/\/olemosaic.com\/fr\/wp-json\/wp\/v2\/types\/product"}],"wp:featuredmedia":[{"embeddable":true,"href":"https:\/\/olemosaic.com\/fr\/wp-json\/wp\/v2\/media\/7210"}],"wp:attachment":[{"href":"https:\/\/olemosaic.com\/fr\/wp-json\/wp\/v2\/media?parent=31964"}],"wp:term":[{"taxonomy":"product_brand","embeddable":true,"href":"https:\/\/olemosaic.com\/fr\/wp-json\/wp\/v2\/product_brand?post=31964"},{"taxonomy":"product_cat","embeddable":true,"href":"https:\/\/olemosaic.com\/fr\/wp-json\/wp\/v2\/product_cat?post=31964"},{"taxonomy":"product_tag","embeddable":true,"href":"https:\/\/olemosaic.com\/fr\/wp-json\/wp\/v2\/product_tag?post=31964"}],"curies":[{"name":"wp","href":"https:\/\/api.w.org\/{rel}","templated":true}]}}