{"id":31961,"date":"2025-02-20T23:33:47","date_gmt":"2025-02-20T22:33:47","guid":{"rendered":"http:\/\/olemosaic.com\/producto\/mug-de-ceramica-valencia-blanco-95-cm\/"},"modified":"2025-07-25T19:27:28","modified_gmt":"2025-07-25T17:27:28","slug":"mug-en-ceramique-valence-blanc-9-5-cm","status":"publish","type":"product","link":"https:\/\/olemosaic.com\/fr\/produit\/mug-en-ceramique-valence-blanc-9-5-cm\/","title":{"rendered":"Mug en c\u00e9ramique. Valence. Blanc. 9,5 cm."},"content":{"rendered":"<p>Cette tasse en c\u00e9ramique blanche est une repr\u00e9sentation parfaite de l&rsquo;h\u00e9ritage architectural moderne de Valence, con\u00e7ue pour ceux qui souhaitent emporter un morceau de cette ville vibrante. D&rsquo;une hauteur de 9,5 cm, sa forme \u00e9l\u00e9gante est compl\u00e9t\u00e9e par des illustrations de l&#8217;embl\u00e9matique complexe de la Cit\u00e9 des Arts et des Sciences, qui se distinguent par leurs d\u00e9tails dans des tons bleus et jaunes, \u00e9voquant le style contemporain dynamique qui caract\u00e9rise Valence. L&rsquo;int\u00e9rieur de la tasse, peint dans un bleu attrayant, cr\u00e9e un magnifique contraste avec le design ext\u00e9rieur, qui pr\u00e9sente des mosa\u00efques color\u00e9es \u00e9voquant la c\u00e9l\u00e8bre tradition artistique de la r\u00e9gion.<\/p>\n<p>Cette tasse n&rsquo;est pas seulement un accessoire fonctionnel pour savourer vos boissons pr\u00e9f\u00e9r\u00e9es, mais aussi un souvenir significatif qui c\u00e9l\u00e8bre la riche culture et l&rsquo;architecture de Valence. La combinaison de son design contemporain avec des \u00e9l\u00e9ments traditionnels fait de cette tasse un souvenir authentique de la ville, id\u00e9al pour les touristes \u00e0 la recherche de souvenirs repr\u00e9sentant l&rsquo;essence locale.<\/p>\n<p>Chez Ol\u00e9 Mosaic, nous sommes distributeurs de souvenirs en c\u00e9ramique, sp\u00e9cialis\u00e9s dans l&rsquo;offre de produits uniques en gros. Cette tasse en c\u00e9ramique est une option exceptionnelle pour les boutiques de cadeaux touristiques, apportant une touche d&rsquo;authenticit\u00e9 et de style contemporain qui ravira \u00e0 coup s\u00fbr les visiteurs souhaitant se souvenir de leur exp\u00e9rience dans la rayonnante Valence.<\/p>\n","protected":false},"excerpt":{"rendered":"<p>Tasse en c\u00e9ramique blanche inspir\u00e9e de l&rsquo;architecture moderne de Valence, d&rsquo;une hauteur de 9,5 cm. D\u00e9cor\u00e9e d&rsquo;illustrations de l&#8217;embl\u00e9matique complexe de la Cit\u00e9 des Arts et des Sciences, elle pr\u00e9sente des d\u00e9tails dans des tons bleus et jaunes qui rehaussent son design contemporain. L&rsquo;int\u00e9rieur de la tasse est bleu, compl\u00e9tant l&rsquo;ext\u00e9rieur o\u00f9 l&rsquo;on peut appr\u00e9cier des mosa\u00efques color\u00e9es \u00e9voquant le c\u00e9l\u00e8bre style artistique de la r\u00e9gion. Parfaite pour savourer vos boissons pr\u00e9f\u00e9r\u00e9es avec une touche du charme de Valence.<\/p>\n","protected":false},"featured_media":9876,"template":"","meta":{"_acf_changed":false},"product_brand":[],"product_cat":[728],"product_tag":[585],"class_list":{"0":"post-31961","1":"product","2":"type-product","3":"status-publish","4":"has-post-thumbnail","6":"product_cat-mugs","7":"product_tag-ceramique","8":"pa_ciudad-valencia","9":"pa_pais-espana","11":"first","12":"instock","13":"shipping-taxable","14":"product-type-simple"},"acf":[],"_links":{"self":[{"href":"https:\/\/olemosaic.com\/fr\/wp-json\/wp\/v2\/product\/31961","targetHints":{"allow":["GET"]}}],"collection":[{"href":"https:\/\/olemosaic.com\/fr\/wp-json\/wp\/v2\/product"}],"about":[{"href":"https:\/\/olemosaic.com\/fr\/wp-json\/wp\/v2\/types\/product"}],"wp:featuredmedia":[{"embeddable":true,"href":"https:\/\/olemosaic.com\/fr\/wp-json\/wp\/v2\/media\/9876"}],"wp:attachment":[{"href":"https:\/\/olemosaic.com\/fr\/wp-json\/wp\/v2\/media?parent=31961"}],"wp:term":[{"taxonomy":"product_brand","embeddable":true,"href":"https:\/\/olemosaic.com\/fr\/wp-json\/wp\/v2\/product_brand?post=31961"},{"taxonomy":"product_cat","embeddable":true,"href":"https:\/\/olemosaic.com\/fr\/wp-json\/wp\/v2\/product_cat?post=31961"},{"taxonomy":"product_tag","embeddable":true,"href":"https:\/\/olemosaic.com\/fr\/wp-json\/wp\/v2\/product_tag?post=31961"}],"curies":[{"name":"wp","href":"https:\/\/api.w.org\/{rel}","templated":true}]}}