{"id":31933,"date":"2025-02-20T23:33:47","date_gmt":"2025-02-20T22:33:47","guid":{"rendered":"http:\/\/olemosaic.com\/producto\/iman-de-metal-sagrada-familia-barcelona-plata-8-cm-10\/"},"modified":"2025-07-25T19:49:40","modified_gmt":"2025-07-25T17:49:40","slug":"aimant-en-metal-sagrada-familia-barcelone-argent-8-cm-fr-2","status":"publish","type":"product","link":"https:\/\/olemosaic.com\/fr\/produit\/aimant-en-metal-sagrada-familia-barcelone-argent-8-cm-fr-2\/","title":{"rendered":"Aimant en m\u00e9tal. Sagrada Familia. I \u2665 Barcelona. Barcelone. Argent. 8 cm."},"content":{"rendered":"<p>Ce magnifique aimant m\u00e9tallique de 8 cm pr\u00e9sente une illustration vibrante de la Sagrada Familia, l&rsquo;un des monuments les plus embl\u00e9matiques de Barcelone. Avec un design contemporain qui imite la beaut\u00e9 des vitraux, cet aimant capture l&rsquo;essence artistique de la c\u00e9l\u00e8bre basilique d&rsquo;Antoni Gaud\u00ed. Les tours et fa\u00e7ades color\u00e9es sont repr\u00e9sent\u00e9es dans des tons chauds et joyeux, cr\u00e9ant un attrait visuel qui attire l&rsquo;attention et \u00e9voque la singularit\u00e9 de ce chef-d&rsquo;\u0153uvre du modernisme catalan. De plus, la phrase \u00ab\u00a0I \u2665 Barcelona\u00a0\u00bb appara\u00eet en lettres stylis\u00e9es, garantissant que cet aimant ne soit pas seulement un souvenir fonctionnel, mais aussi une d\u00e9claration d&rsquo;amour pour la cit\u00e9 comtale.<\/p>\n<p>La Sagrada Familia, avec son architecture unique et sa longue histoire de construction, symbolise la cr\u00e9ativit\u00e9 et l&rsquo;esprit innovant de Barcelone, devenant une v\u00e9ritable ic\u00f4ne culturelle. Ce souvenir n&rsquo;est pas seulement un excellent moyen de se souvenir de votre visite dans cette ville vibrante pleine d&rsquo;art et de culture, mais c&rsquo;est aussi un cadeau parfait pour les touristes \u00e0 la recherche d&rsquo;un souvenir typique et authentique. Chez Ol\u00e9 Mosaic, nous sommes des distributeurs de souvenirs en gros, et cet aimant est id\u00e9al pour les magasins de cadeaux touristiques qui souhaitent proposer des produits de qualit\u00e9 li\u00e9s \u00e0 l&rsquo;histoire et \u00e0 la singularit\u00e9 de Barcelone. Ne manquez pas l&rsquo;occasion d&rsquo;inclure cet aimant de la Sagrada Familia dans votre offre de souvenirs.<\/p>\n","protected":false},"excerpt":{"rendered":"<p>Aimant m\u00e9tallique de 8 cm avec une illustration vibrante de la Sagrada Familia, l&rsquo;un des monuments les plus embl\u00e9matiques de Barcelone. Le design, color\u00e9 et contemporain, imite les vitraux et montre les tours et fa\u00e7ades caract\u00e9ristiques de la basilique dans des tons chauds et joyeux, compl\u00e9t\u00e9 par la phrase \u00ab\u00a0I \u2665 Barcelona\u00a0\u00bb en lettres stylis\u00e9es. Parfait pour se souvenir de votre visite dans cette ville pleine d&rsquo;art et d&rsquo;architecture.<\/p>\n","protected":false},"featured_media":13536,"template":"","meta":{"_acf_changed":false},"product_brand":[],"product_cat":[697],"product_tag":[],"class_list":{"0":"post-31933","1":"product","2":"type-product","3":"status-publish","4":"has-post-thumbnail","6":"product_cat-aimants","7":"pa_ciudad-barcelona","8":"pa_motivo-sagrada-familia","9":"pa_pais-espana","11":"first","12":"instock","13":"shipping-taxable","14":"product-type-simple"},"acf":[],"_links":{"self":[{"href":"https:\/\/olemosaic.com\/fr\/wp-json\/wp\/v2\/product\/31933","targetHints":{"allow":["GET"]}}],"collection":[{"href":"https:\/\/olemosaic.com\/fr\/wp-json\/wp\/v2\/product"}],"about":[{"href":"https:\/\/olemosaic.com\/fr\/wp-json\/wp\/v2\/types\/product"}],"wp:featuredmedia":[{"embeddable":true,"href":"https:\/\/olemosaic.com\/fr\/wp-json\/wp\/v2\/media\/13536"}],"wp:attachment":[{"href":"https:\/\/olemosaic.com\/fr\/wp-json\/wp\/v2\/media?parent=31933"}],"wp:term":[{"taxonomy":"product_brand","embeddable":true,"href":"https:\/\/olemosaic.com\/fr\/wp-json\/wp\/v2\/product_brand?post=31933"},{"taxonomy":"product_cat","embeddable":true,"href":"https:\/\/olemosaic.com\/fr\/wp-json\/wp\/v2\/product_cat?post=31933"},{"taxonomy":"product_tag","embeddable":true,"href":"https:\/\/olemosaic.com\/fr\/wp-json\/wp\/v2\/product_tag?post=31933"}],"curies":[{"name":"wp","href":"https:\/\/api.w.org\/{rel}","templated":true}]}}