{"id":31932,"date":"2025-02-20T22:33:47","date_gmt":"2025-02-20T22:33:47","guid":{"rendered":"http:\/\/olemosaic.com\/producto\/llavero-de-metal-bailaora-barcelona\/"},"modified":"2025-07-25T19:02:00","modified_gmt":"2025-07-25T17:02:00","slug":"porte-cles-en-metal-danseuse-flamenco-barcelone","status":"publish","type":"product","link":"https:\/\/olemosaic.com\/fr\/produit\/porte-cles-en-metal-danseuse-flamenco-barcelone\/","title":{"rendered":"Porte-cl\u00e9s en m\u00e9tal. Danseuse de flamenco. Barcelone."},"content":{"rendered":"<p>Ce porte-cl\u00e9s m\u00e9tallique repr\u00e9sente une danseuse de flamenco color\u00e9e, capturant l&rsquo;essence de la culture vibrante de Barcelone. Fabriqu\u00e9 en m\u00e9tal de haute qualit\u00e9, ce porte-cl\u00e9s se distingue par son design dynamique et plein de vie. La figure de la danseuse porte une robe d\u00e9cor\u00e9e de formes g\u00e9om\u00e9triques color\u00e9es, \u00e9voquant les chefs-d&rsquo;\u0153uvre du modernisme catalan, tandis qu&rsquo;un foulard sur la t\u00eate ajoute une touche traditionnelle et authentique. La danseuse se tient avec gr\u00e2ce, symbolisant le mouvement et la passion qui caract\u00e9risent le flamenco, un art profond\u00e9ment enracin\u00e9 dans la tradition espagnole.<\/p>\n<p>Le porte-cl\u00e9s comprend un texte imprim\u00e9 indiquant \u00ab\u00a0Barcelona\u00a0\u00bb, ce qui en fait un souvenir parfait de la richesse culturelle de la ville. Cet article n&rsquo;est pas seulement un accessoire pratique, mais aussi un symbole repr\u00e9sentatif du patrimoine artistique et folklorique de la Catalogne, id\u00e9al pour ceux qui souhaitent emporter un morceau de l&rsquo;authenticit\u00e9 locale.<\/p>\n<p>Chez Ol\u00e9 Mosaic, nous proposons des porte-cl\u00e9s m\u00e9talliques issus de la tradition culturelle, qui sont des souvenirs de Barcelone parfaits pour les touristes et un compl\u00e9ment indispensable pour tout magasin de cadeaux touristiques. En tant que distributeurs de souvenirs, nous garantissons la qualit\u00e9 et l&rsquo;originalit\u00e9 de chaque produit, id\u00e9al pour ceux qui recherchent des articles c\u00e9l\u00e9brant les racines culturelles et l&rsquo;essence de leur destination.<\/p>\n","protected":false},"excerpt":{"rendered":"<p>Porte-cl\u00e9s en m\u00e9tal avec le design d&rsquo;une danseuse de flamenco, un hommage vibrant \u00e0 la culture barcelonaise. Fabriqu\u00e9 en m\u00e9tal r\u00e9sistant, ce porte-cl\u00e9s se distingue par ses couleurs, avec une danseuse v\u00eatue d&rsquo;un costume aux formes g\u00e9om\u00e9triques pleines de vie et un foulard sur la t\u00eate. La figure, \u00e9l\u00e9gante et stylis\u00e9e, est compl\u00e9t\u00e9e par l&rsquo;inscription \u00ab\u00a0Barcelona\u00a0\u00bb, ce qui en fait un souvenir parfait de la riche tradition flamande et de l&rsquo;esprit de la ville.<\/p>\n","protected":false},"featured_media":6512,"template":"","meta":{"_acf_changed":false},"product_brand":[],"product_cat":[607],"product_tag":[],"class_list":{"0":"post-31932","1":"product","2":"type-product","3":"status-publish","4":"has-post-thumbnail","6":"product_cat-porte-cles","7":"pa_ciudad-barcelona","8":"pa_motivo-danseurs","9":"pa_pais-espana","11":"first","12":"instock","13":"shipping-taxable","14":"product-type-simple"},"acf":[],"_links":{"self":[{"href":"https:\/\/olemosaic.com\/fr\/wp-json\/wp\/v2\/product\/31932","targetHints":{"allow":["GET"]}}],"collection":[{"href":"https:\/\/olemosaic.com\/fr\/wp-json\/wp\/v2\/product"}],"about":[{"href":"https:\/\/olemosaic.com\/fr\/wp-json\/wp\/v2\/types\/product"}],"wp:featuredmedia":[{"embeddable":true,"href":"https:\/\/olemosaic.com\/fr\/wp-json\/wp\/v2\/media\/6512"}],"wp:attachment":[{"href":"https:\/\/olemosaic.com\/fr\/wp-json\/wp\/v2\/media?parent=31932"}],"wp:term":[{"taxonomy":"product_brand","embeddable":true,"href":"https:\/\/olemosaic.com\/fr\/wp-json\/wp\/v2\/product_brand?post=31932"},{"taxonomy":"product_cat","embeddable":true,"href":"https:\/\/olemosaic.com\/fr\/wp-json\/wp\/v2\/product_cat?post=31932"},{"taxonomy":"product_tag","embeddable":true,"href":"https:\/\/olemosaic.com\/fr\/wp-json\/wp\/v2\/product_tag?post=31932"}],"curies":[{"name":"wp","href":"https:\/\/api.w.org\/{rel}","templated":true}]}}