{"id":31930,"date":"2025-02-20T22:33:47","date_gmt":"2025-02-20T22:33:47","guid":{"rendered":"http:\/\/olemosaic.com\/producto\/llavero-de-metal-salamandra-barcelona\/"},"modified":"2025-07-25T20:44:19","modified_gmt":"2025-07-25T18:44:19","slug":"porte-cles-en-metal-salamandre-barcelone","status":"publish","type":"product","link":"https:\/\/olemosaic.com\/fr\/produit\/porte-cles-en-metal-salamandre-barcelone\/","title":{"rendered":"Porte-cl\u00e9s en m\u00e9tal. Salamandre. Barcelone."},"content":{"rendered":"<p>Ce porte-cl\u00e9s m\u00e9tallique en forme de salamandre est un souvenir vibrant qui capture l&rsquo;essence du modernisme barcelonais. Inspir\u00e9 par les \u0153uvres embl\u00e9matiques d&rsquo;Antoni Gaud\u00ed, cet accessoire frappant pr\u00e9sente un design \u00e9nergique dans une palette de couleurs comprenant des tons bleus, verts et jaunes, \u00e9voquant le c\u00e9l\u00e8bre trencad\u00eds qui orne de nombreux b\u00e2timents de la ville. La salamandre, figure repr\u00e9sentative de l&rsquo;art de Gaud\u00ed, est une pi\u00e8ce centrale de la mosa\u00efque, tandis que le mot \u00ab\u00a0Barcelona\u00a0\u00bb appara\u00eet \u00e9l\u00e9gamment inscrit en lettres cursives, ajoutant une touche distinctive et m\u00e9morable.<\/p>\n<p>Avec une finition m\u00e9tallique qui assure durabilit\u00e9 et un \u00e9clat attrayant, ce porte-cl\u00e9s n&rsquo;est pas seulement fonctionnel, mais aussi une pi\u00e8ce d&rsquo;art miniature. Parfait pour transporter vos cl\u00e9s avec un style unique, son attrait color\u00e9 en fait un choix id\u00e9al comme cadeau ou souvenir pour ceux qui cherchent \u00e0 capturer la magie de cette m\u00e9tropole embl\u00e9matique.<\/p>\n<p>Chez Ol\u00e9 Mosaic, nous comprenons l&rsquo;importance d&rsquo;offrir des souvenirs authentiques et repr\u00e9sentatifs des villes les plus embl\u00e9matiques. Ce porte-cl\u00e9s salamandre est un excellent choix pour les magasins de cadeaux touristiques \u00e0 la recherche de produits distinctifs li\u00e9s \u00e0 Barcelone. En tant que grossistes de souvenirs, nous garantissons la qualit\u00e9 et la pertinence culturelle de chacun de nos produits, faisant de ce porte-cl\u00e9s un article convoit\u00e9 tant par les touristes que par les amateurs d&rsquo;art moderne.<\/p>\n","protected":false},"excerpt":{"rendered":"<p>Porte-cl\u00e9s m\u00e9tallique en forme de salamandre, inspir\u00e9 de l&rsquo;architecture moderniste de Barcelone. Cet accessoire frappant pr\u00e9sente un design vibrant dans des tons bleus, verts et jaunes, simulant le trencad\u00eds caract\u00e9ristique de Gaud\u00ed, avec le mot \u00ab\u00a0Barcelona\u00a0\u00bb \u00e9crit en cursive. Parfait pour porter vos cl\u00e9s avec style, il \u00e9voque l&rsquo;essence color\u00e9e et artistique de la ville. Id\u00e9al comme souvenir ou cadeau pour les amoureux de cette m\u00e9tropole embl\u00e9matique.<\/p>\n","protected":false},"featured_media":6486,"template":"","meta":{"_acf_changed":false},"product_brand":[],"product_cat":[607],"product_tag":[530],"class_list":{"0":"post-31930","1":"product","2":"type-product","3":"status-publish","4":"has-post-thumbnail","6":"product_cat-porte-cles","7":"product_tag-animaux","8":"pa_ciudad-barcelona","9":"pa_motivo-salamandres","10":"pa_pais-espana","12":"first","13":"instock","14":"shipping-taxable","15":"product-type-simple"},"acf":[],"_links":{"self":[{"href":"https:\/\/olemosaic.com\/fr\/wp-json\/wp\/v2\/product\/31930","targetHints":{"allow":["GET"]}}],"collection":[{"href":"https:\/\/olemosaic.com\/fr\/wp-json\/wp\/v2\/product"}],"about":[{"href":"https:\/\/olemosaic.com\/fr\/wp-json\/wp\/v2\/types\/product"}],"wp:featuredmedia":[{"embeddable":true,"href":"https:\/\/olemosaic.com\/fr\/wp-json\/wp\/v2\/media\/6486"}],"wp:attachment":[{"href":"https:\/\/olemosaic.com\/fr\/wp-json\/wp\/v2\/media?parent=31930"}],"wp:term":[{"taxonomy":"product_brand","embeddable":true,"href":"https:\/\/olemosaic.com\/fr\/wp-json\/wp\/v2\/product_brand?post=31930"},{"taxonomy":"product_cat","embeddable":true,"href":"https:\/\/olemosaic.com\/fr\/wp-json\/wp\/v2\/product_cat?post=31930"},{"taxonomy":"product_tag","embeddable":true,"href":"https:\/\/olemosaic.com\/fr\/wp-json\/wp\/v2\/product_tag?post=31930"}],"curies":[{"name":"wp","href":"https:\/\/api.w.org\/{rel}","templated":true}]}}