{"id":31918,"date":"2025-02-20T22:33:46","date_gmt":"2025-02-20T22:33:46","guid":{"rendered":"http:\/\/olemosaic.com\/producto\/llavero-de-metal-salamandra-mallorca\/"},"modified":"2025-07-25T19:56:59","modified_gmt":"2025-07-25T17:56:59","slug":"porte-cles-metal-salamandre-majorque","status":"publish","type":"product","link":"https:\/\/olemosaic.com\/fr\/produit\/porte-cles-metal-salamandre-majorque\/","title":{"rendered":"Porte-cl\u00e9s en m\u00e9tal. Salamandre. Majorque."},"content":{"rendered":"<p>Ce porte-cl\u00e9s m\u00e9tallique en forme de salamandre est un charmant souvenir de Majorque qui capture l&rsquo;essence vibrante de la faune des Bal\u00e9ares. Son design artistique, inspir\u00e9 de la tradition de la mosa\u00efque, pr\u00e9sente une explosion de couleurs avec des tons verts, rouges, bleus et jaunes, \u00e9voquant la riche biodiversit\u00e9 de l&rsquo;\u00eele. La figure de la salamandre, connue pour \u00eatre un symbole de chance dans de nombreuses cultures, est \u00e9l\u00e9gamment d\u00e9tour\u00e9e et porte le mot \u00ab\u00a0Mallorca\u00a0\u00bb grav\u00e9 sur son corps, ce qui ajoute une touche distinctive et personnelle \u00e0 ce produit.<\/p>\n<p>Le porte-cl\u00e9s est l\u00e9ger et durable gr\u00e2ce \u00e0 son mat\u00e9riau m\u00e9tallique, ce qui garantit que vous pouvez emporter cette belle repr\u00e9sentation culturelle o\u00f9 vous le souhaitez. Son design ne sert pas seulement de support pratique pour les cl\u00e9s, mais agit \u00e9galement comme un rappel constant de la diversit\u00e9 et de la beaut\u00e9 de Majorque, en faisant un excellent choix pour les touristes \u00e0 la recherche de souvenirs authentiques et repr\u00e9sentatifs de leur exp\u00e9rience sur l&rsquo;\u00eele.<\/p>\n<p>Chez Ol\u00e9 Mosaic, nous sommes sp\u00e9cialistes de la distribution de souvenirs en gros et proposons des produits qui mettent en avant l&rsquo;authenticit\u00e9 et la valeur culturelle de chaque r\u00e9gion. Ce porte-cl\u00e9s salamandre est une option id\u00e9ale pour les boutiques de cadeaux touristiques \u00e0 la recherche de produits de qualit\u00e9 et d&rsquo;un design attrayant, assurant la satisfaction de leurs clients avec des souvenirs de Majorque qui durent dans le temps.<\/p>\n","protected":false},"excerpt":{"rendered":"<p>Porte-cl\u00e9s m\u00e9tallique en forme de salamandre, inspir\u00e9 du folklore majorquin. Ce porte-cl\u00e9s color\u00e9 pr\u00e9sente un design de mosa\u00efque vibrant avec des tons verts, rouges, bleus et jaunes, \u00e9voquant la faune locale. La salamandre arbore le mot \u00ab\u00a0Mallorca\u00a0\u00bb grav\u00e9 sur son corps, ce qui lui donne une touche distinctive. Parfait comme souvenir, ce porte-cl\u00e9s combine fonctionnalit\u00e9 et design artistique repr\u00e9sentant la culture des Bal\u00e9ares.<\/p>\n","protected":false},"featured_media":6487,"template":"","meta":{"_acf_changed":false},"product_brand":[],"product_cat":[607],"product_tag":[530],"class_list":{"0":"post-31918","1":"product","2":"type-product","3":"status-publish","4":"has-post-thumbnail","6":"product_cat-porte-cles","7":"product_tag-animaux","8":"pa_ciudad-mallorca","9":"pa_motivo-salamandres","10":"pa_pais-espana","12":"first","13":"instock","14":"shipping-taxable","15":"product-type-simple"},"acf":[],"_links":{"self":[{"href":"https:\/\/olemosaic.com\/fr\/wp-json\/wp\/v2\/product\/31918","targetHints":{"allow":["GET"]}}],"collection":[{"href":"https:\/\/olemosaic.com\/fr\/wp-json\/wp\/v2\/product"}],"about":[{"href":"https:\/\/olemosaic.com\/fr\/wp-json\/wp\/v2\/types\/product"}],"wp:featuredmedia":[{"embeddable":true,"href":"https:\/\/olemosaic.com\/fr\/wp-json\/wp\/v2\/media\/6487"}],"wp:attachment":[{"href":"https:\/\/olemosaic.com\/fr\/wp-json\/wp\/v2\/media?parent=31918"}],"wp:term":[{"taxonomy":"product_brand","embeddable":true,"href":"https:\/\/olemosaic.com\/fr\/wp-json\/wp\/v2\/product_brand?post=31918"},{"taxonomy":"product_cat","embeddable":true,"href":"https:\/\/olemosaic.com\/fr\/wp-json\/wp\/v2\/product_cat?post=31918"},{"taxonomy":"product_tag","embeddable":true,"href":"https:\/\/olemosaic.com\/fr\/wp-json\/wp\/v2\/product_tag?post=31918"}],"curies":[{"name":"wp","href":"https:\/\/api.w.org\/{rel}","templated":true}]}}