{"id":31913,"date":"2025-02-20T22:33:45","date_gmt":"2025-02-20T22:33:45","guid":{"rendered":"http:\/\/olemosaic.com\/producto\/llavero-de-metal-mariposa\/"},"modified":"2025-07-25T19:59:06","modified_gmt":"2025-07-25T17:59:06","slug":"porte-cles-en-metal-papillon","status":"publish","type":"product","link":"https:\/\/olemosaic.com\/fr\/produit\/porte-cles-en-metal-papillon\/","title":{"rendered":"Porte-cl\u00e9s en m\u00e9tal. Papillon."},"content":{"rendered":"<p>Ce porte-cl\u00e9s m\u00e9tallique, avec son design d\u00e9licat de papillon, est une pi\u00e8ce charmante qui c\u00e9l\u00e8bre la beaut\u00e9 de la nature et la richesse culturelle de l&rsquo;Espagne. Sa structure m\u00e9tallique, avec une finition en \u00e9mail vibrant, combine des tons brillants de vert, rouge, jaune et bleu, capturant l&rsquo;essence de la faune locale et \u00e9voquant la joie de la vie en plein air. Le design, qui souligne l&rsquo;\u00e9l\u00e9gance du papillon, semble \u00eatre en mouvement, invitant l&rsquo;observateur \u00e0 appr\u00e9cier la diversit\u00e9 des couleurs qui ornent les paysages espagnols.<\/p>\n<p>Chaque d\u00e9tail de ce porte-cl\u00e9s est une repr\u00e9sentation artistique qui refl\u00e8te l&rsquo;authenticit\u00e9 des souvenirs espagnols. Sa durabilit\u00e9 garantit qu&rsquo;il sera un souvenir durable, permettant aux touristes d&#8217;emporter un petit morceau de la culture espagnole partout. Ce porte-cl\u00e9s, en plus d&rsquo;\u00eatre fonctionnel, agit comme un symbole de la beaut\u00e9 naturelle qui caract\u00e9rise l&rsquo;Espagne, devenant un excellent cadeau pour ceux qui recherchent un souvenir repr\u00e9sentatif. Chez Ol\u00e9 Mosaic, en tant que distributeurs de souvenirs en gros, nous proposons des produits qui captivent et se distinguent par leur qualit\u00e9 et leur design. Ce porte-cl\u00e9s papillon est parfait pour les boutiques de cadeaux touristiques souhaitant offrir des produits qui c\u00e9l\u00e8brent l&rsquo;authenticit\u00e9 et la richesse culturelle de l&rsquo;Espagne.<\/p>\n","protected":false},"excerpt":{"rendered":"<p>Porte-cl\u00e9s m\u00e9tallique avec un design d\u00e9licat de papillon, id\u00e9al pour les amoureux de la nature et de la culture espagnole. Le porte-cl\u00e9s, avec une finition en \u00e9mail color\u00e9, se distingue par une vari\u00e9t\u00e9 de tons brillants tels que le vert, le rouge, le jaune et le bleu, capturant l&rsquo;essence vibrante de la faune locale. Sa structure m\u00e9tallique apporte durabilit\u00e9 et une touche moderne attrayante, en faisant un souvenir parfait qui \u00e9voque la beaut\u00e9 de la vie en plein air.<\/p>\n","protected":false},"featured_media":6707,"template":"","meta":{"_acf_changed":false},"product_brand":[],"product_cat":[607],"product_tag":[530],"class_list":{"0":"post-31913","1":"product","2":"type-product","3":"status-publish","4":"has-post-thumbnail","6":"product_cat-porte-cles","7":"product_tag-animaux","8":"pa_motivo-papillons","10":"first","11":"instock","12":"shipping-taxable","13":"product-type-simple"},"acf":[],"_links":{"self":[{"href":"https:\/\/olemosaic.com\/fr\/wp-json\/wp\/v2\/product\/31913","targetHints":{"allow":["GET"]}}],"collection":[{"href":"https:\/\/olemosaic.com\/fr\/wp-json\/wp\/v2\/product"}],"about":[{"href":"https:\/\/olemosaic.com\/fr\/wp-json\/wp\/v2\/types\/product"}],"wp:featuredmedia":[{"embeddable":true,"href":"https:\/\/olemosaic.com\/fr\/wp-json\/wp\/v2\/media\/6707"}],"wp:attachment":[{"href":"https:\/\/olemosaic.com\/fr\/wp-json\/wp\/v2\/media?parent=31913"}],"wp:term":[{"taxonomy":"product_brand","embeddable":true,"href":"https:\/\/olemosaic.com\/fr\/wp-json\/wp\/v2\/product_brand?post=31913"},{"taxonomy":"product_cat","embeddable":true,"href":"https:\/\/olemosaic.com\/fr\/wp-json\/wp\/v2\/product_cat?post=31913"},{"taxonomy":"product_tag","embeddable":true,"href":"https:\/\/olemosaic.com\/fr\/wp-json\/wp\/v2\/product_tag?post=31913"}],"curies":[{"name":"wp","href":"https:\/\/api.w.org\/{rel}","templated":true}]}}