{"id":31912,"date":"2025-02-20T22:33:45","date_gmt":"2025-02-20T22:33:45","guid":{"rendered":"http:\/\/olemosaic.com\/producto\/llavero-de-metal-bailaora-rojo\/"},"modified":"2025-07-25T18:57:16","modified_gmt":"2025-07-25T16:57:16","slug":"porte-cles-en-metal-danseuse-flamenco-rouge","status":"publish","type":"product","link":"https:\/\/olemosaic.com\/fr\/produit\/porte-cles-en-metal-danseuse-flamenco-rouge\/","title":{"rendered":"Porte-cl\u00e9s en m\u00e9tal. Danseuse de flamenco. Rouge."},"content":{"rendered":"<p>Ce porte-cl\u00e9s m\u00e9tallique au design d&rsquo;une danseuse de flamenco est une pi\u00e8ce frappante qui symbolise la riche tradition espagnole. La figure repr\u00e9sente une danseuse v\u00eatue d&rsquo;une robe rouge vibrante orn\u00e9e de pois blancs, \u00e9voquant l&rsquo;\u00e9nergie et la passion du flamenco. Dans sa main, elle tient un \u00e9ventail multicolore, \u00e9l\u00e9ment essentiel des danses flamencas, qui refl\u00e8te la joie et le dynamisme du folklore espagnol. L&rsquo;inscription \u00ab Espa\u00f1a \u00bb \u00e0 la base du porte-cl\u00e9s rehausse sa valeur en tant que souvenir, en faisant un excellent rappel de votre visite dans ce beau pays.<\/p>\n<p>La finition d\u00e9taill\u00e9e de ce porte-cl\u00e9s n&rsquo;en fait pas seulement un accessoire pratique pour porter les cl\u00e9s, mais aussi un objet de d\u00e9coration attrayant. Avec son design unique, c&rsquo;est le cadeau parfait pour ceux qui recherchent une repr\u00e9sentation authentique de la culture andalouse. Chez Ol\u00e9 Mosaic, nous nous sp\u00e9cialisons dans la distribution de souvenirs en gros, et ce porte-cl\u00e9s de danseuse de flamenco est une excellente option pour les boutiques de cadeaux touristiques souhaitant proposer des produits qui capturent l&rsquo;essence de l&rsquo;Espagne. Avec son m\u00e9lange de fonctionnalit\u00e9 et d&rsquo;esth\u00e9tique, ce porte-cl\u00e9s se positionne comme un article indispensable pour tout amateur de la culture espagnole.<\/p>\n","protected":false},"excerpt":{"rendered":"<p>Porte-cl\u00e9s m\u00e9tallique au design d&rsquo;une danseuse de flamenco, symbolisant la tradition espagnole. Ce magnifique porte-cl\u00e9s montre la danseuse avec une robe rouge vibrante \u00e0 pois blancs et un \u00e9ventail multicolore frappant \u00e0 la main. La figure se distingue par sa finition d\u00e9taill\u00e9e et l&rsquo;inscription \u00ab\u00a0Espa\u00f1a\u00a0\u00bb, fusionnant la culture flamenca avec une pi\u00e8ce pratique et attrayante pour emporter toujours avec soi un morceau d&rsquo;Espagne.<\/p>\n","protected":false},"featured_media":6508,"template":"","meta":{"_acf_changed":false},"product_brand":[],"product_cat":[607],"product_tag":[],"class_list":{"0":"post-31912","1":"product","2":"type-product","3":"status-publish","4":"has-post-thumbnail","6":"product_cat-porte-cles","7":"pa_motivo-danseurs","9":"first","10":"instock","11":"shipping-taxable","12":"product-type-simple"},"acf":[],"_links":{"self":[{"href":"https:\/\/olemosaic.com\/fr\/wp-json\/wp\/v2\/product\/31912","targetHints":{"allow":["GET"]}}],"collection":[{"href":"https:\/\/olemosaic.com\/fr\/wp-json\/wp\/v2\/product"}],"about":[{"href":"https:\/\/olemosaic.com\/fr\/wp-json\/wp\/v2\/types\/product"}],"wp:featuredmedia":[{"embeddable":true,"href":"https:\/\/olemosaic.com\/fr\/wp-json\/wp\/v2\/media\/6508"}],"wp:attachment":[{"href":"https:\/\/olemosaic.com\/fr\/wp-json\/wp\/v2\/media?parent=31912"}],"wp:term":[{"taxonomy":"product_brand","embeddable":true,"href":"https:\/\/olemosaic.com\/fr\/wp-json\/wp\/v2\/product_brand?post=31912"},{"taxonomy":"product_cat","embeddable":true,"href":"https:\/\/olemosaic.com\/fr\/wp-json\/wp\/v2\/product_cat?post=31912"},{"taxonomy":"product_tag","embeddable":true,"href":"https:\/\/olemosaic.com\/fr\/wp-json\/wp\/v2\/product_tag?post=31912"}],"curies":[{"name":"wp","href":"https:\/\/api.w.org\/{rel}","templated":true}]}}