{"id":31910,"date":"2025-02-20T22:33:45","date_gmt":"2025-02-20T22:33:45","guid":{"rendered":"http:\/\/olemosaic.com\/producto\/llavero-de-metal-toro-barcelona\/"},"modified":"2025-07-25T18:40:32","modified_gmt":"2025-07-25T16:40:32","slug":"porte-cles-en-metal-taureau-barcelone","status":"publish","type":"product","link":"https:\/\/olemosaic.com\/fr\/produit\/porte-cles-en-metal-taureau-barcelone\/","title":{"rendered":"Porte-cl\u00e9s en m\u00e9tal. Taureau. Barcelone."},"content":{"rendered":"<p>Ce porte-cl\u00e9s m\u00e9tallique au design de taureau est un souvenir embl\u00e9matique qui capture l&rsquo;essence de la culture espagnole, repr\u00e9sentant la connexion unique de Barcelone avec le folklore du pays. Le porte-cl\u00e9s affiche une mosa\u00efque vibrante dans une riche palette de couleurs, avec des tons bleus, rouges, jaunes et verts qui apportent un caract\u00e8re joyeux et attrayant au design. La forme du taureau, avec un contour bien d\u00e9fini, souligne son importance dans la tradition espagnole, symbole de force et de courage. Dans la partie sup\u00e9rieure, le mot \u00ab\u00a0Barcelona\u00a0\u00bb appara\u00eet imprim\u00e9 avec un style moderne qui ajoute une touche contemporaine, faisant de ce porte-cl\u00e9s un souvenir distinctif et repr\u00e9sentatif de la ville.<\/p>\n<p>Ce porte-cl\u00e9s n&rsquo;est pas seulement une pi\u00e8ce d\u00e9corative, mais un souvenir fonctionnel qui permet aux touristes d&#8217;emporter un morceau de Barcelone toujours avec eux. De plus, il refl\u00e8te le riche h\u00e9ritage culturel de la r\u00e9gion, o\u00f9 le taureau a traditionnellement \u00e9t\u00e9 un symbole de l&rsquo;identit\u00e9 espagnole, pr\u00e9sent dans les festivals et les \u00e9v\u00e9nements culturels. Chez Ol\u00e9 Mosaic, nous nous sp\u00e9cialisons dans la distribution de souvenirs en gros, et ce porte-cl\u00e9s taureau de Barcelone est une excellente option pour les boutiques de cadeaux touristiques cherchant \u00e0 proposer des produits authentiques et accrocheurs. En tant que grossistes de souvenirs, nous garantissons un design original et attrayant qui ravira vos clients et leur rappellera leur visite dans cette ville vibrante.<\/p>\n","protected":false},"excerpt":{"rendered":"<p>Porte-cl\u00e9s en m\u00e9tal au design de taureau, inspir\u00e9 de la culture espagnole et repr\u00e9sentant la connexion embl\u00e9matique de Barcelone avec le folklore du pays. Ce porte-cl\u00e9s attrayant pr\u00e9sente une mosa\u00efque color\u00e9e aux tons vibrants comme le bleu, le rouge, le jaune et le vert, avec un contour frappant qui souligne la forme du taureau. Le mot \u00ab\u00a0Barcelona\u00a0\u00bb est imprim\u00e9 de mani\u00e8re stylis\u00e9e sur la partie sup\u00e9rieure, ce qui fait de ce souvenir un rappel parfait et distinctif de la ville.<\/p>\n","protected":false},"featured_media":6522,"template":"","meta":{"_acf_changed":false},"product_brand":[],"product_cat":[607],"product_tag":[530],"class_list":{"0":"post-31910","1":"product","2":"type-product","3":"status-publish","4":"has-post-thumbnail","6":"product_cat-porte-cles","7":"product_tag-animaux","8":"pa_ciudad-barcelona","9":"pa_motivo-taureaux","10":"pa_pais-espana","12":"first","13":"instock","14":"shipping-taxable","15":"product-type-simple"},"acf":[],"_links":{"self":[{"href":"https:\/\/olemosaic.com\/fr\/wp-json\/wp\/v2\/product\/31910","targetHints":{"allow":["GET"]}}],"collection":[{"href":"https:\/\/olemosaic.com\/fr\/wp-json\/wp\/v2\/product"}],"about":[{"href":"https:\/\/olemosaic.com\/fr\/wp-json\/wp\/v2\/types\/product"}],"wp:featuredmedia":[{"embeddable":true,"href":"https:\/\/olemosaic.com\/fr\/wp-json\/wp\/v2\/media\/6522"}],"wp:attachment":[{"href":"https:\/\/olemosaic.com\/fr\/wp-json\/wp\/v2\/media?parent=31910"}],"wp:term":[{"taxonomy":"product_brand","embeddable":true,"href":"https:\/\/olemosaic.com\/fr\/wp-json\/wp\/v2\/product_brand?post=31910"},{"taxonomy":"product_cat","embeddable":true,"href":"https:\/\/olemosaic.com\/fr\/wp-json\/wp\/v2\/product_cat?post=31910"},{"taxonomy":"product_tag","embeddable":true,"href":"https:\/\/olemosaic.com\/fr\/wp-json\/wp\/v2\/product_tag?post=31910"}],"curies":[{"name":"wp","href":"https:\/\/api.w.org\/{rel}","templated":true}]}}